{"id":17993,"date":"2025-04-10T12:05:44","date_gmt":"2025-04-10T10:05:44","guid":{"rendered":"https:\/\/myspainfood.com\/producto\/manzanilla-punjena-krastavcem-38-kg-kimbitos\/"},"modified":"2025-04-10T12:05:44","modified_gmt":"2025-04-10T10:05:44","slug":"manzanilla-punjena-krastavcem-38-kg-kimbitos","status":"publish","type":"product","link":"https:\/\/myspainfood.com\/hr\/producto\/manzanilla-punjena-krastavcem-38-kg-kimbitos\/","title":{"rendered":"Manzanilla punjena krastavcem 3,8 kg Kimbitos"},"content":{"rendered":"<p>Punjeni krastavac manzanilla 3,8 kg Kimbitos je predjelo u kojem nalazimo tradicionalne masline <a href=\"https:\/\/www.laencajera.es\/encurtidos-de-almagro\" target=\"_blank\" rel=\"noopener noreferrer nofollow\">manzanilla<\/a> punjene kiselim krastavcima.<\/p>\n<p>Idealan prilog tradicionalnim jelima.<\/p>\n<p>Kimbitos je naziv koji u nekim dijelovima \u0160panjolske poznajemo za masline Manzanilla bez ko\u0161tica s ukiseljenim kiselim krastavcima.<\/p>\n<p>Ru\u010dno je izra\u0111en za izradu ovog spoja.<\/p>\n<h3>Prednosti punjenog krastavca od kamilice 3,8 kg Kimbitos<\/h3>\n<p>Jeste li znali za brojne blagodati ovih maslina? Imaju veliku mo\u0107 kada je u pitanju sprje\u010davanje bolesti srca i krvo\u017eilnog sustava op\u0107enito. <\/p>\n<p>To je zbog visokog sadr\u017eaja nezasi\u0107enih masti. Osim toga, to je namirnica koja sadr\u017ei puno \u017eeljeza i vlakana te je vrlo zasitna, \u0161to je \u010dini savr\u0161enom grickalicom. <\/p>\n<p>Ako \u017eelite kupiti masline ili bilo koju drugu vrstu <a href=\"https:\/\/latiendadesami.com\/categoria-producto\/encurtidos\/\" rel=\"noopener noreferrer nofollow\" target=\"_blank\">ukiseljenog proizvoda<\/a> , slobodno pregledajte cijeli na\u0161 online katalog kako biste vidjeli \u0161irok izbor <a href=\"https:\/\/latiendadesami.com\/categoria-producto\/encurtidos\/aceitunas\/\" target=\"_blank\" rel=\"noopener noreferrer nofollow\">maslina<\/a> koje imamo.<\/p>\n<p>Podrijetlo: Kastilja la Mancha.<\/p>\n<p>Sastojci: Masline, kiseli krastavci, voda, sol, regulator kiselosti (E-330), konzervansi (E211, E-202, E-260), poja\u010diva\u010d okusa (E-621, E-631, E-627), antioksidansi (E-300) i prirodne arome. Mo\u017ee sadr\u017eavati tragove sulfita. <\/p>\n<h3>Nutritivne informacije<\/h3>\n<p>Energija 132 kcal\/ 553 kj Masti 13,4 g od kojih zasi\u0107ene 1,7 g Ugljikohidrati 0,8 g od kojih \u0161e\u0107eri 0,09 g Dijetalna vlakna 0,5 g Bjelan\u010devine 2,6 g Sol 2,0 g<\/p>\n","protected":false},"excerpt":{"rendered":"<p>Punjeni krastavac manzanilla 3,8 kg Kimbitos je predjelo u kojem nalazimo tradicionalne masline manzanilla punjene kiselim krastavcima. Idealan prilog tradicionalnim jelima. Kimbitos je naziv koji u nekim dijelovima \u0160panjolske poznajemo za masline Manzanilla bez ko\u0161tica s ukiseljenim kiselim krastavcima. Ru\u010dno je izra\u0111en za izradu ovog spoja. Prednosti punjenog krastavca od kamilice 3,8 kg Kimbitos Jeste [&hellip;]<\/p>\n","protected":false},"featured_media":17995,"template":"","meta":{"_et_pb_use_builder":"","_et_pb_old_content":"","_et_gb_content_width":""},"product_brand":[],"product_cat":[1988,1791,1792],"product_tag":[1989],"class_list":{"0":"post-17993","1":"product","2":"type-product","3":"status-publish","4":"has-post-thumbnail","6":"product_cat-kiseli-krastavci-hr","7":"product_cat-kiseli-krastavci","8":"product_cat-masline-hr","9":"product_tag-kimbo-hr","11":"first","12":"instock","13":"taxable","14":"shipping-taxable","15":"purchasable","16":"product-type-simple"},"_links":{"self":[{"href":"https:\/\/myspainfood.com\/hr\/wp-json\/wp\/v2\/product\/17993","targetHints":{"allow":["GET"]}}],"collection":[{"href":"https:\/\/myspainfood.com\/hr\/wp-json\/wp\/v2\/product"}],"about":[{"href":"https:\/\/myspainfood.com\/hr\/wp-json\/wp\/v2\/types\/product"}],"wp:featuredmedia":[{"embeddable":true,"href":"https:\/\/myspainfood.com\/hr\/wp-json\/wp\/v2\/media\/17995"}],"wp:attachment":[{"href":"https:\/\/myspainfood.com\/hr\/wp-json\/wp\/v2\/media?parent=17993"}],"wp:term":[{"taxonomy":"product_brand","embeddable":true,"href":"https:\/\/myspainfood.com\/hr\/wp-json\/wp\/v2\/product_brand?post=17993"},{"taxonomy":"product_cat","embeddable":true,"href":"https:\/\/myspainfood.com\/hr\/wp-json\/wp\/v2\/product_cat?post=17993"},{"taxonomy":"product_tag","embeddable":true,"href":"https:\/\/myspainfood.com\/hr\/wp-json\/wp\/v2\/product_tag?post=17993"}],"curies":[{"name":"wp","href":"https:\/\/api.w.org\/{rel}","templated":true}]}}