{"id":18094,"date":"2025-04-10T12:10:57","date_gmt":"2025-04-10T10:10:57","guid":{"rendered":"https:\/\/myspainfood.com\/producto\/masline-aguedo-chupadedos-2-kg-neto-tezine\/"},"modified":"2025-04-10T12:10:57","modified_gmt":"2025-04-10T10:10:57","slug":"masline-aguedo-chupadedos-2-kg-neto-tezine","status":"publish","type":"product","link":"https:\/\/myspainfood.com\/hr\/producto\/masline-aguedo-chupadedos-2-kg-neto-tezine\/","title":{"rendered":"Masline Aguedo Chupadedos 2 kg neto te\u017eine"},"content":{"rendered":"<div>\n<p>U ACEITUNAS AGUEDO jam\u010dimo izvrsnost na\u0161ih proizvoda, kombiniraju\u0107i tradiciju i nove tehnologije. Nudimo profesionalnost stalno rastu\u0107eg obiteljskog poduze\u0107a, s zadovoljstvom kupaca kao na\u0161im jedinim ciljem. <\/p>\n<p>Nadziremo sve proizvodne procese od po\u010detka do kraja, samo na taj na\u010din mo\u017eemo dobiti MAKSIMALNE proizvode<\/p>\n<\/div>\n<div class=\"leo_camara_desc\">Na\u0161im kupcima nudimo najzdraviji i najprirodniji me\u0111uobrok, s nepogre\u0161ivim okusom i najvi\u0161om kvalitetom.<\/div>\n","protected":false},"excerpt":{"rendered":"<p>U ACEITUNAS AGUEDO jam\u010dimo izvrsnost na\u0161ih proizvoda, kombiniraju\u0107i tradiciju i nove tehnologije. Nudimo profesionalnost stalno rastu\u0107eg obiteljskog poduze\u0107a, s zadovoljstvom kupaca kao na\u0161im jedinim ciljem. Nadziremo sve proizvodne procese od po\u010detka do kraja, samo na taj na\u010din mo\u017eemo dobiti MAKSIMALNE proizvode Na\u0161im kupcima nudimo najzdraviji i najprirodniji me\u0111uobrok, s nepogre\u0161ivim okusom i najvi\u0161om kvalitetom.<\/p>\n","protected":false},"featured_media":18096,"template":"","meta":{"_et_pb_use_builder":"","_et_pb_old_content":"","_et_gb_content_width":""},"product_brand":[1397],"product_cat":[1791,1792],"product_tag":[2036],"class_list":{"0":"post-18094","1":"product","2":"type-product","3":"status-publish","4":"has-post-thumbnail","6":"product_brand-aguedo","7":"product_cat-kiseli-krastavci","8":"product_cat-masline-hr","9":"product_tag-kamilica","11":"first","12":"outofstock","13":"taxable","14":"shipping-taxable","15":"purchasable","16":"product-type-simple"},"_links":{"self":[{"href":"https:\/\/myspainfood.com\/hr\/wp-json\/wp\/v2\/product\/18094","targetHints":{"allow":["GET"]}}],"collection":[{"href":"https:\/\/myspainfood.com\/hr\/wp-json\/wp\/v2\/product"}],"about":[{"href":"https:\/\/myspainfood.com\/hr\/wp-json\/wp\/v2\/types\/product"}],"wp:featuredmedia":[{"embeddable":true,"href":"https:\/\/myspainfood.com\/hr\/wp-json\/wp\/v2\/media\/18096"}],"wp:attachment":[{"href":"https:\/\/myspainfood.com\/hr\/wp-json\/wp\/v2\/media?parent=18094"}],"wp:term":[{"taxonomy":"product_brand","embeddable":true,"href":"https:\/\/myspainfood.com\/hr\/wp-json\/wp\/v2\/product_brand?post=18094"},{"taxonomy":"product_cat","embeddable":true,"href":"https:\/\/myspainfood.com\/hr\/wp-json\/wp\/v2\/product_cat?post=18094"},{"taxonomy":"product_tag","embeddable":true,"href":"https:\/\/myspainfood.com\/hr\/wp-json\/wp\/v2\/product_tag?post=18094"}],"curies":[{"name":"wp","href":"https:\/\/api.w.org\/{rel}","templated":true}]}}