{"id":18139,"date":"2025-04-10T12:05:43","date_gmt":"2025-04-10T10:05:43","guid":{"rendered":"https:\/\/myspainfood.com\/producto\/zacinjeni-krastavci-banderillas-38-kg\/"},"modified":"2025-04-10T12:05:43","modified_gmt":"2025-04-10T10:05:43","slug":"zacinjeni-krastavci-banderillas-38-kg","status":"publish","type":"product","link":"https:\/\/myspainfood.com\/hr\/producto\/zacinjeni-krastavci-banderillas-38-kg\/","title":{"rendered":"Za\u010dinjeni krastavci Banderillas 3,8 kg"},"content":{"rendered":"<p>S Almagrovim ljutim cijelim krastavcima Banderillas od 3,8 kg mo\u017eete u\u017eivati \u200b\u200bu nekoliko <a href=\"https:\/\/www.laencajera.es\/encurtidos-de-almagro\" target=\"_blank\" rel=\"noopener noreferrer nofollow\">kiselih krastavaca<\/a> odjednom.<\/p>\n<p>S osvje\u017eavaju\u0107im i laganim okusom, na\u0161e banderille mo\u017eete u\u017eivati \u200b\u200bizme\u0111u obroka ili na dru\u017eenjima s prijateljima.<\/p>\n<p>U\u017eivajte u za\u010dinima u jednom zalogaju s ovim ljutim cijelim krastavcem Banderillas od 3,8 kg. Podrijetlom je iz Kastilje la Manche. <\/p>\n<p>Sastojci: Luk 21-23, crvena paprika, masline (veli\u010dina je predvi\u0111ena od 200-320), cijeli kiseli krastav\u010di\u0107i veli\u010dine 60-80, \u010dili piparra, voda, sol i plasti\u010dni espad\u00edn, poja\u010diva\u010d okusa (E-621, E-627), regulator kiselosti E-330, antioksidans E-300, konzervansi (E-211, E-202, E-270, E-260). Sadr\u017ei sulfite.<\/p>\n<p>Uvjeti skladi\u0161tenja:<\/p>\n<p>\u010cuvati na hladnom i suhom mjestu, izme\u0111u 3\u00baC i 10\u00baC. Dr\u017eati dalje od sun\u010deve svjetlosti i jakih mirisa. <\/p>\n<p>Nakon otvaranja, posudu \u010duvajte u hladnjaku i konzumirajte unutar 30 dana.<\/p>\n<p>Ako \u017eelite kupiti masline ili bilo koju drugu vrstu <a href=\"https:\/\/latiendadesami.com\/categoria-producto\/encurtidos\/\" rel=\"noopener noreferrer nofollow\" target=\"_blank\">ukiseljenog proizvoda<\/a> , slobodno pogledajte cijeli na\u0161 online katalog kako biste vidjeli \u0161irok izbor <a href=\"https:\/\/latiendadesami.com\/categoria-producto\/encurtidos\/berenjenas\/\" target=\"_blank\" rel=\"noopener noreferrer nofollow\">patlid\u017eana<\/a> koje imamo.<\/p>\n<p>Brend je La Encajonera, obiteljski posao osnovan 1990. godine, smje\u0161ten u srcu La Manche, u gradu ALMAGRO, u pokrajini Ciudad Real.<\/p>\n<p>Proizvodni proces njihovih proizvoda zapo\u010dinje u istom podru\u010dju uzgoja, odabiru\u0107i proizvode najvi\u0161e kvalitete.<\/p>\n<p>Tvornica je opremljena najnaprednijom tehnologijom, a istovremeno odr\u017eava tradiciju i stru\u010dnost svojih obrtnika.<\/p>\n","protected":false},"excerpt":{"rendered":"<p>S Almagrovim ljutim cijelim krastavcima Banderillas od 3,8 kg mo\u017eete u\u017eivati \u200b\u200bu nekoliko kiselih krastavaca odjednom. S osvje\u017eavaju\u0107im i laganim okusom, na\u0161e banderille mo\u017eete u\u017eivati \u200b\u200bizme\u0111u obroka ili na dru\u017eenjima s prijateljima. U\u017eivajte u za\u010dinima u jednom zalogaju s ovim ljutim cijelim krastavcem Banderillas od 3,8 kg. Podrijetlom je iz Kastilje la Manche. Sastojci: Luk [&hellip;]<\/p>\n","protected":false},"featured_media":18143,"template":"","meta":{"_et_pb_use_builder":"","_et_pb_old_content":"","_et_gb_content_width":""},"product_brand":[],"product_cat":[2057,1791,1988],"product_tag":[2017,2060],"class_list":{"0":"post-18139","1":"product","2":"type-product","3":"status-publish","4":"has-post-thumbnail","6":"product_cat-banderille","7":"product_cat-kiseli-krastavci","8":"product_cat-kiseli-krastavci-hr","9":"product_tag-kiseli-krastavac","10":"product_tag-ljutkasto","12":"first","13":"instock","14":"taxable","15":"shipping-taxable","16":"purchasable","17":"product-type-simple"},"_links":{"self":[{"href":"https:\/\/myspainfood.com\/hr\/wp-json\/wp\/v2\/product\/18139","targetHints":{"allow":["GET"]}}],"collection":[{"href":"https:\/\/myspainfood.com\/hr\/wp-json\/wp\/v2\/product"}],"about":[{"href":"https:\/\/myspainfood.com\/hr\/wp-json\/wp\/v2\/types\/product"}],"wp:featuredmedia":[{"embeddable":true,"href":"https:\/\/myspainfood.com\/hr\/wp-json\/wp\/v2\/media\/18143"}],"wp:attachment":[{"href":"https:\/\/myspainfood.com\/hr\/wp-json\/wp\/v2\/media?parent=18139"}],"wp:term":[{"taxonomy":"product_brand","embeddable":true,"href":"https:\/\/myspainfood.com\/hr\/wp-json\/wp\/v2\/product_brand?post=18139"},{"taxonomy":"product_cat","embeddable":true,"href":"https:\/\/myspainfood.com\/hr\/wp-json\/wp\/v2\/product_cat?post=18139"},{"taxonomy":"product_tag","embeddable":true,"href":"https:\/\/myspainfood.com\/hr\/wp-json\/wp\/v2\/product_tag?post=18139"}],"curies":[{"name":"wp","href":"https:\/\/api.w.org\/{rel}","templated":true}]}}