{"id":18185,"date":"2025-04-10T12:05:34","date_gmt":"2025-04-10T10:05:34","guid":{"rendered":"https:\/\/myspainfood.com\/producto\/patlidzan-20-25-komada-s-preljevom-45-kg\/"},"modified":"2025-04-10T12:05:34","modified_gmt":"2025-04-10T10:05:34","slug":"patlidzan-20-25-komada-s-preljevom-45-kg","status":"publish","type":"product","link":"https:\/\/myspainfood.com\/hr\/producto\/patlidzan-20-25-komada-s-preljevom-45-kg\/","title":{"rendered":"Patlid\u017ean 20\/25 komada s preljevom 4,5 kg"},"content":{"rendered":"<p>Za\u010dinjeni patlid\u017ean od 4,5 kg idealno je <a href=\"https:\/\/www.laencajera.es\/berenjenas-de-almagro\" target=\"_blank\" rel=\"noopener noreferrer nofollow\">predjelo<\/a> .<\/p>\n<p>Tako\u0111er se koristi kao prilog salatama.<\/p>\n<p>Isti\u010du se po svom preljevu: voda, vinski ocat, maslinovo ulje, paprika iz La Vere, sol, kumin i \u010de\u0161njak.<\/p>\n<p>Za\u010dinjeni patlid\u017eani od 4,5 kg izvorno potje\u010du iz Castilla la Manche u \u0160panjolskoj.<\/p>\n<p>Sastojci: Patlid\u017ean &#8220;De Almagro&#8221;, voda, sol, vinski ocat, prirodni za\u010dini (\u010de\u0161njak, kumin, paprika, maslinovo ulje), poja\u010diva\u010d okusa (E-621), sredstva za zakiseljavanje (E-330), konzervansi (E-270, E-211, E-202, E-223), antioksidans (E-300) i prirodne arome.<\/p>\n<p>\u010cuvati na hladnom i suhom mjestu, izme\u0111u 3\u00baC i 10\u00baC. Dr\u017eati dalje od sun\u010deve svjetlosti i jakih mirisa. <\/p>\n<p>Nakon otvaranja, posudu \u010duvajte u hladnjaku i konzumirajte unutar 30 dana.<\/p>\n<p>Ako \u017eelite kupiti masline ili bilo koju drugu vrstu <a href=\"https:\/\/latiendadesami.com\/categoria-producto\/encurtidos\/\" rel=\"noopener noreferrer nofollow\" target=\"_blank\">ukiseljenog proizvoda<\/a> , slobodno pogledajte cijeli na\u0161 online katalog kako biste vidjeli \u0161irok izbor <a href=\"https:\/\/latiendadesami.com\/categoria-producto\/encurtidos\/berenjenas\/\" target=\"_blank\" rel=\"noopener noreferrer nofollow\">patlid\u017eana<\/a> koje imamo.<\/p>\n<p>Brend je La Encajonera, obiteljski posao osnovan 1990. godine, smje\u0161ten u srcu La Manche, u gradu ALMAGRO, u pokrajini Ciudad Real.<\/p>\n<p>Proizvodni proces njihovih proizvoda zapo\u010dinje u istom podru\u010dju uzgoja, odabiru\u0107i proizvode najvi\u0161e kvalitete.<\/p>\n<p>Tvornica je opremljena najnaprednijom tehnologijom, a istovremeno odr\u017eava tradiciju i stru\u010dnost svojih obrtnika.<\/p>\n","protected":false},"excerpt":{"rendered":"<p>Za\u010dinjeni patlid\u017ean od 4,5 kg idealno je predjelo . Tako\u0111er se koristi kao prilog salatama. Isti\u010du se po svom preljevu: voda, vinski ocat, maslinovo ulje, paprika iz La Vere, sol, kumin i \u010de\u0161njak. Za\u010dinjeni patlid\u017eani od 4,5 kg izvorno potje\u010du iz Castilla la Manche u \u0160panjolskoj. Sastojci: Patlid\u017ean &#8220;De Almagro&#8221;, voda, sol, vinski ocat, prirodni [&hellip;]<\/p>\n","protected":false},"featured_media":18189,"template":"","meta":{"_et_pb_use_builder":"","_et_pb_old_content":"","_et_gb_content_width":""},"product_brand":[],"product_cat":[1791,2102],"product_tag":[2103],"class_list":{"0":"post-18185","1":"product","2":"type-product","3":"status-publish","4":"has-post-thumbnail","6":"product_cat-kiseli-krastavci","7":"product_cat-patlidzani","8":"product_tag-odjeven-a","10":"first","11":"instock","12":"taxable","13":"shipping-taxable","14":"purchasable","15":"product-type-simple"},"_links":{"self":[{"href":"https:\/\/myspainfood.com\/hr\/wp-json\/wp\/v2\/product\/18185","targetHints":{"allow":["GET"]}}],"collection":[{"href":"https:\/\/myspainfood.com\/hr\/wp-json\/wp\/v2\/product"}],"about":[{"href":"https:\/\/myspainfood.com\/hr\/wp-json\/wp\/v2\/types\/product"}],"wp:featuredmedia":[{"embeddable":true,"href":"https:\/\/myspainfood.com\/hr\/wp-json\/wp\/v2\/media\/18189"}],"wp:attachment":[{"href":"https:\/\/myspainfood.com\/hr\/wp-json\/wp\/v2\/media?parent=18185"}],"wp:term":[{"taxonomy":"product_brand","embeddable":true,"href":"https:\/\/myspainfood.com\/hr\/wp-json\/wp\/v2\/product_brand?post=18185"},{"taxonomy":"product_cat","embeddable":true,"href":"https:\/\/myspainfood.com\/hr\/wp-json\/wp\/v2\/product_cat?post=18185"},{"taxonomy":"product_tag","embeddable":true,"href":"https:\/\/myspainfood.com\/hr\/wp-json\/wp\/v2\/product_tag?post=18185"}],"curies":[{"name":"wp","href":"https:\/\/api.w.org\/{rel}","templated":true}]}}