{"id":18241,"date":"2025-04-10T12:05:35","date_gmt":"2025-04-10T10:05:35","guid":{"rendered":"https:\/\/myspainfood.com\/producto\/gordal-masline-punjene-patlidzanom-45-kg\/"},"modified":"2025-04-10T12:05:35","modified_gmt":"2025-04-10T10:05:35","slug":"gordal-masline-punjene-patlidzanom-45-kg","status":"publish","type":"product","link":"https:\/\/myspainfood.com\/hr\/producto\/gordal-masline-punjene-patlidzanom-45-kg\/","title":{"rendered":"Gordal masline punjene patlid\u017eanom 4,5 kg"},"content":{"rendered":"<p>Gordal masline punjene patlid\u017eanom sorte Gordal punjene na\u0161im tradicionalnim Almagro <a href=\"https:\/\/www.laencajera.es\/aceitunas\" target=\"_blank\" rel=\"noopener noreferrer nofollow\">patlid\u017eanima<\/a> .<\/p>\n<p>Jedna od naj\u010de\u0161\u0107e konzumiranih sorti. Idealni su kao predjelo. <\/p>\n<p>Sastojci: NTES: Gordal masline bez ko\u0161tica, &#8220;De Almagro&#8221; patlid\u017ean, voda, sol, vinski ocat, mljeveni kumin, paprika iz La Vere, origano, poja\u010diva\u010d okusa (E-621, E-631, E-627), sredstvo za kiseljenje (E-330), konzervansi (E-260, E-211, E-202), Antioksidans (E-300) i prirodne esencije (esencija papra, esencija \u010de\u0161njaka, esencija kumina). Mo\u017ee sadr\u017eavati sulfite. <\/p>\n<p>\u010cuvati na hladnom i suhom mjestu, izme\u0111u 3\u00baC i 10\u00baC.<\/p>\n<p>Dr\u017eati dalje od sun\u010deve svjetlosti i jakih mirisa.<\/p>\n<p>Gordal masline punjene patlid\u017eanom: Nakon otvaranja \u010duvati u hladnjaku i potro\u0161iti unutar 30 dana.<\/p>\n<p>Ako \u017eelite kupiti masline ili bilo koju drugu vrstu <a href=\"https:\/\/latiendadesami.com\/categoria-producto\/encurtidos\/\" rel=\"noopener noreferrer nofollow\" target=\"_blank\">ukiseljenog proizvoda<\/a> , slobodno pogledajte cijeli na\u0161 online katalog kako biste vidjeli \u0161irok izbor <a href=\"https:\/\/latiendadesami.com\/categoria-producto\/encurtidos\/berenjenas\/\" target=\"_blank\" rel=\"noopener noreferrer nofollow\">patlid\u017eana<\/a> koje imamo.<\/p>\n<p>Brend je La Encajonera, obiteljski posao osnovan 1990. godine, smje\u0161ten u srcu La Manche, u gradu ALMAGRO, u pokrajini Ciudad Real.<\/p>\n<p>Proizvodni proces njihovih proizvoda zapo\u010dinje u istom podru\u010dju uzgoja, odabiru\u0107i proizvode najvi\u0161e kvalitete.<\/p>\n<p>Tvornica je opremljena najnaprednijom tehnologijom, a istovremeno odr\u017eava tradiciju i stru\u010dnost svojih obrtnika.<\/p>\n","protected":false},"excerpt":{"rendered":"<p>Gordal masline punjene patlid\u017eanom sorte Gordal punjene na\u0161im tradicionalnim Almagro patlid\u017eanima . Jedna od naj\u010de\u0161\u0107e konzumiranih sorti. Idealni su kao predjelo. Sastojci: NTES: Gordal masline bez ko\u0161tica, &#8220;De Almagro&#8221; patlid\u017ean, voda, sol, vinski ocat, mljeveni kumin, paprika iz La Vere, origano, poja\u010diva\u010d okusa (E-621, E-631, E-627), sredstvo za kiseljenje (E-330), konzervansi (E-260, E-211, E-202), Antioksidans [&hellip;]<\/p>\n","protected":false},"featured_media":18242,"template":"","meta":{"_et_pb_use_builder":"","_et_pb_old_content":"","_et_gb_content_width":""},"product_brand":[],"product_cat":[1791,1792],"product_tag":[2143,2142],"class_list":{"0":"post-18241","1":"product","2":"type-product","3":"status-publish","4":"has-post-thumbnail","6":"product_cat-kiseli-krastavci","7":"product_cat-masline-hr","8":"product_tag-ispuni","9":"product_tag-patlidzan","11":"first","12":"instock","13":"taxable","14":"shipping-taxable","15":"purchasable","16":"product-type-simple"},"_links":{"self":[{"href":"https:\/\/myspainfood.com\/hr\/wp-json\/wp\/v2\/product\/18241","targetHints":{"allow":["GET"]}}],"collection":[{"href":"https:\/\/myspainfood.com\/hr\/wp-json\/wp\/v2\/product"}],"about":[{"href":"https:\/\/myspainfood.com\/hr\/wp-json\/wp\/v2\/types\/product"}],"wp:featuredmedia":[{"embeddable":true,"href":"https:\/\/myspainfood.com\/hr\/wp-json\/wp\/v2\/media\/18242"}],"wp:attachment":[{"href":"https:\/\/myspainfood.com\/hr\/wp-json\/wp\/v2\/media?parent=18241"}],"wp:term":[{"taxonomy":"product_brand","embeddable":true,"href":"https:\/\/myspainfood.com\/hr\/wp-json\/wp\/v2\/product_brand?post=18241"},{"taxonomy":"product_cat","embeddable":true,"href":"https:\/\/myspainfood.com\/hr\/wp-json\/wp\/v2\/product_cat?post=18241"},{"taxonomy":"product_tag","embeddable":true,"href":"https:\/\/myspainfood.com\/hr\/wp-json\/wp\/v2\/product_tag?post=18241"}],"curies":[{"name":"wp","href":"https:\/\/api.w.org\/{rel}","templated":true}]}}