{"id":18330,"date":"2025-04-10T12:09:16","date_gmt":"2025-04-10T10:09:16","guid":{"rendered":"https:\/\/myspainfood.com\/producto\/masline-manzanilla-s-okusom-incuna-140-160-5-kg-ocijedene\/"},"modified":"2025-04-10T12:09:16","modified_gmt":"2025-04-10T10:09:16","slug":"masline-manzanilla-s-okusom-incuna-140-160-5-kg-ocijedene","status":"publish","type":"product","link":"https:\/\/myspainfood.com\/hr\/producto\/masline-manzanilla-s-okusom-incuna-140-160-5-kg-ocijedene\/","title":{"rendered":"Masline Manzanilla s okusom in\u0107una 140-160 5 kg ocije\u0111ene"},"content":{"rendered":"<p>Maslina Manzanila s okusom in\u0107una najpopularnija je na tr\u017ei\u0161tu. Visoko cijenjeni zbog svog finog okusa. Uglavnom se koristi kao stolne masline. \u017du\u0107kastozelene boje, bez ko\u0161tica i blagog okusa. \u0160iroko se koristi kao aperitiv i kao predjelo. Dio je recepata poput pizza, salata ili slo\u017eenijih jela.     <\/p>\n<p>Sastojci: Masline, Voda, Sol, Regulator kiselosti (E-330), Konzervansi<\/p>\n<p>(E-211, E-202, E-270) Antioksidans (E-300)<\/p>\n<p>Mo\u017ee sadr\u017eavati sulfite.<\/p>\n<p>\u010cuvati na hladnom i suhom mjestu, izme\u0111u 3\u00baC i 10\u00baC.<\/p>\n<p>Dr\u017eati dalje od sun\u010deve svjetlosti i jakih mirisa.<\/p>\n<p>Ako \u017eelite kupiti masline ili bilo koju drugu vrstu <a href=\"https:\/\/latiendadesami.com\/categoria-producto\/encurtidos\/\" rel=\"noopener noreferrer nofollow\" target=\"_blank\">ukiseljenog proizvoda<\/a> , slobodno pogledajte cijeli na\u0161 online katalog kako biste vidjeli \u0161irok izbor <a href=\"https:\/\/latiendadesami.com\/categoria-producto\/encurtidos\/berenjenas\/\" target=\"_blank\" rel=\"noopener noreferrer nofollow\">patlid\u017eana<\/a> koje imamo.<\/p>\n<p>Brend je La Encajera, obiteljski posao osnovan 1990. godine, smje\u0161ten u srcu La Manche, u gradu ALMAGRO, u pokrajini Ciudad Real.<\/p>\n<p>Proizvodni proces njihovih proizvoda zapo\u010dinje u istom podru\u010dju uzgoja, odabiru\u0107i proizvode najvi\u0161e kvalitete.<\/p>\n<p>Tvornica je opremljena najnaprednijom tehnologijom, a istovremeno odr\u017eava tradiciju i stru\u010dnost svojih obrtnika.<\/p>\n","protected":false},"excerpt":{"rendered":"<p>Maslina Manzanila s okusom in\u0107una najpopularnija je na tr\u017ei\u0161tu. Visoko cijenjeni zbog svog finog okusa. Uglavnom se koristi kao stolne masline. \u017du\u0107kastozelene boje, bez ko\u0161tica i blagog okusa. \u0160iroko se koristi kao aperitiv i kao predjelo. Dio je recepata poput pizza, salata ili slo\u017eenijih jela. Sastojci: Masline, Voda, Sol, Regulator kiselosti (E-330), Konzervansi (E-211, E-202, [&hellip;]<\/p>\n","protected":false},"featured_media":18335,"template":"","meta":{"_et_pb_use_builder":"","_et_pb_old_content":"","_et_gb_content_width":""},"product_brand":[],"product_cat":[1791,1792],"product_tag":[2143,2142],"class_list":{"0":"post-18330","1":"product","2":"type-product","3":"status-publish","4":"has-post-thumbnail","6":"product_cat-kiseli-krastavci","7":"product_cat-masline-hr","8":"product_tag-ispuni","9":"product_tag-patlidzan","11":"first","12":"instock","13":"taxable","14":"shipping-taxable","15":"purchasable","16":"product-type-simple"},"_links":{"self":[{"href":"https:\/\/myspainfood.com\/hr\/wp-json\/wp\/v2\/product\/18330","targetHints":{"allow":["GET"]}}],"collection":[{"href":"https:\/\/myspainfood.com\/hr\/wp-json\/wp\/v2\/product"}],"about":[{"href":"https:\/\/myspainfood.com\/hr\/wp-json\/wp\/v2\/types\/product"}],"wp:featuredmedia":[{"embeddable":true,"href":"https:\/\/myspainfood.com\/hr\/wp-json\/wp\/v2\/media\/18335"}],"wp:attachment":[{"href":"https:\/\/myspainfood.com\/hr\/wp-json\/wp\/v2\/media?parent=18330"}],"wp:term":[{"taxonomy":"product_brand","embeddable":true,"href":"https:\/\/myspainfood.com\/hr\/wp-json\/wp\/v2\/product_brand?post=18330"},{"taxonomy":"product_cat","embeddable":true,"href":"https:\/\/myspainfood.com\/hr\/wp-json\/wp\/v2\/product_cat?post=18330"},{"taxonomy":"product_tag","embeddable":true,"href":"https:\/\/myspainfood.com\/hr\/wp-json\/wp\/v2\/product_tag?post=18330"}],"curies":[{"name":"wp","href":"https:\/\/api.w.org\/{rel}","templated":true}]}}