{"id":18709,"date":"2025-04-10T12:16:51","date_gmt":"2025-04-10T10:16:51","guid":{"rendered":"https:\/\/myspainfood.com\/producto\/lot-1f-filet-incuna-u-ulju-filet-incuna-u-octu-zacinjeni-filet-incuna-cesnjak-i-persin-nasjeckajte-i-nasjeckajte\/"},"modified":"2026-01-13T13:54:35","modified_gmt":"2026-01-13T12:54:35","slug":"lot-1f-filet-incuna-u-ulju-filet-incuna-u-octu-zacinjeni-filet-incuna-cesnjak-i-persin-nasjeckajte-i-nasjeckajte","status":"publish","type":"product","link":"https:\/\/myspainfood.com\/hr\/producto\/lot-1f-filet-incuna-u-ulju-filet-incuna-u-octu-zacinjeni-filet-incuna-cesnjak-i-persin-nasjeckajte-i-nasjeckajte\/","title":{"rendered":"Lot 1F Filet in\u0107una u ulju \u2013 Filet in\u0107una u octu \u2013 Za\u010dinjeni filet in\u0107una (\u010de\u0161njak i per\u0161in) Nasjeckajte i nasjeckajte"},"content":{"rendered":"<p>SADR\u017dAJ:<\/p>\n<ul>\n<li>Filet in\u0107una u ulju:<\/li>\n<\/ul>\n<p>Pladanj od 200 g: 3 jedinice<\/p>\n<ul>\n<li>Filet in\u0107una u octu:<\/li>\n<\/ul>\n<p>Pladanj od 200 g: 3 jedinice<\/p>\n<ul>\n<li>Za\u010dinjeni file in\u0107una (\u010de\u0161njak i per\u0161in):<\/li>\n<\/ul>\n<p>Pladanj od 200 g: 3 jedinice<\/p>\n","protected":false},"excerpt":{"rendered":"<p>SADR\u017dAJ: Filet in\u0107una u ulju: Pladanj od 200 g: 3 jedinice Filet in\u0107una u octu: Pladanj od 200 g: 3 jedinice Za\u010dinjeni file in\u0107una (\u010de\u0161njak i per\u0161in): Pladanj od 200 g: 3 jedinice<\/p>\n","protected":false},"featured_media":18711,"template":"","meta":{"_et_pb_use_builder":"","_et_pb_old_content":"","_et_gb_content_width":""},"product_brand":[1127],"product_cat":[1876,1898],"product_tag":[],"class_list":{"0":"post-18709","1":"product","2":"type-product","3":"status-publish","4":"has-post-thumbnail","6":"product_brand-picarpicar","7":"product_cat-hladno-hr","8":"product_cat-incuni-hr","9":"product_shipping_class-hladna-dostava","11":"first","12":"outofstock","13":"taxable","14":"shipping-taxable","15":"purchasable","16":"product-type-simple"},"_links":{"self":[{"href":"https:\/\/myspainfood.com\/hr\/wp-json\/wp\/v2\/product\/18709","targetHints":{"allow":["GET"]}}],"collection":[{"href":"https:\/\/myspainfood.com\/hr\/wp-json\/wp\/v2\/product"}],"about":[{"href":"https:\/\/myspainfood.com\/hr\/wp-json\/wp\/v2\/types\/product"}],"wp:featuredmedia":[{"embeddable":true,"href":"https:\/\/myspainfood.com\/hr\/wp-json\/wp\/v2\/media\/18711"}],"wp:attachment":[{"href":"https:\/\/myspainfood.com\/hr\/wp-json\/wp\/v2\/media?parent=18709"}],"wp:term":[{"taxonomy":"product_brand","embeddable":true,"href":"https:\/\/myspainfood.com\/hr\/wp-json\/wp\/v2\/product_brand?post=18709"},{"taxonomy":"product_cat","embeddable":true,"href":"https:\/\/myspainfood.com\/hr\/wp-json\/wp\/v2\/product_cat?post=18709"},{"taxonomy":"product_tag","embeddable":true,"href":"https:\/\/myspainfood.com\/hr\/wp-json\/wp\/v2\/product_tag?post=18709"}],"curies":[{"name":"wp","href":"https:\/\/api.w.org\/{rel}","templated":true}]}}