{"id":18772,"date":"2025-04-10T12:16:50","date_gmt":"2025-04-10T10:16:50","guid":{"rendered":"https:\/\/myspainfood.com\/producto\/lot-3a-kantabrijski-file-incuna-zacinjeni-file-incuna-cesnjak-i-persin-chop-chop\/"},"modified":"2026-01-13T13:51:34","modified_gmt":"2026-01-13T12:51:34","slug":"lot-3a-kantabrijski-file-incuna-zacinjeni-file-incuna-cesnjak-i-persin-chop-chop","status":"publish","type":"product","link":"https:\/\/myspainfood.com\/hr\/producto\/lot-3a-kantabrijski-file-incuna-zacinjeni-file-incuna-cesnjak-i-persin-chop-chop\/","title":{"rendered":"Lot 3A Kantabrijski file in\u0107una \u2013 za\u010dinjeni file in\u0107una \u2013 (\u010de\u0161njak i per\u0161in) Chop &amp; Chop"},"content":{"rendered":"<p>SADR\u017dAJ:<\/p>\n<ul>\n<li>Filet in\u0107una:<\/li>\n<\/ul>\n<p>Trostruko pakiranje: 3 jedinice<\/p>\n<ul>\n<li>File kantabrijske in\u0107une:<\/li>\n<\/ul>\n<p>Pladanj 120 gr: 2 jedinice<\/p>\n<ul>\n<li>Za\u010dinjeni file in\u0107una (\u010de\u0161njak i per\u0161in):<\/li>\n<\/ul>\n<p>Kutija od 700 g: 1 jedinica<\/p>\n<p>Gurmanski proizvod.<\/p>\n","protected":false},"excerpt":{"rendered":"<p>SADR\u017dAJ: Filet in\u0107una: Trostruko pakiranje: 3 jedinice File kantabrijske in\u0107une: Pladanj 120 gr: 2 jedinice Za\u010dinjeni file in\u0107una (\u010de\u0161njak i per\u0161in): Kutija od 700 g: 1 jedinica Gurmanski proizvod.<\/p>\n","protected":false},"featured_media":18774,"template":"","meta":{"_et_pb_use_builder":"","_et_pb_old_content":"","_et_gb_content_width":""},"product_brand":[1127],"product_cat":[1876,1898],"product_tag":[],"class_list":{"0":"post-18772","1":"product","2":"type-product","3":"status-publish","4":"has-post-thumbnail","6":"product_brand-picarpicar","7":"product_cat-hladno-hr","8":"product_cat-incuni-hr","9":"product_shipping_class-hladna-dostava","11":"first","12":"outofstock","13":"taxable","14":"shipping-taxable","15":"purchasable","16":"product-type-simple"},"_links":{"self":[{"href":"https:\/\/myspainfood.com\/hr\/wp-json\/wp\/v2\/product\/18772","targetHints":{"allow":["GET"]}}],"collection":[{"href":"https:\/\/myspainfood.com\/hr\/wp-json\/wp\/v2\/product"}],"about":[{"href":"https:\/\/myspainfood.com\/hr\/wp-json\/wp\/v2\/types\/product"}],"wp:featuredmedia":[{"embeddable":true,"href":"https:\/\/myspainfood.com\/hr\/wp-json\/wp\/v2\/media\/18774"}],"wp:attachment":[{"href":"https:\/\/myspainfood.com\/hr\/wp-json\/wp\/v2\/media?parent=18772"}],"wp:term":[{"taxonomy":"product_brand","embeddable":true,"href":"https:\/\/myspainfood.com\/hr\/wp-json\/wp\/v2\/product_brand?post=18772"},{"taxonomy":"product_cat","embeddable":true,"href":"https:\/\/myspainfood.com\/hr\/wp-json\/wp\/v2\/product_cat?post=18772"},{"taxonomy":"product_tag","embeddable":true,"href":"https:\/\/myspainfood.com\/hr\/wp-json\/wp\/v2\/product_tag?post=18772"}],"curies":[{"name":"wp","href":"https:\/\/api.w.org\/{rel}","templated":true}]}}