{"id":18816,"date":"2025-04-10T12:16:50","date_gmt":"2025-04-10T10:16:50","guid":{"rendered":"https:\/\/myspainfood.com\/producto\/lot-3b-chop-chop\/"},"modified":"2026-01-13T13:53:18","modified_gmt":"2026-01-13T12:53:18","slug":"lot-3b-chop-chop","status":"publish","type":"product","link":"https:\/\/myspainfood.com\/hr\/producto\/lot-3b-chop-chop\/","title":{"rendered":"Lot 3B Chop &amp; Chop"},"content":{"rendered":"<p>SADR\u017dAJ:<\/p>\n<ul>\n<li>File kantabrijske in\u0107une:<\/li>\n<\/ul>\n<p>Kutija od 300 g: 1 jedinica<\/p>\n<ul>\n<li>Filet in\u0107una u ulju:<\/li>\n<\/ul>\n<p>Pladanj od 200 g: 1 jedinica<\/p>\n<ul>\n<li>Filet in\u0107una u octu:<\/li>\n<\/ul>\n<p>Pladanj od 200 g: 1 jedinica<\/p>\n<ul>\n<li>Za\u010dinjeni file in\u0107una (\u010de\u0161njak i per\u0161in):<\/li>\n<\/ul>\n<p>Pladanj od 200 g: 1 jedinica<\/p>\n","protected":false},"excerpt":{"rendered":"<p>SADR\u017dAJ: File kantabrijske in\u0107une: Kutija od 300 g: 1 jedinica Filet in\u0107una u ulju: Pladanj od 200 g: 1 jedinica Filet in\u0107una u octu: Pladanj od 200 g: 1 jedinica Za\u010dinjeni file in\u0107una (\u010de\u0161njak i per\u0161in): Pladanj od 200 g: 1 jedinica<\/p>\n","protected":false},"featured_media":18818,"template":"","meta":{"_et_pb_use_builder":"","_et_pb_old_content":"","_et_gb_content_width":""},"product_brand":[1127],"product_cat":[1876,1898],"product_tag":[],"class_list":{"0":"post-18816","1":"product","2":"type-product","3":"status-publish","4":"has-post-thumbnail","6":"product_brand-picarpicar","7":"product_cat-hladno-hr","8":"product_cat-incuni-hr","9":"product_shipping_class-hladna-dostava","11":"first","12":"outofstock","13":"taxable","14":"shipping-taxable","15":"purchasable","16":"product-type-simple"},"_links":{"self":[{"href":"https:\/\/myspainfood.com\/hr\/wp-json\/wp\/v2\/product\/18816","targetHints":{"allow":["GET"]}}],"collection":[{"href":"https:\/\/myspainfood.com\/hr\/wp-json\/wp\/v2\/product"}],"about":[{"href":"https:\/\/myspainfood.com\/hr\/wp-json\/wp\/v2\/types\/product"}],"wp:featuredmedia":[{"embeddable":true,"href":"https:\/\/myspainfood.com\/hr\/wp-json\/wp\/v2\/media\/18818"}],"wp:attachment":[{"href":"https:\/\/myspainfood.com\/hr\/wp-json\/wp\/v2\/media?parent=18816"}],"wp:term":[{"taxonomy":"product_brand","embeddable":true,"href":"https:\/\/myspainfood.com\/hr\/wp-json\/wp\/v2\/product_brand?post=18816"},{"taxonomy":"product_cat","embeddable":true,"href":"https:\/\/myspainfood.com\/hr\/wp-json\/wp\/v2\/product_cat?post=18816"},{"taxonomy":"product_tag","embeddable":true,"href":"https:\/\/myspainfood.com\/hr\/wp-json\/wp\/v2\/product_tag?post=18816"}],"curies":[{"name":"wp","href":"https:\/\/api.w.org\/{rel}","templated":true}]}}