{"id":18848,"date":"2025-04-10T12:16:18","date_gmt":"2025-04-10T10:16:18","guid":{"rendered":"https:\/\/myspainfood.com\/producto\/srdele-u-suncokretovom-ulju-rias-baixas-855-gr\/"},"modified":"2026-01-30T14:37:33","modified_gmt":"2026-01-30T13:37:33","slug":"srdele-u-suncokretovom-ulju-rias-baixas-855-gr","status":"publish","type":"product","link":"https:\/\/myspainfood.com\/hr\/producto\/srdele-u-suncokretovom-ulju-rias-baixas-855-gr\/","title":{"rendered":"Srdele u suncokretovom ulju \u2013 Rias Baixas \u2013 855 gr"},"content":{"rendered":"<h3><strong>Sardine u suncokretovom ulju \u2013 R\u00edas Baixas \u2013 855 gr<\/strong><\/h3>\n<p><strong>R\u00edas Baixas sardine u suncokretovom ulju<\/strong> pa\u017eljivo su odabrane i pakirane kako bi sa\u010duvale svoju svje\u017einu i prirodni okus, te vam omogu\u0107ile da u\u017eivate u njihovom punom okusu. Idealne su za salate, predjela ili tradicionalne recepte, a poznate su po svojoj nje\u017enoj teksturi i izvrsnom okusu. <\/p>\n<p>Ne oklijevajte i po\u010dastite se najfinijim sardinama. Otkrijte na\u0161 izbor <a href=\"https:\/\/latiendadesami.com\/categoria-producto\/conservas\/\" target=\"_blank\" rel=\"noopener noreferrer nofollow\"><b>konzervirane hrane<\/b><\/a> .  <\/p>\n<h4><strong>Za\u0161to ih odabrati?<\/strong><\/h4>\n<ul>\n<li><strong>Zajam\u010deno porijeklo!<\/strong>  Uhva\u0107eno u \u010distim i bogatim vodama Atlantika, u zaljevu R\u00edas Baixas u Galiciji.<\/li>\n<li><strong>Vrhunsko suncokretovo ulje,<\/strong> daje glatko\u0107u i ravnote\u017eu okusu.<\/li>\n<li><strong>Format<\/strong> : limenka od 855 g, idealno za obitelji ili posebne doga\u0111aje.<\/li>\n<\/ul>\n","protected":false},"excerpt":{"rendered":"<p>Sardine u suncokretovom ulju \u2013 R\u00edas Baixas \u2013 855 gr R\u00edas Baixas sardine u suncokretovom ulju pa\u017eljivo su odabrane i pakirane kako bi sa\u010duvale svoju svje\u017einu i prirodni okus, te vam omogu\u0107ile da u\u017eivate u njihovom punom okusu. Idealne su za salate, predjela ili tradicionalne recepte, a poznate su po svojoj nje\u017enoj teksturi i izvrsnom [&hellip;]<\/p>\n","protected":false},"featured_media":18852,"template":"","meta":{"_et_pb_use_builder":"","_et_pb_old_content":"","_et_gb_content_width":""},"product_brand":[],"product_cat":[1917],"product_tag":[],"class_list":{"0":"post-18848","1":"product","2":"type-product","3":"status-publish","4":"has-post-thumbnail","6":"product_cat-konzerve","8":"first","9":"outofstock","10":"taxable","11":"shipping-taxable","12":"product-type-variable"},"_links":{"self":[{"href":"https:\/\/myspainfood.com\/hr\/wp-json\/wp\/v2\/product\/18848","targetHints":{"allow":["GET"]}}],"collection":[{"href":"https:\/\/myspainfood.com\/hr\/wp-json\/wp\/v2\/product"}],"about":[{"href":"https:\/\/myspainfood.com\/hr\/wp-json\/wp\/v2\/types\/product"}],"wp:featuredmedia":[{"embeddable":true,"href":"https:\/\/myspainfood.com\/hr\/wp-json\/wp\/v2\/media\/18852"}],"wp:attachment":[{"href":"https:\/\/myspainfood.com\/hr\/wp-json\/wp\/v2\/media?parent=18848"}],"wp:term":[{"taxonomy":"product_brand","embeddable":true,"href":"https:\/\/myspainfood.com\/hr\/wp-json\/wp\/v2\/product_brand?post=18848"},{"taxonomy":"product_cat","embeddable":true,"href":"https:\/\/myspainfood.com\/hr\/wp-json\/wp\/v2\/product_cat?post=18848"},{"taxonomy":"product_tag","embeddable":true,"href":"https:\/\/myspainfood.com\/hr\/wp-json\/wp\/v2\/product_tag?post=18848"}],"curies":[{"name":"wp","href":"https:\/\/api.w.org\/{rel}","templated":true}]}}