{"id":19195,"date":"2025-04-10T12:16:39","date_gmt":"2025-04-10T10:16:39","guid":{"rendered":"https:\/\/myspainfood.com\/producto\/ekstra-djevicansko-maslinovo-ulje-viejo-olivar-5-litara-cazorla-jaen\/"},"modified":"2026-01-29T12:37:00","modified_gmt":"2026-01-29T11:37:00","slug":"ekstra-djevicansko-maslinovo-ulje-viejo-olivar-5-litara-cazorla-jaen","status":"publish","type":"product","link":"https:\/\/myspainfood.com\/hr\/producto\/ekstra-djevicansko-maslinovo-ulje-viejo-olivar-5-litara-cazorla-jaen\/","title":{"rendered":"Viejo Olivar ekstra djevi\u010dansko maslinovo ulje 5 litara Cazorla Ja\u00e9n"},"content":{"rendered":"<p><strong>Ekstra djevi\u010dansko maslinovo ulje<\/strong> iz Ja\u00e9na jedan je od glavnih proizvoda \u0161panjolske gastronomije i na\u0161a posjetnica diljem svijeta. Kupnja maslinovog ulja zna\u010di nabavu iznimnog proizvoda zahvaljuju\u0107i njegovim nevjerojatnim zdravstvenim prednostima. Nadalje, ono je temelj mediteranske prehrane, bitan sastojak u svakoj kuhinji koja dr\u017ei do sebe.  <\/p>\n<p>Me\u0111u maslinovim uljima, ekstra djevi\u010dansko maslinovo ulje je najiznimnije po svom okusu, aromi i zdravstvenim prednostima. Bogato je vitaminima A, D, E i K, poma\u017ee u sprje\u010davanju nakupljanja kolesterola, pobolj\u0161ava krvni tlak i poti\u010de zdravu probavu. Zbog svih ovih razloga, kupnja ekstra djevi\u010danskog maslinovog ulja uvijek \u0107e biti najbolji izbor za va\u0161e zdravlje i va\u0161e okusne pupoljke.  <\/p>\n<p>U Ja\u00e9nu smo ponosni \u0161to smo najve\u0107i svjetski proizvo\u0111a\u010di maslinovog ulja, a ekstra djevi\u010danska maslinova ulja s na\u0161eg podru\u010dja su, bez sumnje, najpoznatija i na nacionalnoj i na me\u0111unarodnoj razini, te najkvalitetnija koja se mogu kupiti.<\/p>\n","protected":false},"excerpt":{"rendered":"<p>Ekstra djevi\u010dansko maslinovo ulje iz Ja\u00e9na jedan je od glavnih proizvoda \u0161panjolske gastronomije i na\u0161a posjetnica diljem svijeta. Kupnja maslinovog ulja zna\u010di nabavu iznimnog proizvoda zahvaljuju\u0107i njegovim nevjerojatnim zdravstvenim prednostima. Nadalje, ono je temelj mediteranske prehrane, bitan sastojak u svakoj kuhinji koja dr\u017ei do sebe. Me\u0111u maslinovim uljima, ekstra djevi\u010dansko maslinovo ulje je najiznimnije po [&hellip;]<\/p>\n","protected":false},"featured_media":19202,"template":"","meta":{"_et_pb_use_builder":"","_et_pb_old_content":"","_et_gb_content_width":""},"product_brand":[1221],"product_cat":[2637,2636],"product_tag":[2639],"class_list":{"0":"post-19195","1":"product","2":"type-product","3":"status-publish","4":"has-post-thumbnail","6":"product_brand-valdezarza","7":"product_cat-ekstra-djevicansko-maslinovo-ulje","8":"product_cat-ulje","9":"product_tag-ulje","11":"first","12":"outofstock","13":"featured","14":"taxable","15":"shipping-taxable","16":"product-type-variable"},"_links":{"self":[{"href":"https:\/\/myspainfood.com\/hr\/wp-json\/wp\/v2\/product\/19195","targetHints":{"allow":["GET"]}}],"collection":[{"href":"https:\/\/myspainfood.com\/hr\/wp-json\/wp\/v2\/product"}],"about":[{"href":"https:\/\/myspainfood.com\/hr\/wp-json\/wp\/v2\/types\/product"}],"wp:featuredmedia":[{"embeddable":true,"href":"https:\/\/myspainfood.com\/hr\/wp-json\/wp\/v2\/media\/19202"}],"wp:attachment":[{"href":"https:\/\/myspainfood.com\/hr\/wp-json\/wp\/v2\/media?parent=19195"}],"wp:term":[{"taxonomy":"product_brand","embeddable":true,"href":"https:\/\/myspainfood.com\/hr\/wp-json\/wp\/v2\/product_brand?post=19195"},{"taxonomy":"product_cat","embeddable":true,"href":"https:\/\/myspainfood.com\/hr\/wp-json\/wp\/v2\/product_cat?post=19195"},{"taxonomy":"product_tag","embeddable":true,"href":"https:\/\/myspainfood.com\/hr\/wp-json\/wp\/v2\/product_tag?post=19195"}],"curies":[{"name":"wp","href":"https:\/\/api.w.org\/{rel}","templated":true}]}}