{"id":19239,"date":"2025-04-10T12:16:41","date_gmt":"2025-04-10T10:16:41","guid":{"rendered":"https:\/\/myspainfood.com\/producto\/iberijska-cebo-sunka-huelva-sn-finca-6-kg-priblizno\/"},"modified":"2026-01-30T14:27:50","modified_gmt":"2026-01-30T13:27:50","slug":"iberijska-cebo-sunka-huelva-sn-finca-6-kg-priblizno","status":"publish","type":"product","link":"https:\/\/myspainfood.com\/hr\/producto\/iberijska-cebo-sunka-huelva-sn-finca-6-kg-priblizno\/","title":{"rendered":"Iberijska Cebo \u0161unka iz Huelve \u2013 SN Finca \u2013 6 kg (otprilike)"},"content":{"rendered":"<p>Jam\u00f3n Cebo Ib\u00e9rico Huelva \u2013 SN Finca \u2013 6 kg je izvrstan komad, su\u0161en u prirodnim su\u0161arama u Huelvi, tradicionalnim postupkom su\u0161enja koji mu daje karakteristi\u010dnu aromu, uz dobro poznati okus. Ove mjere \u010dine ovaj komad u\u017eitkom za ljubitelje iberijske \u0161unke.<\/p>\n<h3><strong>Karakteristike iberijske cebo \u0161unke iz Huelve<\/strong><\/h3>\n<ol>\n<li><strong>Zajam\u010deno podrijetlo<\/strong>\n<p>Ova \u0161unka proizvodi se u Huelvi, regiji poznatoj diljem svijeta po idealnoj klimi za su\u0161enje \u0161unke. Planine Sierra de Huelva pru\u017eaju savr\u0161enu ravnote\u017eu vla\u017enosti i temperature, \u0161to rezultira \u0161unkom s optimalnim su\u0161enjem. <\/li>\n<li><strong>Certificirana kvaliteta<\/strong>\n<p>Svaki komad prolazi strogu kontrolu kvalitete. SN Finca jam\u010di proizvod sljedivog podrijetla, osiguravaju\u0107i da potro\u0161a\u010d dobije najbolje od iberijske tradicije. <\/li>\n<li><strong>Dugotrajno zacjeljivanje<\/strong>\n<p> S pribli\u017enim vremenom su\u0161enja od 24 mjeseca, ova \u0161unka razvija slo\u017een okus i jedinstvenu aromu koja osvaja osjetila od prvog reza.<\/li>\n<li><strong>Idealna te\u017eina<\/strong>\n<p> Te\u0161ka <strong>otprilike 6 kg<\/strong> , ova \u0161unka je savr\u0161ena i za obitelji i za posebna okupljanja, nude\u0107i izvrstan omjer koli\u010dine i kvalitete.<\/li>\n<li><strong>Iznimna prezentacija<\/strong>\n<p>Rez otkriva prepoznatljivu mramornost, nepogre\u0161iv znak kvalitete. Ravnote\u017ea izme\u0111u intramuskularne masti i mesa osigurava jedinstveno iskustvo okusa u svakom komadu. <\/li>\n<\/ol>\n<p>Mo\u017eete pogledati na\u0161 izbor suhomesnatih proizvoda; <a href=\"https:\/\/latiendadesami.com\/categoria-producto\/queso-embutido\/\" target=\"_blank\" rel=\"noopener noreferrer nofollow\">ovdje<\/a> \u0107ete prona\u0107i gurmanske proizvode, savr\u0161ene za u\u017eivanje s voljenima.<\/p>\n","protected":false},"excerpt":{"rendered":"<p>Jam\u00f3n Cebo Ib\u00e9rico Huelva \u2013 SN Finca \u2013 6 kg je izvrstan komad, su\u0161en u prirodnim su\u0161arama u Huelvi, tradicionalnim postupkom su\u0161enja koji mu daje karakteristi\u010dnu aromu, uz dobro poznati okus. Ove mjere \u010dine ovaj komad u\u017eitkom za ljubitelje iberijske \u0161unke. Karakteristike iberijske cebo \u0161unke iz Huelve Zajam\u010deno podrijetlo Ova \u0161unka proizvodi se u Huelvi, [&hellip;]<\/p>\n","protected":false},"featured_media":19504,"template":"","meta":{"_et_pb_use_builder":"","_et_pb_old_content":"","_et_gb_content_width":""},"product_brand":[],"product_cat":[7993],"product_tag":[],"class_list":{"0":"post-19239","1":"product","2":"type-product","3":"status-publish","4":"has-post-thumbnail","6":"product_cat-kategorija-testiranja","8":"first","9":"outofstock","10":"taxable","11":"shipping-taxable","12":"purchasable","13":"product-type-simple"},"_links":{"self":[{"href":"https:\/\/myspainfood.com\/hr\/wp-json\/wp\/v2\/product\/19239","targetHints":{"allow":["GET"]}}],"collection":[{"href":"https:\/\/myspainfood.com\/hr\/wp-json\/wp\/v2\/product"}],"about":[{"href":"https:\/\/myspainfood.com\/hr\/wp-json\/wp\/v2\/types\/product"}],"wp:featuredmedia":[{"embeddable":true,"href":"https:\/\/myspainfood.com\/hr\/wp-json\/wp\/v2\/media\/19504"}],"wp:attachment":[{"href":"https:\/\/myspainfood.com\/hr\/wp-json\/wp\/v2\/media?parent=19239"}],"wp:term":[{"taxonomy":"product_brand","embeddable":true,"href":"https:\/\/myspainfood.com\/hr\/wp-json\/wp\/v2\/product_brand?post=19239"},{"taxonomy":"product_cat","embeddable":true,"href":"https:\/\/myspainfood.com\/hr\/wp-json\/wp\/v2\/product_cat?post=19239"},{"taxonomy":"product_tag","embeddable":true,"href":"https:\/\/myspainfood.com\/hr\/wp-json\/wp\/v2\/product_tag?post=19239"}],"curies":[{"name":"wp","href":"https:\/\/api.w.org\/{rel}","templated":true}]}}