{"id":19276,"date":"2025-04-10T12:16:46","date_gmt":"2025-04-10T10:16:46","guid":{"rendered":"https:\/\/myspainfood.com\/producto\/lot-1a-incun-i-incun-picarpicar\/"},"modified":"2026-01-13T13:57:11","modified_gmt":"2026-01-13T12:57:11","slug":"lot-1a-incun-i-incun-picarpicar","status":"publish","type":"product","link":"https:\/\/myspainfood.com\/hr\/producto\/lot-1a-incun-i-incun-picarpicar\/","title":{"rendered":"Lot 1a \u2013 in\u0107un i in\u0107un Picar&amp;Picar"},"content":{"rendered":"<p>LOT 1A: Izvrsna konzervirana riba najvi\u0161e kvalitete, lot se sastoji od: fileta in\u0107una u tripakiranju 120gr (3 jedinice), fileta kantabrijskog in\u0107una 120gr (1 jedinica), fileta in\u0107una u ulju 200gr (1 jedinica), fileta in\u0107una u octu 200gr (1 jedinica), fileta in\u0107una s \u010de\u0161njakom i per\u0161inom 200gr (1 jedinica) i banderille od in\u0107una 220gr (1 jedinica)<\/p>\n<p>SADR\u017dAJ:<\/p>\n<ul>\n<li>Filet in\u0107una:<\/li>\n<\/ul>\n<p>Trostruko pakiranje 120 gr: 3 jedinice<\/p>\n<ul>\n<li>File kantabrijske in\u0107une:<\/li>\n<\/ul>\n<p>Pladanj 120 gr: 1 jedinica<\/p>\n<ul>\n<li>Filet in\u0107una u ulju:<\/li>\n<\/ul>\n<p>Pladanj od 200 g: 1 jedinica<\/p>\n<ul>\n<li>Filet in\u0107una u octu:<\/li>\n<\/ul>\n<p>Pladanj od 200 g: 1 jedinica<\/p>\n<ul>\n<li>Za\u010dinjeni file in\u0107una (\u010de\u0161njak i per\u0161in):<\/li>\n<\/ul>\n<p>Pladanj od 200 g: 1 jedinica<\/p>\n<ul>\n<li>Banderila od in\u0107una:<\/li>\n<\/ul>\n<p>Pladanj 220 gr: 1 jedinica<\/p>\n","protected":false},"excerpt":{"rendered":"<p>LOT 1A: Izvrsna konzervirana riba najvi\u0161e kvalitete, lot se sastoji od: fileta in\u0107una u tripakiranju 120gr (3 jedinice), fileta kantabrijskog in\u0107una 120gr (1 jedinica), fileta in\u0107una u ulju 200gr (1 jedinica), fileta in\u0107una u octu 200gr (1 jedinica), fileta in\u0107una s \u010de\u0161njakom i per\u0161inom 200gr (1 jedinica) i banderille od in\u0107una 220gr (1 jedinica) SADR\u017dAJ: [&hellip;]<\/p>\n","protected":false},"featured_media":19280,"template":"","meta":{"_et_pb_use_builder":"","_et_pb_old_content":"","_et_gb_content_width":""},"product_brand":[1127],"product_cat":[1876,1898],"product_tag":[],"class_list":{"0":"post-19276","1":"product","2":"type-product","3":"status-publish","4":"has-post-thumbnail","6":"product_brand-picarpicar","7":"product_cat-hladno-hr","8":"product_cat-incuni-hr","9":"product_shipping_class-hladna-dostava","11":"first","12":"outofstock","13":"taxable","14":"shipping-taxable","15":"purchasable","16":"product-type-simple"},"_links":{"self":[{"href":"https:\/\/myspainfood.com\/hr\/wp-json\/wp\/v2\/product\/19276","targetHints":{"allow":["GET"]}}],"collection":[{"href":"https:\/\/myspainfood.com\/hr\/wp-json\/wp\/v2\/product"}],"about":[{"href":"https:\/\/myspainfood.com\/hr\/wp-json\/wp\/v2\/types\/product"}],"wp:featuredmedia":[{"embeddable":true,"href":"https:\/\/myspainfood.com\/hr\/wp-json\/wp\/v2\/media\/19280"}],"wp:attachment":[{"href":"https:\/\/myspainfood.com\/hr\/wp-json\/wp\/v2\/media?parent=19276"}],"wp:term":[{"taxonomy":"product_brand","embeddable":true,"href":"https:\/\/myspainfood.com\/hr\/wp-json\/wp\/v2\/product_brand?post=19276"},{"taxonomy":"product_cat","embeddable":true,"href":"https:\/\/myspainfood.com\/hr\/wp-json\/wp\/v2\/product_cat?post=19276"},{"taxonomy":"product_tag","embeddable":true,"href":"https:\/\/myspainfood.com\/hr\/wp-json\/wp\/v2\/product_tag?post=19276"}],"curies":[{"name":"wp","href":"https:\/\/api.w.org\/{rel}","templated":true}]}}