{"id":19311,"date":"2025-04-10T12:16:47","date_gmt":"2025-04-10T10:16:47","guid":{"rendered":"https:\/\/myspainfood.com\/producto\/lot-1c-incun-mala-riba-i-haringa-chopchop\/"},"modified":"2026-01-13T13:56:19","modified_gmt":"2026-01-13T12:56:19","slug":"lot-1c-incun-mala-riba-i-haringa-chopchop","status":"publish","type":"product","link":"https:\/\/myspainfood.com\/hr\/producto\/lot-1c-incun-mala-riba-i-haringa-chopchop\/","title":{"rendered":"Lot 1c \u2013 In\u0107un, mala riba i haringa Chop&amp;Chop"},"content":{"rendered":"<p>LOT 1C: Konzervirana riba vrhunske kvalitete, lot se sastoji od: fileta in\u0107una u oktavilu 45gr (3 jedinice), fileta kantabrijskog in\u0107una 120gr (1 jedinica), fileta in\u0107una u ulju 200gr (1 jedinica), fileta haringe 220gr (1 jedinica) i fileta haringe s maslinama 220gr (1 jedinica)<\/p>\n<p>SADR\u017dAJ:<\/p>\n<ul>\n<li>Filet in\u0107una:<\/li>\n<\/ul>\n<p>Trostruko pakiranje 120 gr: 3 jedinice<\/p>\n<ul>\n<li>File kantabrijske in\u0107une:<\/li>\n<\/ul>\n<p>Pladanj 120 gr: 1 jedinica<\/p>\n<ul>\n<li>Filet in\u0107una u ulju:<\/li>\n<\/ul>\n<p>Pladanj od 200 g: 1 jedinica<\/p>\n<ul>\n<li>Filet in\u0107una u octu:<\/li>\n<\/ul>\n<p>Pladanj od 200 g: 2 jedinice<\/p>\n<ul>\n<li>Fileti haringe:<\/li>\n<\/ul>\n<p>Pladanj 220 gr: 1 jedinica<\/p>\n<ul>\n<li>Fileti haringe s maslinama:<\/li>\n<\/ul>\n<p>Pladanj 220 gr: 1 jedinica<\/p>\n","protected":false},"excerpt":{"rendered":"<p>LOT 1C: Konzervirana riba vrhunske kvalitete, lot se sastoji od: fileta in\u0107una u oktavilu 45gr (3 jedinice), fileta kantabrijskog in\u0107una 120gr (1 jedinica), fileta in\u0107una u ulju 200gr (1 jedinica), fileta haringe 220gr (1 jedinica) i fileta haringe s maslinama 220gr (1 jedinica) SADR\u017dAJ: Filet in\u0107una: Trostruko pakiranje 120 gr: 3 jedinice File kantabrijske in\u0107une: [&hellip;]<\/p>\n","protected":false},"featured_media":19312,"template":"","meta":{"_et_pb_use_builder":"","_et_pb_old_content":"","_et_gb_content_width":""},"product_brand":[1127],"product_cat":[1876,1898],"product_tag":[],"class_list":{"0":"post-19311","1":"product","2":"type-product","3":"status-publish","4":"has-post-thumbnail","6":"product_brand-picarpicar","7":"product_cat-hladno-hr","8":"product_cat-incuni-hr","9":"product_shipping_class-hladna-dostava","11":"first","12":"outofstock","13":"taxable","14":"shipping-taxable","15":"purchasable","16":"product-type-simple"},"_links":{"self":[{"href":"https:\/\/myspainfood.com\/hr\/wp-json\/wp\/v2\/product\/19311","targetHints":{"allow":["GET"]}}],"collection":[{"href":"https:\/\/myspainfood.com\/hr\/wp-json\/wp\/v2\/product"}],"about":[{"href":"https:\/\/myspainfood.com\/hr\/wp-json\/wp\/v2\/types\/product"}],"wp:featuredmedia":[{"embeddable":true,"href":"https:\/\/myspainfood.com\/hr\/wp-json\/wp\/v2\/media\/19312"}],"wp:attachment":[{"href":"https:\/\/myspainfood.com\/hr\/wp-json\/wp\/v2\/media?parent=19311"}],"wp:term":[{"taxonomy":"product_brand","embeddable":true,"href":"https:\/\/myspainfood.com\/hr\/wp-json\/wp\/v2\/product_brand?post=19311"},{"taxonomy":"product_cat","embeddable":true,"href":"https:\/\/myspainfood.com\/hr\/wp-json\/wp\/v2\/product_cat?post=19311"},{"taxonomy":"product_tag","embeddable":true,"href":"https:\/\/myspainfood.com\/hr\/wp-json\/wp\/v2\/product_tag?post=19311"}],"curies":[{"name":"wp","href":"https:\/\/api.w.org\/{rel}","templated":true}]}}