{"id":19327,"date":"2025-04-10T12:16:48","date_gmt":"2025-04-10T10:16:48","guid":{"rendered":"https:\/\/myspainfood.com\/producto\/lot-1d-chopchop\/"},"modified":"2026-01-13T13:57:11","modified_gmt":"2026-01-13T12:57:11","slug":"lot-1d-chopchop","status":"publish","type":"product","link":"https:\/\/myspainfood.com\/hr\/producto\/lot-1d-chopchop\/","title":{"rendered":"Lot 1d Chop&amp;Chop"},"content":{"rendered":"<p>LOT 1D: Konzervirana riba vrhunske kvalitete, lot se sastoji od: Fileta in\u0107una u ulju 200 gr (1 jedinica), Fileta in\u0107una u octu 200 gr (1 jedinica), Fileta in\u0107una u \u010de\u0161njaku i per\u0161inu 200 gr (1 jedinica), In\u0107un banderilla 220 gr (3 jedinice), Fileta haringe 220 gr (1 jedinica) i Fileta haringe s maslinama 220 gr (1 jedinica)<\/p>\n<p>SADR\u017dAJ:<\/p>\n<ul>\n<li>Filet in\u0107una u ulju:<\/li>\n<\/ul>\n<p>Pladanj od 200 g: 1 jedinica<\/p>\n<ul>\n<li>Filet in\u0107una u octu:<\/li>\n<\/ul>\n<p>Pladanj od 200 g: 1 jedinica<\/p>\n<ul>\n<li>Za\u010dinjeni file in\u0107una (\u010de\u0161njak i per\u0161in):<\/li>\n<\/ul>\n<p>Pladanj od 200 g: 1 jedinica<\/p>\n<ul>\n<li>Banderila od in\u0107una:<\/li>\n<\/ul>\n<p>Pladanj 220 gr: 3 jedinice<\/p>\n<ul>\n<li>Fileti haringe:<\/li>\n<\/ul>\n<p>Pladanj 220 gr: 1 jedinica<\/p>\n<ul>\n<li>Fileti haringe s maslinama:<\/li>\n<\/ul>\n<p>Pladanj 220 gr: 1 jedinica<\/p>\n","protected":false},"excerpt":{"rendered":"<p>LOT 1D: Konzervirana riba vrhunske kvalitete, lot se sastoji od: Fileta in\u0107una u ulju 200 gr (1 jedinica), Fileta in\u0107una u octu 200 gr (1 jedinica), Fileta in\u0107una u \u010de\u0161njaku i per\u0161inu 200 gr (1 jedinica), In\u0107un banderilla 220 gr (3 jedinice), Fileta haringe 220 gr (1 jedinica) i Fileta haringe s maslinama 220 gr [&hellip;]<\/p>\n","protected":false},"featured_media":19329,"template":"","meta":{"_et_pb_use_builder":"","_et_pb_old_content":"","_et_gb_content_width":""},"product_brand":[1127],"product_cat":[1876,1898],"product_tag":[],"class_list":{"0":"post-19327","1":"product","2":"type-product","3":"status-publish","4":"has-post-thumbnail","6":"product_brand-picarpicar","7":"product_cat-hladno-hr","8":"product_cat-incuni-hr","9":"product_shipping_class-hladna-dostava","11":"first","12":"outofstock","13":"taxable","14":"shipping-taxable","15":"purchasable","16":"product-type-simple"},"_links":{"self":[{"href":"https:\/\/myspainfood.com\/hr\/wp-json\/wp\/v2\/product\/19327","targetHints":{"allow":["GET"]}}],"collection":[{"href":"https:\/\/myspainfood.com\/hr\/wp-json\/wp\/v2\/product"}],"about":[{"href":"https:\/\/myspainfood.com\/hr\/wp-json\/wp\/v2\/types\/product"}],"wp:featuredmedia":[{"embeddable":true,"href":"https:\/\/myspainfood.com\/hr\/wp-json\/wp\/v2\/media\/19329"}],"wp:attachment":[{"href":"https:\/\/myspainfood.com\/hr\/wp-json\/wp\/v2\/media?parent=19327"}],"wp:term":[{"taxonomy":"product_brand","embeddable":true,"href":"https:\/\/myspainfood.com\/hr\/wp-json\/wp\/v2\/product_brand?post=19327"},{"taxonomy":"product_cat","embeddable":true,"href":"https:\/\/myspainfood.com\/hr\/wp-json\/wp\/v2\/product_cat?post=19327"},{"taxonomy":"product_tag","embeddable":true,"href":"https:\/\/myspainfood.com\/hr\/wp-json\/wp\/v2\/product_tag?post=19327"}],"curies":[{"name":"wp","href":"https:\/\/api.w.org\/{rel}","templated":true}]}}