{"id":19404,"date":"2025-04-10T12:16:20","date_gmt":"2025-04-10T10:16:20","guid":{"rendered":"https:\/\/myspainfood.com\/producto\/ekstra-djevicansko-maslinovo-ulje-pakiranje-od-3-boce-viejo-olivas-15-l\/"},"modified":"2026-01-29T12:35:52","modified_gmt":"2026-01-29T11:35:52","slug":"ekstra-djevicansko-maslinovo-ulje-pakiranje-od-3-boce-viejo-olivas-15-l","status":"publish","type":"product","link":"https:\/\/myspainfood.com\/hr\/producto\/ekstra-djevicansko-maslinovo-ulje-pakiranje-od-3-boce-viejo-olivas-15-l\/","title":{"rendered":"Ekstra djevi\u010dansko maslinovo ulje \u2013 Pakiranje od 3 boce \u2013 Viejo Olivas \u2013 15 L"},"content":{"rendered":"<h3><strong>Ekstra djevi\u010dansko maslinovo ulje \u2013 Pakiranje od 3 boce \u2013 Viejo Olivas \u2013 15 L<\/strong><\/h3>\n<p>Otkrijte bogatstvo mediteranskog okusa uz <strong>paket ekstra djevi\u010danskog maslinovog ulja Viejo Olivas<\/strong> , koji uklju\u010duje tri boce od 5 litara. Ovo ulje rezultat je pa\u017eljivog odabira maslina najvi\u0161e kvalitete, uzgojenih u tradicionalnim maslinicima. Njegov <strong>proces hladne ekstrakcije<\/strong> osigurava da svaka kap zadr\u017ei sva nutritivna svojstva i izniman okus koji karakterizira pravo ekstra djevi\u010dansko maslinovo ulje.  <\/p>\n<p>Svaka boca od 5 l dizajnirana je kako bi zadovoljila potrebe kuhara i ljubitelja kuhanja. S vo\u0107nom aromom i uravnote\u017eenim okusom, ovo ulje je savr\u0161eno za pobolj\u0161anje okusa va\u0161ih salata, marinada i variva. Idealno za svakodnevnu upotrebu, format od 15 l nudi zna\u010dajne u\u0161tede bez kompromisa u kvaliteti, osiguravaju\u0107i da uvijek imate ovaj bitan sastojak mediteranske kuhinje pri ruci.  <\/p>\n<p><strong>Za\u0161to odabrati ekstra djevi\u010dansko maslinovo ulje Viejo Olivas?<\/strong><\/p>\n<ul>\n<li><strong>Vrhunska kvaliteta<\/strong> : Svaka boca je napravljena od odabranih maslina, \u0161to rezultira uljem intenzivnog okusa i zdravih svojstava.<\/li>\n<li><strong>Svestrana upotreba<\/strong> : Savr\u0161eno za kuhanje, za\u010dinjavanje i dodavanje posebnog dodira va\u0161im jelima.<\/li>\n<li><strong>Ekonomska u\u010dinkovitost<\/strong> : Kupnjom u paketima dobivate izvrsnu vrijednost za svoj novac, idealno za obitelji ili ugostiteljske objekte.<\/li>\n<\/ul>\n<p>Nadalje, ako \u017eelite istra\u017eiti vi\u0161e o prednostima maslinovog ulja, posjetite na\u0161 odjeljak <a target=\"_new\" rel=\"noopener\">o prednostima maslinovog ulja<\/a> i otkrijte kako ono mo\u017ee pobolj\u0161ati va\u0161e zdravlje i va\u0161e recepte. Za \u0161iri izbor, pogledajte na\u0161u kategoriju <a target=\"_new\" rel=\"noopener\">ulja i octa<\/a> , gdje \u0107ete prona\u0107i i druge visokokvalitetne proizvode koji \u0107e savr\u0161eno nadopuniti va\u0161u kuhinju.<\/p>\n<p>Odabirom <strong>pakiranja ekstra djevi\u010danskog maslinovog ulja Viejo Olivas<\/strong> , ne birate samo kvalitetu i okus, ve\u0107 i podr\u017eavate odr\u017eive i odgovorne poljoprivredne prakse. Iskoristite ovu priliku i donesite najbolje od mediteranske tradicije na svoj stol. Naru\u010dite ve\u0107 danas i pretvorite svaki obrok u gurmansko iskustvo!  <\/p>\n","protected":false},"excerpt":{"rendered":"<p>Ekstra djevi\u010dansko maslinovo ulje \u2013 Pakiranje od 3 boce \u2013 Viejo Olivas \u2013 15 L Otkrijte bogatstvo mediteranskog okusa uz paket ekstra djevi\u010danskog maslinovog ulja Viejo Olivas , koji uklju\u010duje tri boce od 5 litara. Ovo ulje rezultat je pa\u017eljivog odabira maslina najvi\u0161e kvalitete, uzgojenih u tradicionalnim maslinicima. Njegov proces hladne ekstrakcije osigurava da svaka [&hellip;]<\/p>\n","protected":false},"featured_media":19202,"template":"","meta":{"_et_pb_use_builder":"","_et_pb_old_content":"","_et_gb_content_width":""},"product_brand":[1221],"product_cat":[2637,2636],"product_tag":[2639],"class_list":{"0":"post-19404","1":"product","2":"type-product","3":"status-publish","4":"has-post-thumbnail","6":"product_brand-valdezarza","7":"product_cat-ekstra-djevicansko-maslinovo-ulje","8":"product_cat-ulje","9":"product_tag-ulje","11":"first","12":"outofstock","13":"featured","14":"taxable","15":"shipping-taxable","16":"purchasable","17":"product-type-simple"},"_links":{"self":[{"href":"https:\/\/myspainfood.com\/hr\/wp-json\/wp\/v2\/product\/19404","targetHints":{"allow":["GET"]}}],"collection":[{"href":"https:\/\/myspainfood.com\/hr\/wp-json\/wp\/v2\/product"}],"about":[{"href":"https:\/\/myspainfood.com\/hr\/wp-json\/wp\/v2\/types\/product"}],"wp:featuredmedia":[{"embeddable":true,"href":"https:\/\/myspainfood.com\/hr\/wp-json\/wp\/v2\/media\/19202"}],"wp:attachment":[{"href":"https:\/\/myspainfood.com\/hr\/wp-json\/wp\/v2\/media?parent=19404"}],"wp:term":[{"taxonomy":"product_brand","embeddable":true,"href":"https:\/\/myspainfood.com\/hr\/wp-json\/wp\/v2\/product_brand?post=19404"},{"taxonomy":"product_cat","embeddable":true,"href":"https:\/\/myspainfood.com\/hr\/wp-json\/wp\/v2\/product_cat?post=19404"},{"taxonomy":"product_tag","embeddable":true,"href":"https:\/\/myspainfood.com\/hr\/wp-json\/wp\/v2\/product_tag?post=19404"}],"curies":[{"name":"wp","href":"https:\/\/api.w.org\/{rel}","templated":true}]}}