{"id":19488,"date":"2025-04-10T12:16:34","date_gmt":"2025-04-10T10:16:34","guid":{"rendered":"https:\/\/myspainfood.com\/producto\/50-iberijski-file-hranjen-zirom-fili-500-gr\/"},"modified":"2026-01-30T08:25:07","modified_gmt":"2026-01-30T07:25:07","slug":"50-iberijski-file-hranjen-zirom-fili-500-gr","status":"publish","type":"product","link":"https:\/\/myspainfood.com\/hr\/producto\/50-iberijski-file-hranjen-zirom-fili-500-gr\/","title":{"rendered":"50% iberijski svinjski kare hranjen \u017eirom \u2013 Fili \u2013 500 gr"},"content":{"rendered":"<p><strong>FILI-jeva svinjska kare od 800 grama, hranjena 50% iberijskim \u017eirom<\/strong> , gurmanska je delicija napravljena od \u010distokrvnih iberijskih svinja, uzgojenih na slobodnom uzgoju i hranjenih \u017eirom. Ovaj zanatski proces, u kombinaciji s pa\u017eljivim su\u0161enjem, rezultira neusporedivim okusom i so\u010dnom teksturom. Savr\u0161ena za ljubitelje iberijskih proizvoda i bogata zdravim masnim kiselinama.  <\/p>\n<p>Za vi\u0161e informacija o prednostima konzumiranja iberijskih proizvoda posjetite <a href=\"https:\/\/www.jamonlovers.es\" target=\"_new\" rel=\"noopener noreferrer nofollow\" target=\"_blank\">Jam\u00f3n Lovers<\/a> .<\/p>\n<p>Otkrijte vi\u0161e opcija u na\u0161im kategorijama <a href=\"https:\/\/latiendadesami.com\/categoria-producto\/queso-embutido\/\" target=\"_blank\" rel=\"noopener noreferrer nofollow\"><span style=\"color: #2ea3f2;\">narezaka<\/span><\/a><\/p>\n","protected":false},"excerpt":{"rendered":"<p>FILI-jeva svinjska kare od 800 grama, hranjena 50% iberijskim \u017eirom , gurmanska je delicija napravljena od \u010distokrvnih iberijskih svinja, uzgojenih na slobodnom uzgoju i hranjenih \u017eirom. Ovaj zanatski proces, u kombinaciji s pa\u017eljivim su\u0161enjem, rezultira neusporedivim okusom i so\u010dnom teksturom. Savr\u0161ena za ljubitelje iberijskih proizvoda i bogata zdravim masnim kiselinama. Za vi\u0161e informacija o prednostima [&hellip;]<\/p>\n","protected":false},"featured_media":19489,"template":"","meta":{"_et_pb_use_builder":"","_et_pb_old_content":"","_et_gb_content_width":""},"product_brand":[],"product_cat":[2305,2304],"product_tag":[],"class_list":{"0":"post-19488","1":"product","2":"type-product","3":"status-publish","4":"has-post-thumbnail","6":"product_cat-kobasica","7":"product_cat-sir-i-kobasice","9":"first","10":"outofstock","11":"taxable","12":"shipping-taxable","13":"purchasable","14":"product-type-simple"},"_links":{"self":[{"href":"https:\/\/myspainfood.com\/hr\/wp-json\/wp\/v2\/product\/19488","targetHints":{"allow":["GET"]}}],"collection":[{"href":"https:\/\/myspainfood.com\/hr\/wp-json\/wp\/v2\/product"}],"about":[{"href":"https:\/\/myspainfood.com\/hr\/wp-json\/wp\/v2\/types\/product"}],"wp:featuredmedia":[{"embeddable":true,"href":"https:\/\/myspainfood.com\/hr\/wp-json\/wp\/v2\/media\/19489"}],"wp:attachment":[{"href":"https:\/\/myspainfood.com\/hr\/wp-json\/wp\/v2\/media?parent=19488"}],"wp:term":[{"taxonomy":"product_brand","embeddable":true,"href":"https:\/\/myspainfood.com\/hr\/wp-json\/wp\/v2\/product_brand?post=19488"},{"taxonomy":"product_cat","embeddable":true,"href":"https:\/\/myspainfood.com\/hr\/wp-json\/wp\/v2\/product_cat?post=19488"},{"taxonomy":"product_tag","embeddable":true,"href":"https:\/\/myspainfood.com\/hr\/wp-json\/wp\/v2\/product_tag?post=19488"}],"curies":[{"name":"wp","href":"https:\/\/api.w.org\/{rel}","templated":true}]}}