{"id":19640,"date":"2025-04-10T12:14:40","date_gmt":"2025-04-10T10:14:40","guid":{"rendered":"https:\/\/myspainfood.com\/producto\/ekstra-pecene-cijele-paprike-piquillo-otkrijte-vrt-190-g\/"},"modified":"2026-01-30T14:25:30","modified_gmt":"2026-01-30T13:25:30","slug":"ekstra-pecene-cijele-paprike-piquillo-otkrijte-vrt-190-g","status":"publish","type":"product","link":"https:\/\/myspainfood.com\/hr\/producto\/ekstra-pecene-cijele-paprike-piquillo-otkrijte-vrt-190-g\/","title":{"rendered":"Cijele ekstra pe\u010dene paprike Piquillo Otkrijte vrt 190 g"},"content":{"rendered":"<p>Sastojci: paprike Piquillo, \u010de\u0161njak, sol i sredstvo za zakiseljavanje: limunska kiselina, sredstvo za u\u010dvr\u0161\u0107ivanje: kalcijev klorid.<\/p>\n<p> Nakon otvaranja, \u010duvati u hladnjaku i po mogu\u0107nosti konzumirati unutar 5 dana.<\/p>\n<p> Nudimo najvi\u0161u kvalitetu po najpovoljnijoj cijeni.<\/p>\n<p> Pi\u0161ite nam za vi\u0161e informacija ili ako imate bilo kakvih pitanja o ovom ili bilo kojem drugom proizvodu u na\u0161em katalogu.<\/p>\n","protected":false},"excerpt":{"rendered":"<p>Sastojci: paprike Piquillo, \u010de\u0161njak, sol i sredstvo za zakiseljavanje: limunska kiselina, sredstvo za u\u010dvr\u0161\u0107ivanje: kalcijev klorid. Nakon otvaranja, \u010duvati u hladnjaku i po mogu\u0107nosti konzumirati unutar 5 dana. Nudimo najvi\u0161u kvalitetu po najpovoljnijoj cijeni. Pi\u0161ite nam za vi\u0161e informacija ili ako imate bilo kakvih pitanja o ovom ili bilo kojem drugom proizvodu u na\u0161em katalogu.<\/p>\n","protected":false},"featured_media":19648,"template":"","meta":{"_et_pb_use_builder":"","_et_pb_old_content":"","_et_gb_content_width":""},"product_brand":[1129],"product_cat":[1917,2380],"product_tag":[2385,2383],"class_list":{"0":"post-19640","1":"product","2":"type-product","3":"status-publish","4":"has-post-thumbnail","6":"product_brand-mateo","7":"product_cat-konzerve","8":"product_cat-paprike-hr","9":"product_tag-papar","10":"product_tag-pecenje","12":"first","13":"outofstock","14":"featured","15":"taxable","16":"shipping-taxable","17":"product-type-variable"},"_links":{"self":[{"href":"https:\/\/myspainfood.com\/hr\/wp-json\/wp\/v2\/product\/19640","targetHints":{"allow":["GET"]}}],"collection":[{"href":"https:\/\/myspainfood.com\/hr\/wp-json\/wp\/v2\/product"}],"about":[{"href":"https:\/\/myspainfood.com\/hr\/wp-json\/wp\/v2\/types\/product"}],"wp:featuredmedia":[{"embeddable":true,"href":"https:\/\/myspainfood.com\/hr\/wp-json\/wp\/v2\/media\/19648"}],"wp:attachment":[{"href":"https:\/\/myspainfood.com\/hr\/wp-json\/wp\/v2\/media?parent=19640"}],"wp:term":[{"taxonomy":"product_brand","embeddable":true,"href":"https:\/\/myspainfood.com\/hr\/wp-json\/wp\/v2\/product_brand?post=19640"},{"taxonomy":"product_cat","embeddable":true,"href":"https:\/\/myspainfood.com\/hr\/wp-json\/wp\/v2\/product_cat?post=19640"},{"taxonomy":"product_tag","embeddable":true,"href":"https:\/\/myspainfood.com\/hr\/wp-json\/wp\/v2\/product_tag?post=19640"}],"curies":[{"name":"wp","href":"https:\/\/api.w.org\/{rel}","templated":true}]}}