{"id":19750,"date":"2025-04-10T12:14:40","date_gmt":"2025-04-10T10:14:40","guid":{"rendered":"https:\/\/myspainfood.com\/producto\/fileti-juzne-skuse-ubago-s-maslinovim-uljem-105-gr\/"},"modified":"2026-01-30T14:23:58","modified_gmt":"2026-01-30T13:23:58","slug":"fileti-juzne-skuse-ubago-s-maslinovim-uljem-105-gr","status":"publish","type":"product","link":"https:\/\/myspainfood.com\/hr\/producto\/fileti-juzne-skuse-ubago-s-maslinovim-uljem-105-gr\/","title":{"rendered":"Fileti ju\u017ene sku\u0161e \u2013 Ubago \u2013 S maslinovim uljem \u2013 105 gr"},"content":{"rendered":"<h3><strong>Ubago fileti ju\u017enja\u010dke sku\u0161e s maslinovim uljem \u2013 kvaliteta i tradicionalni okus<\/strong><\/h3>\n<p>Otkrijte <strong><a href=\"https:\/\/ubagogroup.com\/\" target=\"_blank\" rel=\"noopener noreferrer nofollow\">Ubagoove<\/a> filete ju\u017enja\u010dke sku\u0161e u maslinovom ulju<\/strong> , deliciju bogatu <a href=\"https:\/\/nutribiotica.es\/digestivo-y-nutricion\/omega-3-para-que-sirve\/\" target=\"_blank\" rel=\"noopener noreferrer nofollow\"><strong>omega-3 masnim<\/strong><\/a> kiselinama i proteinima. Ova gurmanska ugostiteljska ponuda nudi sku\u0161u ulovljenu na atlantskoj obali i pakiranu u <strong>ekstra djevi\u010dansko maslinovo ulje<\/strong> , \u0161to pobolj\u0161ava njezin okus i svje\u017einu.<\/p>\n<p>Idealno za pripremu zdravih recepata ili u\u017eivanje u salatama i predjelima. Saznajte vi\u0161e o prednostima <strong>ekstra djevi\u010danskog maslinovog ulja<\/strong> na <a href=\"https:\/\/latiendadesami.com\/category\/recetas\/\" rel=\"noopener noreferrer nofollow\" target=\"_blank\">na\u0161em blogu o gurmanskim proizvodima<\/a> . <\/p>\n<p><strong>Naru\u010dite ve\u0107 danas i u\u017eivajte u autenti\u010dnom okusu ju\u017ene obale.<\/strong> Ako volite ovaj proizvod, ne propustite na\u0161 izbor <strong><a href=\"https:\/\/latiendadesami.com\/categoria-producto\/conservas\/\" rel=\"noopener noreferrer nofollow\" target=\"_blank\">gurmanskih marmelade<\/a><\/strong> ili otkrijte druge ukusne <strong><a href=\"https:\/\/latiendadesami.com\/categoria-producto\/queso-embutido\/\" rel=\"noopener noreferrer nofollow\" target=\"_blank\">tradicionalne \u0161panjolske proizvode<\/a><\/strong> poput ulja, vina, suhomesnatih proizvoda i jo\u0161 mnogo toga.<\/p>\n<p>Istra\u017eite na\u0161u trgovinu i donesite najbolje od \u0161panjolske gastronomije na svoj stol!<\/p>\n","protected":false},"excerpt":{"rendered":"<p>Ubago fileti ju\u017enja\u010dke sku\u0161e s maslinovim uljem \u2013 kvaliteta i tradicionalni okus<\/p>\n","protected":false},"featured_media":19756,"template":"","meta":{"_et_pb_use_builder":"","_et_pb_old_content":"","_et_gb_content_width":""},"product_brand":[],"product_cat":[7993,1917],"product_tag":[],"class_list":{"0":"post-19750","1":"product","2":"type-product","3":"status-publish","4":"has-post-thumbnail","6":"product_cat-kategorija-testiranja","7":"product_cat-konzerve","9":"first","10":"instock","11":"taxable","12":"shipping-taxable","13":"purchasable","14":"product-type-variable"},"_links":{"self":[{"href":"https:\/\/myspainfood.com\/hr\/wp-json\/wp\/v2\/product\/19750","targetHints":{"allow":["GET"]}}],"collection":[{"href":"https:\/\/myspainfood.com\/hr\/wp-json\/wp\/v2\/product"}],"about":[{"href":"https:\/\/myspainfood.com\/hr\/wp-json\/wp\/v2\/types\/product"}],"wp:featuredmedia":[{"embeddable":true,"href":"https:\/\/myspainfood.com\/hr\/wp-json\/wp\/v2\/media\/19756"}],"wp:attachment":[{"href":"https:\/\/myspainfood.com\/hr\/wp-json\/wp\/v2\/media?parent=19750"}],"wp:term":[{"taxonomy":"product_brand","embeddable":true,"href":"https:\/\/myspainfood.com\/hr\/wp-json\/wp\/v2\/product_brand?post=19750"},{"taxonomy":"product_cat","embeddable":true,"href":"https:\/\/myspainfood.com\/hr\/wp-json\/wp\/v2\/product_cat?post=19750"},{"taxonomy":"product_tag","embeddable":true,"href":"https:\/\/myspainfood.com\/hr\/wp-json\/wp\/v2\/product_tag?post=19750"}],"curies":[{"name":"wp","href":"https:\/\/api.w.org\/{rel}","templated":true}]}}