{"id":19859,"date":"2025-04-10T12:16:17","date_gmt":"2025-04-10T10:16:17","guid":{"rendered":"https:\/\/myspainfood.com\/producto\/dimljeni-norveski-losos-farski-otoci-600-gr\/"},"modified":"2026-01-30T14:33:53","modified_gmt":"2026-01-30T13:33:53","slug":"dimljeni-norveski-losos-farski-otoci-600-gr","status":"publish","type":"product","link":"https:\/\/myspainfood.com\/hr\/producto\/dimljeni-norveski-losos-farski-otoci-600-gr\/","title":{"rendered":"Dimljeni norve\u0161ki losos \u2013 Farska luka \u2013 600 gr"},"content":{"rendered":"<h3><strong>Dimljeni norve\u0161ki losos \u2013 Farska luka \u2013 600 gr<\/strong><\/h3>\n<p><strong>  Sada mo\u017eete u\u017eivati \u200b\u200bu svoj svje\u017eini i kvaliteti vrhunskog lososa.<\/strong><\/p>\n<p><strong>Dimljeni norve\u0161ki losos \u2013 Faroe Port<\/strong> spaja tradiciju i okus, idealan za pripremu gurmanskih recepata. Iz kristalno \u010diste vode, nudi gladak i uravnote\u017een dimljeni okus. <\/p>\n<h4><strong>Glavne prednosti:<\/strong><\/h4>\n<ul>\n<li><strong>Certificirano podrijetlo<\/strong> : \u010ciste i odr\u017eive vode iz Norve\u0161ke i luke Farskih otoka.<\/li>\n<li><strong>Bogato omega-3 masnim kiselinama<\/strong> : Idealno za zdravu i uravnote\u017eenu prehranu.<\/li>\n<li><strong>Jednostavno za kori\u0161tenje<\/strong> : Spremno za va\u0161e salate, sushi ili predjela.<\/li>\n<\/ul>\n<p><strong>Volite li gurmansku kuhinju? Istra\u017eite i <a href=\"https:\/\/latiendadesami.com\/\" rel=\"noopener noreferrer nofollow\" target=\"_blank\">ostale premium proizvode u na\u0161oj trgovini<\/a> . <\/strong><\/p>\n","protected":false},"excerpt":{"rendered":"<p>Dimljeni norve\u0161ki losos \u2013 Farska luka \u2013 600 gr Sada mo\u017eete u\u017eivati \u200b\u200bu svoj svje\u017eini i kvaliteti vrhunskog lososa. Dimljeni norve\u0161ki losos \u2013 Faroe Port spaja tradiciju i okus, idealan za pripremu gurmanskih recepata. Iz kristalno \u010diste vode, nudi gladak i uravnote\u017een dimljeni okus. Glavne prednosti: Certificirano podrijetlo : \u010ciste i odr\u017eive vode iz Norve\u0161ke [&hellip;]<\/p>\n","protected":false},"featured_media":19864,"template":"","meta":{"_et_pb_use_builder":"","_et_pb_old_content":"","_et_gb_content_width":""},"product_brand":[],"product_cat":[7993],"product_tag":[],"class_list":{"0":"post-19859","1":"product","2":"type-product","3":"status-publish","4":"has-post-thumbnail","6":"product_cat-kategorija-testiranja","8":"first","9":"outofstock","10":"taxable","11":"shipping-taxable","12":"product-type-variable"},"_links":{"self":[{"href":"https:\/\/myspainfood.com\/hr\/wp-json\/wp\/v2\/product\/19859","targetHints":{"allow":["GET"]}}],"collection":[{"href":"https:\/\/myspainfood.com\/hr\/wp-json\/wp\/v2\/product"}],"about":[{"href":"https:\/\/myspainfood.com\/hr\/wp-json\/wp\/v2\/types\/product"}],"wp:featuredmedia":[{"embeddable":true,"href":"https:\/\/myspainfood.com\/hr\/wp-json\/wp\/v2\/media\/19864"}],"wp:attachment":[{"href":"https:\/\/myspainfood.com\/hr\/wp-json\/wp\/v2\/media?parent=19859"}],"wp:term":[{"taxonomy":"product_brand","embeddable":true,"href":"https:\/\/myspainfood.com\/hr\/wp-json\/wp\/v2\/product_brand?post=19859"},{"taxonomy":"product_cat","embeddable":true,"href":"https:\/\/myspainfood.com\/hr\/wp-json\/wp\/v2\/product_cat?post=19859"},{"taxonomy":"product_tag","embeddable":true,"href":"https:\/\/myspainfood.com\/hr\/wp-json\/wp\/v2\/product_tag?post=19859"}],"curies":[{"name":"wp","href":"https:\/\/api.w.org\/{rel}","templated":true}]}}