{"id":19965,"date":"2025-04-10T12:16:17","date_gmt":"2025-04-10T10:16:17","guid":{"rendered":"https:\/\/myspainfood.com\/producto\/san-isidro-polususeni-sir-3-kg-otprilike\/"},"modified":"2026-01-30T14:35:22","modified_gmt":"2026-01-30T13:35:22","slug":"san-isidro-polususeni-sir-3-kg-otprilike","status":"publish","type":"product","link":"https:\/\/myspainfood.com\/hr\/producto\/san-isidro-polususeni-sir-3-kg-otprilike\/","title":{"rendered":"San Isidro polusu\u0161eni sir \u2013 3 kg (otprilike)"},"content":{"rendered":"<h3><strong>San Isidro polusu\u0161eni sir \u2013 3 kg<\/strong><\/h3>\n<p><strong>Polusu\u0161eni sir San Isidro<\/strong> (3,4 kg) idealan je izbor za ljubitelje tradicionalnih sireva. S uravnote\u017eenim sazrijevanjem, kremastom teksturom i blagim okusom s intenzivnim notama, savr\u0161en je za svaku prigodu. <\/p>\n<h4><strong>Glavne zna\u010dajke:<\/strong><\/h4>\n<ul>\n<li><strong>Idealna te\u017eina<\/strong> : 3,4 kg, dizajnirano za dijeljenje ili u\u017eivanje na velikim doga\u0111ajima.<\/li>\n<li><strong>Obrtni\u010dka proizvodnja<\/strong> : Po\u0161tivanje lokalnih tradicija proizvodnje sira.<\/li>\n<li><strong>Jedinstven okus<\/strong> : Blage mlije\u010dne note s da\u0161kom zrelosti koja ga izdvaja<\/li>\n<\/ul>\n<p>Uparite s <a href=\"https:\/\/latiendadesami.com\/categoria-producto\/queso-embutido\/\" rel=\"noopener noreferrer nofollow\" target=\"_blank\">na\u0161im iberijskim suhomesnatim proizvodima<\/a> za savr\u0161enu platu sira.<\/p>\n","protected":false},"excerpt":{"rendered":"<p>San Isidro polusu\u0161eni sir \u2013 3 kg Polusu\u0161eni sir San Isidro (3,4 kg) idealan je izbor za ljubitelje tradicionalnih sireva. S uravnote\u017eenim sazrijevanjem, kremastom teksturom i blagim okusom s intenzivnim notama, savr\u0161en je za svaku prigodu. Glavne zna\u010dajke: Idealna te\u017eina : 3,4 kg, dizajnirano za dijeljenje ili u\u017eivanje na velikim doga\u0111ajima. Obrtni\u010dka proizvodnja : Po\u0161tivanje [&hellip;]<\/p>\n","protected":false},"featured_media":19969,"template":"","meta":{"_et_pb_use_builder":"","_et_pb_old_content":"","_et_gb_content_width":""},"product_brand":[],"product_cat":[5744,2304],"product_tag":[],"class_list":{"0":"post-19965","1":"product","2":"type-product","3":"status-publish","4":"has-post-thumbnail","6":"product_cat-izlijecen-hr","7":"product_cat-sir-i-kobasice","9":"first","10":"instock","11":"taxable","12":"shipping-taxable","13":"purchasable","14":"product-type-variable"},"_links":{"self":[{"href":"https:\/\/myspainfood.com\/hr\/wp-json\/wp\/v2\/product\/19965","targetHints":{"allow":["GET"]}}],"collection":[{"href":"https:\/\/myspainfood.com\/hr\/wp-json\/wp\/v2\/product"}],"about":[{"href":"https:\/\/myspainfood.com\/hr\/wp-json\/wp\/v2\/types\/product"}],"wp:featuredmedia":[{"embeddable":true,"href":"https:\/\/myspainfood.com\/hr\/wp-json\/wp\/v2\/media\/19969"}],"wp:attachment":[{"href":"https:\/\/myspainfood.com\/hr\/wp-json\/wp\/v2\/media?parent=19965"}],"wp:term":[{"taxonomy":"product_brand","embeddable":true,"href":"https:\/\/myspainfood.com\/hr\/wp-json\/wp\/v2\/product_brand?post=19965"},{"taxonomy":"product_cat","embeddable":true,"href":"https:\/\/myspainfood.com\/hr\/wp-json\/wp\/v2\/product_cat?post=19965"},{"taxonomy":"product_tag","embeddable":true,"href":"https:\/\/myspainfood.com\/hr\/wp-json\/wp\/v2\/product_tag?post=19965"}],"curies":[{"name":"wp","href":"https:\/\/api.w.org\/{rel}","templated":true}]}}