{"id":20057,"date":"2025-04-10T12:16:17","date_gmt":"2025-04-10T10:16:17","guid":{"rendered":"https:\/\/myspainfood.com\/producto\/sirovi-ovcji-sir-flor-esgueva-1-kg\/"},"modified":"2026-01-30T14:36:34","modified_gmt":"2026-01-30T13:36:34","slug":"sirovi-ovcji-sir-flor-esgueva-1-kg","status":"publish","type":"product","link":"https:\/\/myspainfood.com\/hr\/producto\/sirovi-ovcji-sir-flor-esgueva-1-kg\/","title":{"rendered":"Sirovi ov\u010dji sir \u2013 Flor Esgueva \u2013 1 kg"},"content":{"rendered":"<h3><strong>Sirovi ov\u010dji sir \u2013 Flor Esgueva \u2013 1 kg<\/strong><\/h3>\n<p><strong>Sir od sirovog ov\u010djeg mlijeka Flor Esgueva<\/strong> je mjerilo me\u0111u \u0161panjolskim zanatskim sirevima. Napravljen od sirovog mlijeka odabranih ovaca, isti\u010de se \u010dvrstom teksturom, intenzivnom aromom i okusom koji kombinira mlije\u010dne note s da\u0161kom savr\u0161enog odle\u017eavanja. <\/p>\n<h4><strong>Za\u0161to odabrati Flor Esguevu<\/strong><\/h4>\n<ul>\n<li><strong>Sirovo ov\u010dje mlijeko<\/strong> : Autenti\u010dan okus i netaknuta prirodna svojstva.<\/li>\n<li><strong>Tradicionalno dozrijevanje<\/strong> : Oboga\u0107eno u podrumima za jedinstveni profil okusa.<\/li>\n<li><strong>Idealna veli\u010dina<\/strong> : Savr\u0161eno za dijeljenje ili u\u017eivanje u raznim receptima.<\/li>\n<\/ul>\n","protected":false},"excerpt":{"rendered":"<p>Sirovi ov\u010dji sir \u2013 Flor Esgueva \u2013 1 kg Sir od sirovog ov\u010djeg mlijeka Flor Esgueva je mjerilo me\u0111u \u0161panjolskim zanatskim sirevima. Napravljen od sirovog mlijeka odabranih ovaca, isti\u010de se \u010dvrstom teksturom, intenzivnom aromom i okusom koji kombinira mlije\u010dne note s da\u0161kom savr\u0161enog odle\u017eavanja. Za\u0161to odabrati Flor Esguevu Sirovo ov\u010dje mlijeko : Autenti\u010dan okus i [&hellip;]<\/p>\n","protected":false},"featured_media":20062,"template":"","meta":{"_et_pb_use_builder":"","_et_pb_old_content":"","_et_gb_content_width":""},"product_brand":[],"product_cat":[2304],"product_tag":[],"class_list":{"0":"post-20057","1":"product","2":"type-product","3":"status-publish","4":"has-post-thumbnail","6":"product_cat-sir-i-kobasice","8":"first","9":"outofstock","10":"taxable","11":"shipping-taxable","12":"product-type-variable"},"_links":{"self":[{"href":"https:\/\/myspainfood.com\/hr\/wp-json\/wp\/v2\/product\/20057","targetHints":{"allow":["GET"]}}],"collection":[{"href":"https:\/\/myspainfood.com\/hr\/wp-json\/wp\/v2\/product"}],"about":[{"href":"https:\/\/myspainfood.com\/hr\/wp-json\/wp\/v2\/types\/product"}],"wp:featuredmedia":[{"embeddable":true,"href":"https:\/\/myspainfood.com\/hr\/wp-json\/wp\/v2\/media\/20062"}],"wp:attachment":[{"href":"https:\/\/myspainfood.com\/hr\/wp-json\/wp\/v2\/media?parent=20057"}],"wp:term":[{"taxonomy":"product_brand","embeddable":true,"href":"https:\/\/myspainfood.com\/hr\/wp-json\/wp\/v2\/product_brand?post=20057"},{"taxonomy":"product_cat","embeddable":true,"href":"https:\/\/myspainfood.com\/hr\/wp-json\/wp\/v2\/product_cat?post=20057"},{"taxonomy":"product_tag","embeddable":true,"href":"https:\/\/myspainfood.com\/hr\/wp-json\/wp\/v2\/product_tag?post=20057"}],"curies":[{"name":"wp","href":"https:\/\/api.w.org\/{rel}","templated":true}]}}