{"id":20125,"date":"2025-04-10T12:10:53","date_gmt":"2025-04-10T10:10:53","guid":{"rendered":"https:\/\/myspainfood.com\/producto\/morski-uzitci-45-jedinica\/"},"modified":"2025-06-24T13:06:43","modified_gmt":"2025-06-24T11:06:43","slug":"morski-uzitci-45-jedinica","status":"publish","type":"product","link":"https:\/\/myspainfood.com\/hr\/producto\/morski-uzitci-45-jedinica\/","title":{"rendered":"Morski u\u017eitci 45 jedinica"},"content":{"rendered":"<p>Ulje (85% suncokretovo i 15% maslinovo), masline punjene in\u0107unima, kuhani \u0161kampi i crvena paprika.<\/p>\n","protected":false},"excerpt":{"rendered":"<p>Ulje (85% suncokretovo i 15% maslinovo), masline punjene in\u0107unima, kuhani \u0161kampi i crvena paprika.<\/p>\n","protected":false},"featured_media":20127,"template":"","meta":{"_et_pb_use_builder":"","_et_pb_old_content":"","_et_gb_content_width":""},"product_brand":[1277],"product_cat":[1876,2816,1791,1792,1878],"product_tag":[],"class_list":{"0":"post-20125","1":"product","2":"type-product","3":"status-publish","4":"has-post-thumbnail","6":"product_brand-bokeo","7":"product_cat-hladno-hr","8":"product_cat-incuni-hr-2","9":"product_cat-kiseli-krastavci","10":"product_cat-masline-hr","11":"product_cat-pintxos-hr","12":"product_shipping_class-hladna-dostava","14":"first","15":"outofstock","16":"taxable","17":"shipping-taxable","18":"purchasable","19":"product-type-simple"},"_links":{"self":[{"href":"https:\/\/myspainfood.com\/hr\/wp-json\/wp\/v2\/product\/20125","targetHints":{"allow":["GET"]}}],"collection":[{"href":"https:\/\/myspainfood.com\/hr\/wp-json\/wp\/v2\/product"}],"about":[{"href":"https:\/\/myspainfood.com\/hr\/wp-json\/wp\/v2\/types\/product"}],"wp:featuredmedia":[{"embeddable":true,"href":"https:\/\/myspainfood.com\/hr\/wp-json\/wp\/v2\/media\/20127"}],"wp:attachment":[{"href":"https:\/\/myspainfood.com\/hr\/wp-json\/wp\/v2\/media?parent=20125"}],"wp:term":[{"taxonomy":"product_brand","embeddable":true,"href":"https:\/\/myspainfood.com\/hr\/wp-json\/wp\/v2\/product_brand?post=20125"},{"taxonomy":"product_cat","embeddable":true,"href":"https:\/\/myspainfood.com\/hr\/wp-json\/wp\/v2\/product_cat?post=20125"},{"taxonomy":"product_tag","embeddable":true,"href":"https:\/\/myspainfood.com\/hr\/wp-json\/wp\/v2\/product_tag?post=20125"}],"curies":[{"name":"wp","href":"https:\/\/api.w.org\/{rel}","templated":true}]}}