{"id":20335,"date":"2025-04-10T12:10:56","date_gmt":"2025-04-10T10:10:56","guid":{"rendered":"https:\/\/myspainfood.com\/producto\/masline-sabrosita-aguedo-2-kg-neto-tezine\/"},"modified":"2025-04-10T12:10:56","modified_gmt":"2025-04-10T10:10:56","slug":"masline-sabrosita-aguedo-2-kg-neto-tezine","status":"publish","type":"product","link":"https:\/\/myspainfood.com\/hr\/producto\/masline-sabrosita-aguedo-2-kg-neto-tezine\/","title":{"rendered":"Masline Sabrosita Aguedo 2 kg neto te\u017eine"},"content":{"rendered":"<p>U ACEITUNAS AGUEDO jam\u010dimo izvrsnost na\u0161ih proizvoda, kombiniraju\u0107i tradiciju i nove tehnologije. Nudimo profesionalnost stalno rastu\u0107eg obiteljskog poduze\u0107a, s zadovoljstvom kupaca kao na\u0161im jedinim ciljem. <\/p>\n<p>Nadziremo sve proizvodne procese od po\u010detka do kraja, samo na taj na\u010din mo\u017eemo dobiti MAKSIMALNE proizvode<\/p>\n","protected":false},"excerpt":{"rendered":"<p>U ACEITUNAS AGUEDO jam\u010dimo izvrsnost na\u0161ih proizvoda, kombiniraju\u0107i tradiciju i nove tehnologije. Nudimo profesionalnost stalno rastu\u0107eg obiteljskog poduze\u0107a, s zadovoljstvom kupaca kao na\u0161im jedinim ciljem. Nadziremo sve proizvodne procese od po\u010detka do kraja, samo na taj na\u010din mo\u017eemo dobiti MAKSIMALNE proizvode<\/p>\n","protected":false},"featured_media":20337,"template":"","meta":{"_et_pb_use_builder":"","_et_pb_old_content":"","_et_gb_content_width":""},"product_brand":[],"product_cat":[1791,1792],"product_tag":[2036],"class_list":{"0":"post-20335","1":"product","2":"type-product","3":"status-publish","4":"has-post-thumbnail","6":"product_cat-kiseli-krastavci","7":"product_cat-masline-hr","8":"product_tag-kamilica","10":"first","11":"instock","12":"taxable","13":"shipping-taxable","14":"purchasable","15":"product-type-simple"},"_links":{"self":[{"href":"https:\/\/myspainfood.com\/hr\/wp-json\/wp\/v2\/product\/20335","targetHints":{"allow":["GET"]}}],"collection":[{"href":"https:\/\/myspainfood.com\/hr\/wp-json\/wp\/v2\/product"}],"about":[{"href":"https:\/\/myspainfood.com\/hr\/wp-json\/wp\/v2\/types\/product"}],"wp:featuredmedia":[{"embeddable":true,"href":"https:\/\/myspainfood.com\/hr\/wp-json\/wp\/v2\/media\/20337"}],"wp:attachment":[{"href":"https:\/\/myspainfood.com\/hr\/wp-json\/wp\/v2\/media?parent=20335"}],"wp:term":[{"taxonomy":"product_brand","embeddable":true,"href":"https:\/\/myspainfood.com\/hr\/wp-json\/wp\/v2\/product_brand?post=20335"},{"taxonomy":"product_cat","embeddable":true,"href":"https:\/\/myspainfood.com\/hr\/wp-json\/wp\/v2\/product_cat?post=20335"},{"taxonomy":"product_tag","embeddable":true,"href":"https:\/\/myspainfood.com\/hr\/wp-json\/wp\/v2\/product_tag?post=20335"}],"curies":[{"name":"wp","href":"https:\/\/api.w.org\/{rel}","templated":true}]}}