{"id":21385,"date":"2025-04-10T12:10:26","date_gmt":"2025-04-10T10:10:26","guid":{"rendered":"https:\/\/myspainfood.com\/producto\/zalogaji-od-slanog-bakalara\/"},"modified":"2025-06-24T13:16:09","modified_gmt":"2025-06-24T11:16:09","slug":"zalogaji-od-slanog-bakalara","status":"publish","type":"product","link":"https:\/\/myspainfood.com\/hr\/producto\/zalogaji-od-slanog-bakalara\/","title":{"rendered":"Zalogaji od slanog bakalara"},"content":{"rendered":"<p style=\"text-align: left\">\u201eBakalar\u201c je uobi\u010dajeni naziv za nekoliko vrsta riba iz roda Gadus, iako neke iz istog roda mogu imati i druga imena. Naj\u010de\u0161\u0107a vrsta je atlantski bakalar ( <strong>Gadus morhua<\/strong> ili obi\u010dni bakalar). To je jedna od najpoznatijih riba na svijetu i cijenjena je zbog svog izvrsnog okusa.  <\/p>\n<h6 style=\"text-align: left\"><u>NUTRITIVNA VRIJEDNOST<\/u><\/h6>\n<p>S nutritivnog gledi\u0161ta, bakalar je hrana bogata proteinima visoke biolo\u0161ke vrijednosti i probavljivosti, s niskim udjelom masti i kalorija. Sadr\u017eaj vode je oko 80% (u svje\u017eem bakalaru) i dobar je izvor vitamina (uglavnom skupine B) i mineralnih soli esencijalnih za tijelo. Svje\u017ei ili odsoljeni bakalar mogu konzumirati osobe s visokim krvnim tlakom jer ima malo natrija, a mnogo kalija.  <\/p>\n","protected":false},"excerpt":{"rendered":"<p>\u201eBakalar\u201c je uobi\u010dajeni naziv za nekoliko vrsta riba iz roda Gadus, iako neke iz istog roda mogu imati i druga imena. Naj\u010de\u0161\u0107a vrsta je atlantski bakalar ( Gadus morhua ili obi\u010dni bakalar). To je jedna od najpoznatijih riba na svijetu i cijenjena je zbog svog izvrsnog okusa. NUTRITIVNA VRIJEDNOST S nutritivnog gledi\u0161ta, bakalar je hrana [&hellip;]<\/p>\n","protected":false},"featured_media":21387,"template":"","meta":{"_et_pb_use_builder":"","_et_pb_old_content":"","_et_gb_content_width":""},"product_brand":[1290],"product_cat":[3557,1876],"product_tag":[],"class_list":{"0":"post-21385","1":"product","2":"type-product","3":"status-publish","4":"has-post-thumbnail","6":"product_brand-la-barajilla","7":"product_cat-bakalar","8":"product_cat-hladno-hr","9":"product_shipping_class-hladna-dostava","11":"first","12":"outofstock","13":"taxable","14":"shipping-taxable","15":"purchasable","16":"product-type-simple"},"_links":{"self":[{"href":"https:\/\/myspainfood.com\/hr\/wp-json\/wp\/v2\/product\/21385","targetHints":{"allow":["GET"]}}],"collection":[{"href":"https:\/\/myspainfood.com\/hr\/wp-json\/wp\/v2\/product"}],"about":[{"href":"https:\/\/myspainfood.com\/hr\/wp-json\/wp\/v2\/types\/product"}],"wp:featuredmedia":[{"embeddable":true,"href":"https:\/\/myspainfood.com\/hr\/wp-json\/wp\/v2\/media\/21387"}],"wp:attachment":[{"href":"https:\/\/myspainfood.com\/hr\/wp-json\/wp\/v2\/media?parent=21385"}],"wp:term":[{"taxonomy":"product_brand","embeddable":true,"href":"https:\/\/myspainfood.com\/hr\/wp-json\/wp\/v2\/product_brand?post=21385"},{"taxonomy":"product_cat","embeddable":true,"href":"https:\/\/myspainfood.com\/hr\/wp-json\/wp\/v2\/product_cat?post=21385"},{"taxonomy":"product_tag","embeddable":true,"href":"https:\/\/myspainfood.com\/hr\/wp-json\/wp\/v2\/product_tag?post=21385"}],"curies":[{"name":"wp","href":"https:\/\/api.w.org\/{rel}","templated":true}]}}