{"id":21532,"date":"2025-04-10T12:10:29","date_gmt":"2025-04-10T10:10:29","guid":{"rendered":"https:\/\/myspainfood.com\/producto\/komadi-tune-areoso-120gr-250-komada\/"},"modified":"2025-04-10T12:10:29","modified_gmt":"2025-04-10T10:10:29","slug":"komadi-tune-areoso-120gr-250-komada","status":"publish","type":"product","link":"https:\/\/myspainfood.com\/hr\/producto\/komadi-tune-areoso-120gr-250-komada\/","title":{"rendered":"Komadi tune Areoso 120gr 250 komada"},"content":{"rendered":"<p>Specifikacije: Lagani trbuh tune \u2013 \u017eutorepka (Thunnus albacares) u suncokretovom ulju.<\/p>\n<p>Sastojci: lagani tunjevi trbuh 65,2%, suncokretovo ulje 34,8%, sol<\/p>\n<p>Proces proizvodnje: Ventralni dio lagane tune jedan je od najcjenjenijih zbog svog izvrsnog okusa i glatke teksture. Komadi trbuha sti\u017eu u tvornicu gdje se s njima postupa na potpuno zanatski na\u010din. Nakon kuhanja, \u010diste se i ru\u010dno odvajaju na tanke, ujedna\u010dene kri\u0161ke. Pakirani su u konzerve, a kao premaz dodaje se maslinovo ulje, \u0161to \u0107e nesumnjivo poja\u010dati puni okus ovog vrlo cijenjenog proizvoda. Konzerve se zatim zatvaraju i steriliziraju, strogo kontroliranim postupcima koji jam\u010de kvalitetu i o\u010duvanje proizvoda godinama bez dodavanja umjetnih konzervansa.    <\/p>\n<p>Pi\u0161ite nam za vi\u0161e informacija.<\/p>\n","protected":false},"excerpt":{"rendered":"<p>Specifikacije: Lagani trbuh tune \u2013 \u017eutorepka (Thunnus albacares) u suncokretovom ulju. Sastojci: lagani tunjevi trbuh 65,2%, suncokretovo ulje 34,8%, sol Proces proizvodnje: Ventralni dio lagane tune jedan je od najcjenjenijih zbog svog izvrsnog okusa i glatke teksture. Komadi trbuha sti\u017eu u tvornicu gdje se s njima postupa na potpuno zanatski na\u010din. Nakon kuhanja, \u010diste se [&hellip;]<\/p>\n","protected":false},"featured_media":21538,"template":"","meta":{"_et_pb_use_builder":"","_et_pb_old_content":"","_et_gb_content_width":""},"product_brand":[1358],"product_cat":[3296,2973],"product_tag":[],"class_list":{"0":"post-21532","1":"product","2":"type-product","3":"status-publish","4":"has-post-thumbnail","6":"product_brand-areoso","7":"product_cat-konzerve-hr-2","8":"product_cat-veleprodaja","10":"first","11":"outofstock","12":"taxable","13":"shipping-taxable","14":"product-type-variable"},"_links":{"self":[{"href":"https:\/\/myspainfood.com\/hr\/wp-json\/wp\/v2\/product\/21532","targetHints":{"allow":["GET"]}}],"collection":[{"href":"https:\/\/myspainfood.com\/hr\/wp-json\/wp\/v2\/product"}],"about":[{"href":"https:\/\/myspainfood.com\/hr\/wp-json\/wp\/v2\/types\/product"}],"wp:featuredmedia":[{"embeddable":true,"href":"https:\/\/myspainfood.com\/hr\/wp-json\/wp\/v2\/media\/21538"}],"wp:attachment":[{"href":"https:\/\/myspainfood.com\/hr\/wp-json\/wp\/v2\/media?parent=21532"}],"wp:term":[{"taxonomy":"product_brand","embeddable":true,"href":"https:\/\/myspainfood.com\/hr\/wp-json\/wp\/v2\/product_brand?post=21532"},{"taxonomy":"product_cat","embeddable":true,"href":"https:\/\/myspainfood.com\/hr\/wp-json\/wp\/v2\/product_cat?post=21532"},{"taxonomy":"product_tag","embeddable":true,"href":"https:\/\/myspainfood.com\/hr\/wp-json\/wp\/v2\/product_tag?post=21532"}],"curies":[{"name":"wp","href":"https:\/\/api.w.org\/{rel}","templated":true}]}}