{"id":21624,"date":"2025-04-10T12:10:34","date_gmt":"2025-04-10T10:10:34","guid":{"rendered":"https:\/\/myspainfood.com\/producto\/ekstra-iberijski-chorizo-fili-500-grama-salamanca\/"},"modified":"2026-01-29T11:17:00","modified_gmt":"2026-01-29T10:17:00","slug":"ekstra-iberijski-chorizo-fili-500-grama-salamanca","status":"publish","type":"product","link":"https:\/\/myspainfood.com\/hr\/producto\/ekstra-iberijski-chorizo-fili-500-grama-salamanca\/","title":{"rendered":"Ekstra iberijski chorizo \u200b\u200b\u200b\u200bfili 500 grama Salamanca"},"content":{"rendered":"<p>Tradicionalni proizvod najvi\u0161e kvalitete napravljen od najfinijeg iberijskog nemasnog mesa, paprike, \u010de\u0161njaka\u2026<\/p>\n<p> Prezentacija: prirodna svinjska crijeva, vakuumski pakirana u cijelim komadima ili polovicama.<\/p>\n","protected":false},"excerpt":{"rendered":"<p>Tradicionalni proizvod najvi\u0161e kvalitete napravljen od najfinijeg iberijskog nemasnog mesa, paprike, \u010de\u0161njaka\u2026 Prezentacija: prirodna svinjska crijeva, vakuumski pakirana u cijelim komadima ili polovicama.<\/p>\n","protected":false},"featured_media":21628,"template":"","meta":{"_et_pb_use_builder":"","_et_pb_old_content":"","_et_gb_content_width":""},"product_brand":[1388],"product_cat":[1876,2305,2304],"product_tag":[],"class_list":{"0":"post-21624","1":"product","2":"type-product","3":"status-publish","4":"has-post-thumbnail","6":"product_brand-fili","7":"product_cat-hladno-hr","8":"product_cat-kobasica","9":"product_cat-sir-i-kobasice","10":"product_shipping_class-hladna-dostava","12":"first","13":"instock","14":"featured","15":"taxable","16":"shipping-taxable","17":"purchasable","18":"product-type-variable"},"_links":{"self":[{"href":"https:\/\/myspainfood.com\/hr\/wp-json\/wp\/v2\/product\/21624","targetHints":{"allow":["GET"]}}],"collection":[{"href":"https:\/\/myspainfood.com\/hr\/wp-json\/wp\/v2\/product"}],"about":[{"href":"https:\/\/myspainfood.com\/hr\/wp-json\/wp\/v2\/types\/product"}],"wp:featuredmedia":[{"embeddable":true,"href":"https:\/\/myspainfood.com\/hr\/wp-json\/wp\/v2\/media\/21628"}],"wp:attachment":[{"href":"https:\/\/myspainfood.com\/hr\/wp-json\/wp\/v2\/media?parent=21624"}],"wp:term":[{"taxonomy":"product_brand","embeddable":true,"href":"https:\/\/myspainfood.com\/hr\/wp-json\/wp\/v2\/product_brand?post=21624"},{"taxonomy":"product_cat","embeddable":true,"href":"https:\/\/myspainfood.com\/hr\/wp-json\/wp\/v2\/product_cat?post=21624"},{"taxonomy":"product_tag","embeddable":true,"href":"https:\/\/myspainfood.com\/hr\/wp-json\/wp\/v2\/product_tag?post=21624"}],"curies":[{"name":"wp","href":"https:\/\/api.w.org\/{rel}","templated":true}]}}