{"id":21799,"date":"2025-04-10T12:10:34","date_gmt":"2025-04-10T10:10:34","guid":{"rendered":"https:\/\/myspainfood.com\/producto\/sardinilla-25-35-areoso-u-maslinovom-ulju-120gr\/"},"modified":"2025-09-02T10:47:48","modified_gmt":"2025-09-02T08:47:48","slug":"sardinilla-25-35-areoso-u-maslinovom-ulju-120gr","status":"publish","type":"product","link":"https:\/\/myspainfood.com\/hr\/producto\/sardinilla-25-35-areoso-u-maslinovom-ulju-120gr\/","title":{"rendered":"Sardinilla 25\/35 Areoso u maslinovom ulju 120gr"},"content":{"rendered":"<p>Proizvod: Srdele u maslinovom ulju 25\/35 komada<\/p>\n<p>Specifikacije: Mala srdela (Sardina pilchardus) iz galicijskih estuarija, ujedna\u010dene veli\u010dine u maslinovom ulju. Ru\u010dno odabrano u svakoj konzervi. <\/p>\n<p>Sastojci: sardina 73%, maslinovo ulje 27% i sol.<\/p>\n<p>Proizvodni proces: Srdele, unato\u010d tome \u0161to su riba, zahtjevan su proizvod i zahtijevaju prili\u010dno radno intenzivan proizvodni proces. Po dolasku u tvornicu, sardina se pa\u017eljivo obezglavljuje i uklanja iznutrice kako bi se izbjeglo lomljenje i kvarenje izgleda. Zatim se stavljaju na ro\u0161tilje, propu\u0161taju kroz njih i uranjaju u salamuru (voda i sol) kako bi dobili okus i tvrdo\u0107u. Zatim se tradicionalno peku i ru\u010dno pakiraju u svaku konzervu. Nakon \u0161to se doda premaz od maslinovog ulja, posude se zatvaraju i steriliziraju. Ovi strogo kontrolirani procesi jam\u010de o\u010duvanje i kvalitetu proizvoda godinama bez potrebe za umjetnim konzervansima ili aditivima. Nakon toga, konzerve su spremne za skladi\u0161tenje i daljnju obradu.     <\/p>\n","protected":false},"excerpt":{"rendered":"<p>Proizvod: Srdele u maslinovom ulju 25\/35 komada Specifikacije: Mala srdela (Sardina pilchardus) iz galicijskih estuarija, ujedna\u010dene veli\u010dine u maslinovom ulju. Ru\u010dno odabrano u svakoj konzervi. Sastojci: sardina 73%, maslinovo ulje 27% i sol. Proizvodni proces: Srdele, unato\u010d tome \u0161to su riba, zahtjevan su proizvod i zahtijevaju prili\u010dno radno intenzivan proizvodni proces. Po dolasku u tvornicu, [&hellip;]<\/p>\n","protected":false},"featured_media":21807,"template":"","meta":{"_et_pb_use_builder":"","_et_pb_old_content":"","_et_gb_content_width":""},"product_brand":[1358],"product_cat":[1917,3785],"product_tag":[],"class_list":{"0":"post-21799","1":"product","2":"type-product","3":"status-publish","4":"has-post-thumbnail","6":"product_brand-areoso","7":"product_cat-konzerve","8":"product_cat-srdele","10":"first","11":"outofstock","12":"taxable","13":"shipping-taxable","14":"product-type-variable"},"_links":{"self":[{"href":"https:\/\/myspainfood.com\/hr\/wp-json\/wp\/v2\/product\/21799","targetHints":{"allow":["GET"]}}],"collection":[{"href":"https:\/\/myspainfood.com\/hr\/wp-json\/wp\/v2\/product"}],"about":[{"href":"https:\/\/myspainfood.com\/hr\/wp-json\/wp\/v2\/types\/product"}],"wp:featuredmedia":[{"embeddable":true,"href":"https:\/\/myspainfood.com\/hr\/wp-json\/wp\/v2\/media\/21807"}],"wp:attachment":[{"href":"https:\/\/myspainfood.com\/hr\/wp-json\/wp\/v2\/media?parent=21799"}],"wp:term":[{"taxonomy":"product_brand","embeddable":true,"href":"https:\/\/myspainfood.com\/hr\/wp-json\/wp\/v2\/product_brand?post=21799"},{"taxonomy":"product_cat","embeddable":true,"href":"https:\/\/myspainfood.com\/hr\/wp-json\/wp\/v2\/product_cat?post=21799"},{"taxonomy":"product_tag","embeddable":true,"href":"https:\/\/myspainfood.com\/hr\/wp-json\/wp\/v2\/product_tag?post=21799"}],"curies":[{"name":"wp","href":"https:\/\/api.w.org\/{rel}","templated":true}]}}