{"id":22304,"date":"2025-04-10T12:05:32","date_gmt":"2025-04-10T10:05:32","guid":{"rendered":"https:\/\/myspainfood.com\/producto\/baskijska-cili-papricica\/"},"modified":"2025-04-10T12:05:32","modified_gmt":"2025-04-10T10:05:32","slug":"baskijska-cili-papricica","status":"publish","type":"product","link":"https:\/\/myspainfood.com\/hr\/producto\/baskijska-cili-papricica\/","title":{"rendered":"Baskijska \u010dili papri\u010dica"},"content":{"rendered":"<p>Baskijske \u010dili papri\u010dice u octu dat \u0107e na\u0161im <a href=\"https:\/\/es.wikipedia.org\/wiki\/Guindilla_de_Ibarra\" target=\"_blank\" rel=\"noopener noreferrer nofollow\">jelima<\/a> onaj pikantan dodir koji ih \u010dini posebnima.<\/p>\n<p>Ovaj proizvod \u0107e odu\u0161eviti nepce i visoko je cijenjen uz variva ili umake pune okusa.<\/p>\n<p>Me\u0111u mnogim tradicionalnim sastojcima baskijske kuhinje je i \u010dili piparra.<\/p>\n<p>Vrlo posebna \u010dili papri\u010dica jer je jedva ljuta.<\/p>\n<p>Vrlo dobro se uklapa u sve vrste jelovnika i vrlo ga dobro prihva\u0107aju oni koji nisu osobito ljubitelji ovog okusa.<\/p>\n<p>Baskijske \u010dili papri\u010dice u ovoj staklenci prosje\u010dne su veli\u010dine izme\u0111u 7 i 12 cm i pripremaju se s octom.<\/p>\n<p>Pravi dodir s kojim se piparre obi\u010dno poslu\u017euju, koji \u0107e vam sa svakim zalogajem poslati drhtaj intenzivnog okusa kroz tijelo.<\/p>\n<p>Neka svojstva \u010dili papri\u010dica:<\/p>\n<ul>\n<li>Smanjuje kolesterol.<\/li>\n<li>Stimulira cirkulaciju krvi i respiratornu funkciju.<\/li>\n<li>Smatra se da mo\u017ee pomo\u0107i u smanjenju vi\u0161ka kilograma, jer ubrzava metabolizam.<\/li>\n<li>Prema nekim studijama, \u0161titi \u017eeludac tako \u0161to ga poti\u010de na proizvodnju vi\u0161e sluzi.<\/li>\n<\/ul>\n<p>Ako \u017eelite kupiti masline ili bilo koju drugu vrstu <a href=\"https:\/\/latiendadesami.com\/categoria-producto\/encurtidos\/\" rel=\"noopener noreferrer nofollow\" target=\"_blank\">kiselih krastavaca<\/a> , slobodno pogledajte cijeli na\u0161 online katalog kako biste vidjeli \u0161irok izbor <a href=\"https:\/\/latiendadesami.com\/categoria-producto\/encurtidos\/pepinillos\/\" target=\"_blank\" rel=\"noopener noreferrer nofollow\">kiselih krastavaca<\/a> koje imamo.<\/p>\n","protected":false},"excerpt":{"rendered":"<p>&nbsp;<\/p>\n<p>&nbsp;<\/p>\n","protected":false},"featured_media":22312,"template":"","meta":{"_et_pb_use_builder":"","_et_pb_old_content":"","_et_gb_content_width":""},"product_brand":[1057],"product_cat":[4030,1791],"product_tag":[4031],"class_list":{"0":"post-22304","1":"product","2":"type-product","3":"status-publish","4":"has-post-thumbnail","6":"product_brand-la-encajera","7":"product_cat-cili-papricice","8":"product_cat-kiseli-krastavci","9":"product_tag-baskijski-hr","11":"first","12":"outofstock","13":"taxable","14":"shipping-taxable","15":"product-type-variable"},"_links":{"self":[{"href":"https:\/\/myspainfood.com\/hr\/wp-json\/wp\/v2\/product\/22304","targetHints":{"allow":["GET"]}}],"collection":[{"href":"https:\/\/myspainfood.com\/hr\/wp-json\/wp\/v2\/product"}],"about":[{"href":"https:\/\/myspainfood.com\/hr\/wp-json\/wp\/v2\/types\/product"}],"wp:featuredmedia":[{"embeddable":true,"href":"https:\/\/myspainfood.com\/hr\/wp-json\/wp\/v2\/media\/22312"}],"wp:attachment":[{"href":"https:\/\/myspainfood.com\/hr\/wp-json\/wp\/v2\/media?parent=22304"}],"wp:term":[{"taxonomy":"product_brand","embeddable":true,"href":"https:\/\/myspainfood.com\/hr\/wp-json\/wp\/v2\/product_brand?post=22304"},{"taxonomy":"product_cat","embeddable":true,"href":"https:\/\/myspainfood.com\/hr\/wp-json\/wp\/v2\/product_cat?post=22304"},{"taxonomy":"product_tag","embeddable":true,"href":"https:\/\/myspainfood.com\/hr\/wp-json\/wp\/v2\/product_tag?post=22304"}],"curies":[{"name":"wp","href":"https:\/\/api.w.org\/{rel}","templated":true}]}}