{"id":22675,"date":"2025-04-10T12:05:09","date_gmt":"2025-04-10T10:05:09","guid":{"rendered":"https:\/\/myspainfood.com\/producto\/kimbos-gordal-gordal-masline-i-kiseli-krastavci-900-gr-chicon\/"},"modified":"2025-04-10T12:05:09","modified_gmt":"2025-04-10T10:05:09","slug":"kimbos-gordal-gordal-masline-i-kiseli-krastavci-900-gr-chicon","status":"publish","type":"product","link":"https:\/\/myspainfood.com\/hr\/producto\/kimbos-gordal-gordal-masline-i-kiseli-krastavci-900-gr-chicon\/","title":{"rendered":"Kimbos Gordal \u2013 Gordal masline i kiseli krastavci 900 gr Chic\u00f3n"},"content":{"rendered":"<h3>Za\u0161to jesti Kimbos Gordal masline punjene kiselim krastavcima?<\/h3>\n<p>Kimbos Gordal je varijanta jedne od najkonzumiranijih punjenih maslina u \u0160panjolskoj i izvan nje.<\/p>\n<p>Jedna od njegovih osobitosti je veli\u010dina, jer je obi\u010dno ve\u0107i od ostalih sorti.<\/p>\n<p>Zbog toga je idealna maslina za poslu\u017eivanje na stolu ispunjenom razli\u010ditim vrstama hrane poput in\u0107una, kiselih krastavaca ili paprika, na primjer.<\/p>\n<p>Ime Gordal Olive zapravo joj je dano zbog veli\u010dine.<\/p>\n<p>Moglo bi se re\u0107i da se isti\u010de svojim prili\u010dno atraktivnim i upadljivim izgledom.<\/p>\n<p>Iako potje\u010de iz <a href=\"https:\/\/aceitunaschiconlebron.com\/catalogo\/aceituna-gordal-rellena-de-pepinillo\/\" target=\"_blank\" rel=\"noopener noreferrer nofollow\">Andaluzije<\/a> , konzumacija gordalskih maslina punjenih kiselim krastavcima pro\u0161irila se na Sjedinjene Dr\u017eave, gdje se najvi\u0161e ukorijenila izvan \u0160panjolske.<\/p>\n<p>Ako \u017eelite kupiti masline ili bilo koju drugu vrstu <a href=\"https:\/\/latiendadesami.com\/categoria-producto\/encurtidos\/\" rel=\"noopener noreferrer nofollow\" target=\"_blank\">ukiseljenog proizvoda<\/a> , slobodno pregledajte cijeli na\u0161 online katalog kako biste vidjeli \u0161irok izbor <a href=\"https:\/\/latiendadesami.com\/categoria-producto\/encurtidos\/aceitunas\/\" target=\"_blank\" rel=\"noopener noreferrer nofollow\">maslina<\/a> koje imamo.<\/p>\n","protected":false},"excerpt":{"rendered":"<p>Za\u0161to jesti Kimbos Gordal masline punjene kiselim krastavcima? Kimbos Gordal je varijanta jedne od najkonzumiranijih punjenih maslina u \u0160panjolskoj i izvan nje. Jedna od njegovih osobitosti je veli\u010dina, jer je obi\u010dno ve\u0107i od ostalih sorti. Zbog toga je idealna maslina za poslu\u017eivanje na stolu ispunjenom razli\u010ditim vrstama hrane poput in\u0107una, kiselih krastavaca ili paprika, na [&hellip;]<\/p>\n","protected":false},"featured_media":4839,"template":"","meta":{"_et_pb_use_builder":"","_et_pb_old_content":"","_et_gb_content_width":""},"product_brand":[1036],"product_cat":[1791,1792],"product_tag":[4104,1989],"class_list":{"0":"post-22675","1":"product","2":"type-product","3":"status-publish","4":"has-post-thumbnail","6":"product_brand-chicon","7":"product_cat-kiseli-krastavci","8":"product_cat-masline-hr","9":"product_tag-gordal-hr","10":"product_tag-kimbo-hr","12":"first","13":"instock","14":"taxable","15":"shipping-taxable","16":"purchasable","17":"product-type-variable"},"_links":{"self":[{"href":"https:\/\/myspainfood.com\/hr\/wp-json\/wp\/v2\/product\/22675","targetHints":{"allow":["GET"]}}],"collection":[{"href":"https:\/\/myspainfood.com\/hr\/wp-json\/wp\/v2\/product"}],"about":[{"href":"https:\/\/myspainfood.com\/hr\/wp-json\/wp\/v2\/types\/product"}],"wp:featuredmedia":[{"embeddable":true,"href":"https:\/\/myspainfood.com\/hr\/wp-json\/wp\/v2\/media\/4839"}],"wp:attachment":[{"href":"https:\/\/myspainfood.com\/hr\/wp-json\/wp\/v2\/media?parent=22675"}],"wp:term":[{"taxonomy":"product_brand","embeddable":true,"href":"https:\/\/myspainfood.com\/hr\/wp-json\/wp\/v2\/product_brand?post=22675"},{"taxonomy":"product_cat","embeddable":true,"href":"https:\/\/myspainfood.com\/hr\/wp-json\/wp\/v2\/product_cat?post=22675"},{"taxonomy":"product_tag","embeddable":true,"href":"https:\/\/myspainfood.com\/hr\/wp-json\/wp\/v2\/product_tag?post=22675"}],"curies":[{"name":"wp","href":"https:\/\/api.w.org\/{rel}","templated":true}]}}