{"id":22868,"date":"2025-04-10T12:05:09","date_gmt":"2025-04-10T10:05:09","guid":{"rendered":"https:\/\/myspainfood.com\/producto\/bakina-divljac-900-gr-chicon\/"},"modified":"2026-01-29T11:29:53","modified_gmt":"2026-01-29T10:29:53","slug":"bakina-divljac-900-gr-chicon","status":"publish","type":"product","link":"https:\/\/myspainfood.com\/hr\/producto\/bakina-divljac-900-gr-chicon\/","title":{"rendered":"Bakina serija 900 gr Chic\u00f3n"},"content":{"rendered":"<p>Prednosti bakinih Chiconovih split maslina<\/p>\n<p>Brojne su prednosti bakinih maslina, a osim izvrsnog okusa, njihova svojstva su tako\u0111er vrlo korisna za zdravlje.<\/p>\n<p>Smanjuju kolesterol. Zahvaljuju\u0107i oleinskoj kiselini, bakine prerezane masline poma\u017eu u kontroli kolesterola. <\/p>\n<p>Poma\u017eu kod probave. Zbog visokog sadr\u017eaja vlakana, ove masline poma\u017eu u uklanjanju toksina i pobolj\u0161avaju ukupnu stolicu. <\/p>\n<p>Prednosti za ko\u017eu. Vitamini A i E su dobri za ko\u017eu i imaju svojstva protiv starenja. <\/p>\n<p>Oni daju energiju. Imaju visok sadr\u017eaj \u017eeljeza, koji poma\u017ee u sintezi karnitina i proizvodnji energije. <\/p>\n<p>Kupite svoje Partida masline od bake<\/p>\n<p>Bakine masline isti\u010du se po svom slatkom, ali intenzivnom okusu, kao i po karakteristi\u010dnom preljevu stvorenom od prirodnih za\u010dina.<\/p>\n<p>Nakon \u0161to se \u010duvaju 5 godina, plodovi masline se maceriraju dok ne postignu ugodnu teksturu kojom se mogu pohvaliti <a href=\"https:\/\/latiendadesami.com\/categoria-producto\/encurtidos\/\" target=\"_blank\" rel=\"noopener noreferrer nofollow\">ukiseljene<\/a> masline na\u0161e bake.<\/p>\n<p>Ove \u010dvrste, cijele, lokalne masline, lagano zgnje\u010dene i <a href=\"https:\/\/es.wikipedia.org\/wiki\/Aceitunas_ali%C3%B1adas\" target=\"_blank\" rel=\"noopener noreferrer nofollow\">za\u010dinjene<\/a> prema bakinom receptu, rezultat su duge obiteljske tradicije podrijetlom iz Antequere u M\u00e1lagi.<\/p>\n","protected":false},"excerpt":{"rendered":"<p>Prednosti bakinih Chiconovih split maslina Brojne su prednosti bakinih maslina, a osim izvrsnog okusa, njihova svojstva su tako\u0111er vrlo korisna za zdravlje. Smanjuju kolesterol. Zahvaljuju\u0107i oleinskoj kiselini, bakine prerezane masline poma\u017eu u kontroli kolesterola. Poma\u017eu kod probave. Zbog visokog sadr\u017eaja vlakana, ove masline poma\u017eu u uklanjanju toksina i pobolj\u0161avaju ukupnu stolicu. Prednosti za ko\u017eu. Vitamini [&hellip;]<\/p>\n","protected":false},"featured_media":22875,"template":"","meta":{"_et_pb_use_builder":"","_et_pb_old_content":"","_et_gb_content_width":""},"product_brand":[1036],"product_cat":[1791,1792],"product_tag":[1794,1796],"class_list":{"0":"post-22868","1":"product","2":"type-product","3":"status-publish","4":"has-post-thumbnail","6":"product_brand-chicon","7":"product_cat-kiseli-krastavci","8":"product_cat-masline-hr","9":"product_tag-baka","10":"product_tag-odlazak","12":"first","13":"instock","14":"featured","15":"taxable","16":"shipping-taxable","17":"purchasable","18":"product-type-variable"},"_links":{"self":[{"href":"https:\/\/myspainfood.com\/hr\/wp-json\/wp\/v2\/product\/22868","targetHints":{"allow":["GET"]}}],"collection":[{"href":"https:\/\/myspainfood.com\/hr\/wp-json\/wp\/v2\/product"}],"about":[{"href":"https:\/\/myspainfood.com\/hr\/wp-json\/wp\/v2\/types\/product"}],"wp:featuredmedia":[{"embeddable":true,"href":"https:\/\/myspainfood.com\/hr\/wp-json\/wp\/v2\/media\/22875"}],"wp:attachment":[{"href":"https:\/\/myspainfood.com\/hr\/wp-json\/wp\/v2\/media?parent=22868"}],"wp:term":[{"taxonomy":"product_brand","embeddable":true,"href":"https:\/\/myspainfood.com\/hr\/wp-json\/wp\/v2\/product_brand?post=22868"},{"taxonomy":"product_cat","embeddable":true,"href":"https:\/\/myspainfood.com\/hr\/wp-json\/wp\/v2\/product_cat?post=22868"},{"taxonomy":"product_tag","embeddable":true,"href":"https:\/\/myspainfood.com\/hr\/wp-json\/wp\/v2\/product_tag?post=22868"}],"curies":[{"name":"wp","href":"https:\/\/api.w.org\/{rel}","templated":true}]}}