{"id":23131,"date":"2025-04-10T12:05:10","date_gmt":"2025-04-10T10:05:10","guid":{"rendered":"https:\/\/myspainfood.com\/producto\/la-encajera-sjeckani-patlidzan-440-grama\/"},"modified":"2025-04-10T12:05:10","modified_gmt":"2025-04-10T10:05:10","slug":"la-encajera-sjeckani-patlidzan-440-grama","status":"publish","type":"product","link":"https:\/\/myspainfood.com\/hr\/producto\/la-encajera-sjeckani-patlidzan-440-grama\/","title":{"rendered":"La Encajera sjeckani patlid\u017ean 440 grama"},"content":{"rendered":"<p>Sjeckani patlid\u017ean je glavni sastojak u <a href=\"https:\/\/www.laencajera.es\/berenjenas-de-almagro\" target=\"_blank\" rel=\"noopener noreferrer nofollow\">Almagro<\/a> salatama. Osjetite tradicionalni okus u svakom zalogaju. <\/p>\n<p>Obi\u010dno se poslu\u017euje kao predjelo ili u kombinaciji s jelima sa \u017elicom. Narezani patlid\u017eani izvorno potje\u010du iz Castilla la Manche u \u0160panjolskoj. <\/p>\n<p>Sastojci: patlid\u017ean &#8220;De Almagro&#8221;, voda, sol, alkoholni ocat, limunska kiselina (E-330), kalcijev klorid (E-509), natrijev metabisulfit, kumin, paprika, prirodni komora\u010d, mlije\u010dna kiselina (E-270).<\/p>\n<p>Uvjeti skladi\u0161tenja:<\/p>\n<p>\u010cuvati na hladnom i suhom mjestu, izme\u0111u 3\u00baC i 10\u00baC. Za\u0161tititi od sun\u010deve svjetlosti i jakih mirisa <\/p>\n<p>Nakon otvaranja, posudu \u010duvajte u hladnjaku i konzumirajte unutar 30 dana.<\/p>\n<p>Ako \u017eelite kupiti masline ili bilo koju drugu vrstu <a href=\"https:\/\/latiendadesami.com\/categoria-producto\/encurtidos\/\" rel=\"noopener noreferrer nofollow\" target=\"_blank\">ukiseljenog proizvoda<\/a> , slobodno pogledajte cijeli na\u0161 online katalog kako biste vidjeli \u0161irok izbor <a href=\"https:\/\/latiendadesami.com\/categoria-producto\/encurtidos\/berenjenas\/\" target=\"_blank\" rel=\"noopener noreferrer nofollow\">patlid\u017eana<\/a> koje imamo.<\/p>\n<p>Brend je La Encajonera, obiteljski posao osnovan 1990. godine, smje\u0161ten u srcu La Manche, u gradu ALMAGRO, u pokrajini Ciudad Real.<\/p>\n<p>Proizvodni proces njihovih proizvoda zapo\u010dinje u istom podru\u010dju uzgoja, odabiru\u0107i proizvode najvi\u0161e kvalitete.<\/p>\n<p>Tvornica je opremljena najnaprednijom tehnologijom, a istovremeno odr\u017eava tradiciju i stru\u010dnost svojih obrtnika.<\/p>\n","protected":false},"excerpt":{"rendered":"<p>Glavni sastojak Almagro salata. Osjetite tradicionalni okus u svakom zalogaju. Obi\u010dno se poslu\u017euje kao predjelo ili u kombinaciji s jelima sa \u017elicom.  <\/p>\n","protected":false},"featured_media":23138,"template":"","meta":{"_et_pb_use_builder":"","_et_pb_old_content":"","_et_gb_content_width":""},"product_brand":[1057],"product_cat":[1791,2102],"product_tag":[4169],"class_list":{"0":"post-23131","1":"product","2":"type-product","3":"status-publish","4":"has-post-thumbnail","6":"product_brand-la-encajera","7":"product_cat-kiseli-krastavci","8":"product_cat-patlidzani","9":"product_tag-nasjeckano","11":"first","12":"instock","13":"taxable","14":"shipping-taxable","15":"purchasable","16":"product-type-variable"},"_links":{"self":[{"href":"https:\/\/myspainfood.com\/hr\/wp-json\/wp\/v2\/product\/23131","targetHints":{"allow":["GET"]}}],"collection":[{"href":"https:\/\/myspainfood.com\/hr\/wp-json\/wp\/v2\/product"}],"about":[{"href":"https:\/\/myspainfood.com\/hr\/wp-json\/wp\/v2\/types\/product"}],"wp:featuredmedia":[{"embeddable":true,"href":"https:\/\/myspainfood.com\/hr\/wp-json\/wp\/v2\/media\/23138"}],"wp:attachment":[{"href":"https:\/\/myspainfood.com\/hr\/wp-json\/wp\/v2\/media?parent=23131"}],"wp:term":[{"taxonomy":"product_brand","embeddable":true,"href":"https:\/\/myspainfood.com\/hr\/wp-json\/wp\/v2\/product_brand?post=23131"},{"taxonomy":"product_cat","embeddable":true,"href":"https:\/\/myspainfood.com\/hr\/wp-json\/wp\/v2\/product_cat?post=23131"},{"taxonomy":"product_tag","embeddable":true,"href":"https:\/\/myspainfood.com\/hr\/wp-json\/wp\/v2\/product_tag?post=23131"}],"curies":[{"name":"wp","href":"https:\/\/api.w.org\/{rel}","templated":true}]}}