{"id":25219,"date":"2025-04-10T12:05:46","date_gmt":"2025-04-10T10:05:46","guid":{"rendered":"https:\/\/myspainfood.com\/producto\/ukiseljeni-krastavci-punjeni-incunima-2-kg-ne\/"},"modified":"2025-06-25T12:23:11","modified_gmt":"2025-06-25T10:23:11","slug":"ukiseljeni-krastavci-punjeni-incunima-2-kg-ne","status":"publish","type":"product","link":"https:\/\/myspainfood.com\/hr\/producto\/ukiseljeni-krastavci-punjeni-incunima-2-kg-ne\/","title":{"rendered":"Ukiseljeni krastavci punjeni in\u0107unima 2 kg ne"},"content":{"rendered":"<p>Ukiseljeni krastavci punjeni in\u0107unima 2 kg \u2013 krastavac, in\u0107un, luk, maslina, papar, sol. Za u\u017eivanje u dobrom <a href=\"https:\/\/www.google.com\/search?q=pepinillos+rellenos+de+anchoa&amp;sxsrf=APq-WBt_i-Tka1Uv3POveVZqwLAkAbPIVg:1644316240904&amp;source=lnms&amp;tbm=isch&amp;sa=X&amp;ved=2ahUKEwj7or-r8-_1AhXO57sIHTYYAU0Q_AUoAXoECAEQAw&amp;biw=1577&amp;bih=780&amp;dpr=1\" target=\"_blank\" rel=\"noopener noreferrer nofollow\">aperitivu<\/a> . <\/p>\n<p>Mje\u0161avina okusa koju pru\u017eaju sastojci u kombinaciji s da\u0161kom octa daje mu poseban okus koji je vrlo ugodan nepcu.<\/p>\n<p>Kiseli krastavci su me\u0111uobrok koji ja\u010da imunolo\u0161ki sustav, \u0161to zna\u010di da poma\u017eu va\u0161oj obrani i pobolj\u0161avaju va\u0161e cjelokupno zdravlje.<\/p>\n<h3><strong>Prednosti punjenih kiselih krastavaca in\u0107unima 2 kg<\/strong><\/h3>\n<p>Jeste li znali op\u0107enito koje su prednosti kiselih krastavaca? U nastavku navodimo najzna\u010dajnije: <\/p>\n<ul>\n<li>Bogato probioticima.<\/li>\n<li>Poma\u017eu probavi.<\/li>\n<li>Oni ja\u010daju imunolo\u0161ki sustav.<\/li>\n<li>Smanjuju \u017eelju za konzumiranjem \u0161e\u0107era.<\/li>\n<li>Povoljno za \u017eu\u010dni mjehur.<\/li>\n<\/ul>\n<p>Ako \u017eelite kupiti masline ili bilo koju drugu vrstu <a href=\"https:\/\/latiendadesami.com\/categoria-producto\/encurtidos\/\" rel=\"noopener noreferrer nofollow\" target=\"_blank\">kiselih krastavaca<\/a> , slobodno pogledajte cijeli na\u0161 online katalog kako biste vidjeli \u0161irok izbor <a href=\"https:\/\/latiendadesami.com\/categoria-producto\/encurtidos\/pepinillos\/\" target=\"_blank\" rel=\"noopener noreferrer nofollow\">kiselih krastavaca<\/a> koje imamo.<\/p>\n","protected":false},"excerpt":{"rendered":"<p>Ukiseljeni krastavci punjeni in\u0107unima 2 kg \u2013 krastavac, in\u0107un, luk, maslina, papar, sol. Za u\u017eivanje u dobrom aperitivu . Mje\u0161avina okusa koju pru\u017eaju sastojci u kombinaciji s da\u0161kom octa daje mu poseban okus koji je vrlo ugodan nepcu. Kiseli krastavci su me\u0111uobrok koji ja\u010da imunolo\u0161ki sustav, \u0161to zna\u010di da poma\u017eu va\u0161oj obrani i pobolj\u0161avaju va\u0161e [&hellip;]<\/p>\n","protected":false},"featured_media":25221,"template":"","meta":{"_et_pb_use_builder":"","_et_pb_old_content":"","_et_gb_content_width":""},"product_brand":[1069],"product_cat":[1876,1988,1791],"product_tag":[5095,2017],"class_list":{"0":"post-25219","1":"product","2":"type-product","3":"status-publish","4":"has-post-thumbnail","6":"product_brand-sangar","7":"product_cat-hladno-hr","8":"product_cat-kiseli-krastavci-hr","9":"product_cat-kiseli-krastavci","10":"product_tag-incun","11":"product_tag-kiseli-krastavac","12":"product_shipping_class-hladna-dostava","14":"first","15":"instock","16":"taxable","17":"shipping-taxable","18":"purchasable","19":"product-type-simple"},"_links":{"self":[{"href":"https:\/\/myspainfood.com\/hr\/wp-json\/wp\/v2\/product\/25219","targetHints":{"allow":["GET"]}}],"collection":[{"href":"https:\/\/myspainfood.com\/hr\/wp-json\/wp\/v2\/product"}],"about":[{"href":"https:\/\/myspainfood.com\/hr\/wp-json\/wp\/v2\/types\/product"}],"wp:featuredmedia":[{"embeddable":true,"href":"https:\/\/myspainfood.com\/hr\/wp-json\/wp\/v2\/media\/25221"}],"wp:attachment":[{"href":"https:\/\/myspainfood.com\/hr\/wp-json\/wp\/v2\/media?parent=25219"}],"wp:term":[{"taxonomy":"product_brand","embeddable":true,"href":"https:\/\/myspainfood.com\/hr\/wp-json\/wp\/v2\/product_brand?post=25219"},{"taxonomy":"product_cat","embeddable":true,"href":"https:\/\/myspainfood.com\/hr\/wp-json\/wp\/v2\/product_cat?post=25219"},{"taxonomy":"product_tag","embeddable":true,"href":"https:\/\/myspainfood.com\/hr\/wp-json\/wp\/v2\/product_tag?post=25219"}],"curies":[{"name":"wp","href":"https:\/\/api.w.org\/{rel}","templated":true}]}}