{"id":25396,"date":"2025-04-10T12:05:46","date_gmt":"2025-04-10T10:05:46","guid":{"rendered":"https:\/\/myspainfood.com\/producto\/bez-kostiju-45-kg\/"},"modified":"2025-05-08T20:44:25","modified_gmt":"2025-05-08T18:44:25","slug":"bez-kostiju-45-kg","status":"publish","type":"product","link":"https:\/\/myspainfood.com\/hr\/producto\/bez-kostiju-45-kg\/","title":{"rendered":"Bez kostiju 4,5 kg"},"content":{"rendered":"<p>Maslina bez ko\u0161tica 4,5 kg je zelena i bez <a href=\"https:\/\/www.google.com\/search?q=aceitunas+deshuesadas&amp;sxsrf=APq-WBvbn4FM7rlwj2SbPE3GYq4nrKA1Ug:1644314369924&amp;source=lnms&amp;tbm=isch&amp;sa=X&amp;ved=2ahUKEwjE56uv7O_1AhWrgf0HHWvsDTUQ_AUoAXoECAEQAw&amp;biw=1577&amp;bih=780&amp;dpr=1\" target=\"_blank\" rel=\"noopener noreferrer nofollow\">ko\u0161tica<\/a> . Zadr\u017eavaju\u0107i svoj izvorni oblik. <\/p>\n<p>To je vrlo zdrav dodatak na\u0161oj tradicionalnoj hranjivoj mediteranskoj prehrani.<\/p>\n<p>U \u0160panjolskoj mo\u017eete prona\u0107i masline, kisele krastavce, patlid\u017ean Almagro, mrkvu i luk, dok su kapari, \u010de\u0161njak ili \u010dak mje\u0161avina navedenog vrlo tradicionalni.<\/p>\n<p>\u010cesto se poslu\u017euju kao tapas uz pivo (ne vino zbog sadr\u017eaja octa).<\/p>\n<p>Kiseljenje se razvilo od drevne tehnike koja se koristila diljem svijeta za konzerviranje hrane do jednog od najcjenjenijih tapasa ili predjela u \u0161panjolskoj kuhinji.<\/p>\n<h3>Prednosti maslina bez ko\u0161tica 4,5 kg<\/h3>\n<p>Jeste li znali za brojne blagodati ovih maslina? Imaju veliku mo\u0107 kada je u pitanju sprje\u010davanje bolesti srca i krvo\u017eilnog sustava op\u0107enito. <\/p>\n<p>To je zbog visokog sadr\u017eaja nezasi\u0107enih masti. Osim toga, to je namirnica koja sadr\u017ei puno \u017eeljeza i vlakana te je vrlo zasitna, \u0161to je \u010dini savr\u0161enom grickalicom. <\/p>\n<p>Ako \u017eelite kupiti masline ili bilo koju drugu vrstu <a href=\"https:\/\/latiendadesami.com\/categoria-producto\/encurtidos\/\" rel=\"noopener noreferrer nofollow\" target=\"_blank\">ukiseljenog proizvoda<\/a> , slobodno pregledajte cijeli na\u0161 online katalog kako biste vidjeli \u0161irok izbor <a href=\"https:\/\/latiendadesami.com\/categoria-producto\/encurtidos\/aceitunas\/\" target=\"_blank\" rel=\"noopener noreferrer nofollow\">maslina<\/a> koje imamo.<\/p>\n<p>Za vi\u0161e informacija o cijeloj na\u0161oj kolekciji uzoraka mo\u017eete nam pisati.<\/p>\n","protected":false},"excerpt":{"rendered":"<p>Maslina bez ko\u0161tica 4,5 kg je zelena i bez ko\u0161tica . Zadr\u017eavaju\u0107i svoj izvorni oblik. To je vrlo zdrav dodatak na\u0161oj tradicionalnoj hranjivoj mediteranskoj prehrani. U \u0160panjolskoj mo\u017eete prona\u0107i masline, kisele krastavce, patlid\u017ean Almagro, mrkvu i luk, dok su kapari, \u010de\u0161njak ili \u010dak mje\u0161avina navedenog vrlo tradicionalni. \u010cesto se poslu\u017euju kao tapas uz pivo (ne [&hellip;]<\/p>\n","protected":false},"featured_media":25404,"template":"","meta":{"_et_pb_use_builder":"","_et_pb_old_content":"","_et_gb_content_width":""},"product_brand":[1069],"product_cat":[1791,1792],"product_tag":[5235],"class_list":{"0":"post-25396","1":"product","2":"type-product","3":"status-publish","4":"has-post-thumbnail","6":"product_brand-sangar","7":"product_cat-kiseli-krastavci","8":"product_cat-masline-hr","9":"product_tag-bez-kostiju","11":"first","12":"outofstock","13":"taxable","14":"shipping-taxable","15":"product-type-variable"},"_links":{"self":[{"href":"https:\/\/myspainfood.com\/hr\/wp-json\/wp\/v2\/product\/25396","targetHints":{"allow":["GET"]}}],"collection":[{"href":"https:\/\/myspainfood.com\/hr\/wp-json\/wp\/v2\/product"}],"about":[{"href":"https:\/\/myspainfood.com\/hr\/wp-json\/wp\/v2\/types\/product"}],"wp:featuredmedia":[{"embeddable":true,"href":"https:\/\/myspainfood.com\/hr\/wp-json\/wp\/v2\/media\/25404"}],"wp:attachment":[{"href":"https:\/\/myspainfood.com\/hr\/wp-json\/wp\/v2\/media?parent=25396"}],"wp:term":[{"taxonomy":"product_brand","embeddable":true,"href":"https:\/\/myspainfood.com\/hr\/wp-json\/wp\/v2\/product_brand?post=25396"},{"taxonomy":"product_cat","embeddable":true,"href":"https:\/\/myspainfood.com\/hr\/wp-json\/wp\/v2\/product_cat?post=25396"},{"taxonomy":"product_tag","embeddable":true,"href":"https:\/\/myspainfood.com\/hr\/wp-json\/wp\/v2\/product_tag?post=25396"}],"curies":[{"name":"wp","href":"https:\/\/api.w.org\/{rel}","templated":true}]}}