{"id":25419,"date":"2025-04-10T12:06:25","date_gmt":"2025-04-10T10:06:25","guid":{"rendered":"https:\/\/myspainfood.com\/producto\/kantabrijske-incune-300-gr\/"},"modified":"2025-06-24T16:19:11","modified_gmt":"2025-06-24T14:19:11","slug":"kantabrijske-incune-300-gr","status":"publish","type":"product","link":"https:\/\/myspainfood.com\/hr\/producto\/kantabrijske-incune-300-gr\/","title":{"rendered":"Kantabrijske in\u0107une 300 gr"},"content":{"rendered":"<p>In\u0107uni iz Kantabrijskog mora su najcjenjeniji i najcjenjeniji na tr\u017ei\u0161tu, isti\u010du\u0107i se svojom finom teksturom i intenzivnim okusom. Kantabrijske in\u0107une iz Arroyabea su vrhunske kvalitete, ulovljene isklju\u010divo u Kantabrijskom moru, vrste &#8220;Engraulis Encrasicholus&#8221; i pripremljene ru\u010dno. <\/p>\n<p>Postoje dvije vrste polukonzerviranih in\u0107una: fileti in\u0107una u ulju i slani in\u0107uni. Slane in\u0107une se pakiraju u konzerve sa solju tijekom proljetne sezone, a zatim se ostavljaju da sazrijevaju 9 mjeseci. Najbolje su rje\u0161enje za one koji \u017eele pripremiti in\u0107une po svom ukusu, a slane in\u0107une mogu se kupiti u konzervama od 2,5, 5 i 10 kilograma.  <\/p>\n<p>Fileti in\u0107una u maslinovom ulju imaju dodatnu prednost \u0161to se nakon zrenja \u010diste i filetiraju ru\u010dno, slijede\u0107i tradicionalne tehnike obrade in\u0107una.<\/p>\n","protected":false},"excerpt":{"rendered":"<p>In\u0107uni iz Kantabrijskog mora su najcjenjeniji i najcjenjeniji na tr\u017ei\u0161tu, isti\u010du\u0107i se svojom finom teksturom i intenzivnim okusom. Kantabrijske in\u0107une iz Arroyabea su vrhunske kvalitete, ulovljene isklju\u010divo u Kantabrijskom moru, vrste &#8220;Engraulis Encrasicholus&#8221; i pripremljene ru\u010dno. Postoje dvije vrste polukonzerviranih in\u0107una: fileti in\u0107una u ulju i slani in\u0107uni. Slane in\u0107une se pakiraju u konzerve sa [&hellip;]<\/p>\n","protected":false},"featured_media":25420,"template":"","meta":{"_et_pb_use_builder":"","_et_pb_old_content":"","_et_gb_content_width":""},"product_brand":[1127],"product_cat":[1876,1877],"product_tag":[],"class_list":{"0":"post-25419","1":"product","2":"type-product","3":"status-publish","4":"has-post-thumbnail","6":"product_brand-picarpicar","7":"product_cat-hladno-hr","8":"product_cat-incuni","9":"product_shipping_class-hladna-dostava","11":"first","12":"outofstock","13":"taxable","14":"shipping-taxable","15":"purchasable","16":"product-type-simple"},"_links":{"self":[{"href":"https:\/\/myspainfood.com\/hr\/wp-json\/wp\/v2\/product\/25419","targetHints":{"allow":["GET"]}}],"collection":[{"href":"https:\/\/myspainfood.com\/hr\/wp-json\/wp\/v2\/product"}],"about":[{"href":"https:\/\/myspainfood.com\/hr\/wp-json\/wp\/v2\/types\/product"}],"wp:featuredmedia":[{"embeddable":true,"href":"https:\/\/myspainfood.com\/hr\/wp-json\/wp\/v2\/media\/25420"}],"wp:attachment":[{"href":"https:\/\/myspainfood.com\/hr\/wp-json\/wp\/v2\/media?parent=25419"}],"wp:term":[{"taxonomy":"product_brand","embeddable":true,"href":"https:\/\/myspainfood.com\/hr\/wp-json\/wp\/v2\/product_brand?post=25419"},{"taxonomy":"product_cat","embeddable":true,"href":"https:\/\/myspainfood.com\/hr\/wp-json\/wp\/v2\/product_cat?post=25419"},{"taxonomy":"product_tag","embeddable":true,"href":"https:\/\/myspainfood.com\/hr\/wp-json\/wp\/v2\/product_tag?post=25419"}],"curies":[{"name":"wp","href":"https:\/\/api.w.org\/{rel}","templated":true}]}}