{"id":25473,"date":"2025-04-10T12:05:54","date_gmt":"2025-04-10T10:05:54","guid":{"rendered":"https:\/\/myspainfood.com\/producto\/oti-sardine-925-g\/"},"modified":"2025-04-10T12:05:54","modified_gmt":"2025-04-10T10:05:54","slug":"oti-sardine-925-g","status":"publish","type":"product","link":"https:\/\/myspainfood.com\/hr\/producto\/oti-sardine-925-g\/","title":{"rendered":"Oti sardine 925 g"},"content":{"rendered":"<p>Conservas Oti odabire najfinije sardine, re\u017ee ih, odrubljuje im se glava i \u010diste ru\u010dno, a zatim se peku na pari i pakiraju u suncokretovo ulje. Isti\u010du se atraktivnim srebrnim izgledom, kremastom teksturom, intenzivnim ribljim okusom i veli\u010danstvenom prezentacijom. Poma\u017eu u postizanju mediteranske prehrane zahvaljuju\u0107i visokom udjelu omega-3 masnih kiselina.  <\/p>\n","protected":false},"excerpt":{"rendered":"<p>Conservas Oti odabire najfinije sardine, re\u017ee ih, odrubljuje im se glava i \u010diste ru\u010dno, a zatim se peku na pari i pakiraju u suncokretovo ulje. Isti\u010du se atraktivnim srebrnim izgledom, kremastom teksturom, intenzivnim ribljim okusom i veli\u010danstvenom prezentacijom. Poma\u017eu u postizanju mediteranske prehrane zahvaljuju\u0107i visokom udjelu omega-3 masnih kiselina.<\/p>\n","protected":false},"featured_media":25479,"template":"","meta":{"_et_pb_use_builder":"","_et_pb_old_content":"","_et_gb_content_width":""},"product_brand":[1075],"product_cat":[1917,3785],"product_tag":[],"class_list":{"0":"post-25473","1":"product","2":"type-product","3":"status-publish","4":"has-post-thumbnail","6":"product_brand-oti","7":"product_cat-konzerve","8":"product_cat-srdele","10":"first","11":"outofstock","12":"taxable","13":"shipping-taxable","14":"purchasable","15":"product-type-variable"},"_links":{"self":[{"href":"https:\/\/myspainfood.com\/hr\/wp-json\/wp\/v2\/product\/25473","targetHints":{"allow":["GET"]}}],"collection":[{"href":"https:\/\/myspainfood.com\/hr\/wp-json\/wp\/v2\/product"}],"about":[{"href":"https:\/\/myspainfood.com\/hr\/wp-json\/wp\/v2\/types\/product"}],"wp:featuredmedia":[{"embeddable":true,"href":"https:\/\/myspainfood.com\/hr\/wp-json\/wp\/v2\/media\/25479"}],"wp:attachment":[{"href":"https:\/\/myspainfood.com\/hr\/wp-json\/wp\/v2\/media?parent=25473"}],"wp:term":[{"taxonomy":"product_brand","embeddable":true,"href":"https:\/\/myspainfood.com\/hr\/wp-json\/wp\/v2\/product_brand?post=25473"},{"taxonomy":"product_cat","embeddable":true,"href":"https:\/\/myspainfood.com\/hr\/wp-json\/wp\/v2\/product_cat?post=25473"},{"taxonomy":"product_tag","embeddable":true,"href":"https:\/\/myspainfood.com\/hr\/wp-json\/wp\/v2\/product_tag?post=25473"}],"curies":[{"name":"wp","href":"https:\/\/api.w.org\/{rel}","templated":true}]}}