{"id":26251,"date":"2025-04-10T12:06:59","date_gmt":"2025-04-10T10:06:59","guid":{"rendered":"https:\/\/myspainfood.com\/producto\/kantabrijski-incun-zlatna-serija-00\/"},"modified":"2025-06-24T16:20:47","modified_gmt":"2025-06-24T14:20:47","slug":"kantabrijski-incun-zlatna-serija-00","status":"publish","type":"product","link":"https:\/\/myspainfood.com\/hr\/producto\/kantabrijski-incun-zlatna-serija-00\/","title":{"rendered":"Kantabrijski in\u0107un ZLATNA serija 00"},"content":{"rendered":"<p>In\u0107un Arlequin Gold Series 00 iz <a href=\"https:\/\/conservasarlequin.com\/serie-oro\/\" target=\"_blank\" rel=\"noopener noreferrer nofollow\">Arlequ\u00edna<\/a> je ru\u010dno izra\u0111en konzervirani proizvod.<\/p>\n<p><strong>Neto te\u017eina\/Escu:<\/strong> 120g\/58g<\/p>\n<p><strong>Rok valjanosti:<\/strong> 9 mjeseci<\/p>\n<p><strong>Skladi\u0161tenje:<\/strong> Hladno<\/p>\n<p><strong>Broj fileta\/ Broj komada:<\/strong> 8<\/p>\n<p>U Conservas <a href=\"https:\/\/latiendadesami.com\/marca\/arlequin\/\" target=\"_blank\" rel=\"noopener noreferrer nofollow\">Arlequ\u00edn,<\/a> na\u0161a je misija ponuditi izvrstan proizvod, najbolju uslugu i \u0161irok asortiman konzervirane ribe po najpovoljnijoj cijeni.<\/p>\n<p>Osim toga, specijalisti su za in\u0107une, Arlequin in\u0107une Gold Series 00, bijelu ribu, palamidu, laganu tunu, dagnje, sku\u0161u i sardine.<\/p>\n<p>Na primjer, Comidista novina El Pa\u00eds rekao je o ventresci: &#8220;Tako je nje\u017ena, gotovo kremasta, da vas tjera da se njome o\u017eenite i \u017eivite sretno dok vas Gospodin ne uzme.&#8221;<\/p>\n<h4>Glavne prednosti konzervi<\/h4>\n<ol>\n<li>Zadr\u017eavaju sva nutritivna svojstva same hrane. Hrana zadr\u017eava svoju svje\u017einu. <\/li>\n<li>Kori\u0161tene namirnice su zdrave i stoga prikladne za optimalnu prehranu zahvaljuju\u0107i visokom broju vitamina i proteina.<\/li>\n<li>Ovi proizvodi imaju dulji vijek trajanja (obi\u010dno izme\u0111u 2 i 5 godina).<\/li>\n<li>Konzerve je vrlo lako \u010duvati jer im pakiranje omogu\u0107uje jednostavnu primjenu.<\/li>\n<\/ol>\n<p>Ako \u017eelite kupiti tunu ili bilo koju drugu vrstu <a href=\"https:\/\/latiendadesami.com\/categoria-producto\/conservas\/\" rel=\"noopener noreferrer nofollow\" target=\"_blank\">konzervirane hrane<\/a> , slobodno pogledajte cijeli na\u0161 online katalog kako biste vidjeli \u0161irok izbor <a href=\"https:\/\/latiendadesami.com\/categoria-producto\/conservas\/atun-y-bonito\/\" target=\"_blank\" rel=\"noopener noreferrer nofollow\">tune<\/a> koju imamo.<\/p>\n<p>Pi\u0161ite nam za vi\u0161e informacija.<\/p>\n","protected":false},"excerpt":{"rendered":"<p>In\u0107un Arlequin Gold Series 00 iz Arlequ\u00edna je ru\u010dno izra\u0111en konzervirani proizvod. Neto te\u017eina\/Escu: 120g\/58g Rok valjanosti: 9 mjeseci Skladi\u0161tenje: Hladno Broj fileta\/ Broj komada: 8 U Conservas Arlequ\u00edn, na\u0161a je misija ponuditi izvrstan proizvod, najbolju uslugu i \u0161irok asortiman konzervirane ribe po najpovoljnijoj cijeni. Osim toga, specijalisti su za in\u0107une, Arlequin in\u0107une Gold Series [&hellip;]<\/p>\n","protected":false},"featured_media":26257,"template":"","meta":{"_et_pb_use_builder":"","_et_pb_old_content":"","_et_gb_content_width":""},"product_brand":[1162],"product_cat":[1876,1877],"product_tag":[5636],"class_list":{"0":"post-26251","1":"product","2":"type-product","3":"status-publish","4":"has-post-thumbnail","6":"product_brand-arlequin","7":"product_cat-hladno-hr","8":"product_cat-incuni","9":"product_tag-zlatna-serija","10":"product_shipping_class-hladna-dostava","12":"first","13":"outofstock","14":"sale","15":"taxable","16":"shipping-taxable","17":"purchasable","18":"product-type-variable"},"_links":{"self":[{"href":"https:\/\/myspainfood.com\/hr\/wp-json\/wp\/v2\/product\/26251","targetHints":{"allow":["GET"]}}],"collection":[{"href":"https:\/\/myspainfood.com\/hr\/wp-json\/wp\/v2\/product"}],"about":[{"href":"https:\/\/myspainfood.com\/hr\/wp-json\/wp\/v2\/types\/product"}],"wp:featuredmedia":[{"embeddable":true,"href":"https:\/\/myspainfood.com\/hr\/wp-json\/wp\/v2\/media\/26257"}],"wp:attachment":[{"href":"https:\/\/myspainfood.com\/hr\/wp-json\/wp\/v2\/media?parent=26251"}],"wp:term":[{"taxonomy":"product_brand","embeddable":true,"href":"https:\/\/myspainfood.com\/hr\/wp-json\/wp\/v2\/product_brand?post=26251"},{"taxonomy":"product_cat","embeddable":true,"href":"https:\/\/myspainfood.com\/hr\/wp-json\/wp\/v2\/product_cat?post=26251"},{"taxonomy":"product_tag","embeddable":true,"href":"https:\/\/myspainfood.com\/hr\/wp-json\/wp\/v2\/product_tag?post=26251"}],"curies":[{"name":"wp","href":"https:\/\/api.w.org\/{rel}","templated":true}]}}