{"id":26617,"date":"2025-04-10T12:07:09","date_gmt":"2025-04-10T10:07:09","guid":{"rendered":"https:\/\/myspainfood.com\/producto\/cockles-gold-serija-20-30-komada\/"},"modified":"2025-04-10T12:07:09","modified_gmt":"2025-04-10T10:07:09","slug":"cockles-gold-serija-20-30-komada","status":"publish","type":"product","link":"https:\/\/myspainfood.com\/hr\/producto\/cockles-gold-serija-20-30-komada\/","title":{"rendered":"Cockles GOLD serija 20\/30 komada"},"content":{"rendered":"<p><a href=\"https:\/\/conservasarlequin.com\/serie-oro\/\" target=\"_blank\" rel=\"noopener noreferrer nofollow\">Arlequ\u00ednove<\/a> \u0161koljke zlatne serije 00 ru\u010dno su izra\u0111eni proizvod u konzervi.<\/p>\n<p><strong>Neto te\u017eina\/Escu:<\/strong> 113 g\/63 g<\/p>\n<p><strong>Rok valjanosti:<\/strong> 4 godine<\/p>\n<p><strong>O\u010duvanje:<\/strong> Okoli\u0161<\/p>\n<p><strong>Broj fileta\/ Broj komada:<\/strong> 20\/30<\/p>\n<p>U Conservas Arlequ\u00edn, njihova je misija ponuditi izvrstan proizvod, najbolju uslugu i \u0161irok asortiman <a href=\"https:\/\/latiendadesami.com\/marca\/arlequin\/\" target=\"_blank\" rel=\"noopener noreferrer nofollow\">konzervirane<\/a> ribe po najpovoljnijoj cijeni.<\/p>\n<p>Osim toga, specijalisti su za in\u0107une, \u0161koljke zlatne serije 00, bijele ribe, palamide, \u017eutorepnu tunu, dagnje, sku\u0161u i sardine.<\/p>\n<p>Na primjer, Comidista novina El Pa\u00eds rekao je o ventresci: &#8220;Tako je nje\u017ena, gotovo kremasta, da vas tjera da se njome o\u017eenite i \u017eivite sretno dok vas Gospodin ne uzme.&#8221;<\/p>\n<h4>Glavne prednosti konzervi<\/h4>\n<ol>\n<li>Zadr\u017eavaju sva nutritivna svojstva same hrane. Hrana zadr\u017eava svoju svje\u017einu. <\/li>\n<li>Kori\u0161tene namirnice su zdrave i stoga prikladne za optimalnu prehranu zahvaljuju\u0107i visokom broju vitamina i proteina.<\/li>\n<li>Ovi proizvodi imaju dulji vijek trajanja (obi\u010dno izme\u0111u 2 i 5 godina).<\/li>\n<li>Konzerve je vrlo lako \u010duvati jer im pakiranje omogu\u0107uje jednostavnu primjenu.<\/li>\n<\/ol>\n<p>Ako \u017eelite kupiti tunu ili bilo koju drugu vrstu <a href=\"https:\/\/latiendadesami.com\/categoria-producto\/conservas\/\" rel=\"noopener noreferrer nofollow\" target=\"_blank\">konzervirane hrane<\/a> , slobodno pogledajte cijeli na\u0161 online katalog kako biste vidjeli \u0161irok izbor <a href=\"https:\/\/latiendadesami.com\/categoria-producto\/conservas\/atun-y-bonito\/\" target=\"_blank\" rel=\"noopener noreferrer nofollow\">tune<\/a> koju imamo.<\/p>\n<p>Pi\u0161ite nam za vi\u0161e informacija.<\/p>\n","protected":false},"excerpt":{"rendered":"<p><strong>Iz estuarija Noia<\/p>\n<p> Odabrana kvaliteta<\/strong><\/p>\n<p><strong>Broj dijelova:<\/strong> 15\/25 dijelova<\/p>\n<p><strong>Neto te\u017eina:<\/strong> 113 g<\/p>\n<p><strong>Ocije\u0111ena te\u017eina:<\/strong> 63 g<\/p>\n<p><strong>Sastojci:<\/strong> <em>\u0160koljke,<\/em> voda, sol, regulator kiselosti (E330, E331) i antioksidans (E385)<\/p>\n<p><strong>Alergeni:<\/strong> <em>Sadr\u017ei meku\u0161ce, \u0161koljke.<\/em><\/p>\n<p>\u010cuvati na sobnoj temperaturi.<\/p>\n<p>Nakon otvaranja, preporu\u010duje se konzumirati u cijelosti.<\/p>\n","protected":false},"featured_media":26620,"template":"","meta":{"_et_pb_use_builder":"","_et_pb_old_content":"","_et_gb_content_width":""},"product_brand":[1162],"product_cat":[1917,5683],"product_tag":[5636],"class_list":{"0":"post-26617","1":"product","2":"type-product","3":"status-publish","4":"has-post-thumbnail","6":"product_brand-arlequin","7":"product_cat-konzerve","8":"product_cat-skoljke-hr","9":"product_tag-zlatna-serija","11":"first","12":"outofstock","13":"sale","14":"taxable","15":"shipping-taxable","16":"purchasable","17":"product-type-simple"},"_links":{"self":[{"href":"https:\/\/myspainfood.com\/hr\/wp-json\/wp\/v2\/product\/26617","targetHints":{"allow":["GET"]}}],"collection":[{"href":"https:\/\/myspainfood.com\/hr\/wp-json\/wp\/v2\/product"}],"about":[{"href":"https:\/\/myspainfood.com\/hr\/wp-json\/wp\/v2\/types\/product"}],"wp:featuredmedia":[{"embeddable":true,"href":"https:\/\/myspainfood.com\/hr\/wp-json\/wp\/v2\/media\/26620"}],"wp:attachment":[{"href":"https:\/\/myspainfood.com\/hr\/wp-json\/wp\/v2\/media?parent=26617"}],"wp:term":[{"taxonomy":"product_brand","embeddable":true,"href":"https:\/\/myspainfood.com\/hr\/wp-json\/wp\/v2\/product_brand?post=26617"},{"taxonomy":"product_cat","embeddable":true,"href":"https:\/\/myspainfood.com\/hr\/wp-json\/wp\/v2\/product_cat?post=26617"},{"taxonomy":"product_tag","embeddable":true,"href":"https:\/\/myspainfood.com\/hr\/wp-json\/wp\/v2\/product_tag?post=26617"}],"curies":[{"name":"wp","href":"https:\/\/api.w.org\/{rel}","templated":true}]}}