{"id":26701,"date":"2025-04-10T12:07:15","date_gmt":"2025-04-10T10:07:15","guid":{"rendered":"https:\/\/myspainfood.com\/producto\/maslinovo-ulje-skuse-iz-andaluzije-do\/"},"modified":"2025-04-10T12:07:15","modified_gmt":"2025-04-10T10:07:15","slug":"maslinovo-ulje-skuse-iz-andaluzije-do","status":"publish","type":"product","link":"https:\/\/myspainfood.com\/hr\/producto\/maslinovo-ulje-skuse-iz-andaluzije-do\/","title":{"rendered":"Maslinovo ulje sku\u0161e iz Andaluzije DO"},"content":{"rendered":"<p style=\"text-align: left\">O\u010disti filete andaluzijske sku\u0161e, pakirane u staklenu posudu i metalnu kapsulu.<\/p>\n<p style=\"text-align: left\">Proizvodnja i kvaliteta utvr\u0111eni su propisima <span class=\"file\">regulatornog vije\u0107a za za\u0161ti\u0107ene oznake zemljopisnog podrijetla za sku\u0161u i \u0161njura iz Andaluzije<\/span> , kojoj pripada <a href=\"https:\/\/pesasur.com\/calidad\/\" target=\"_blank\" rel=\"noopener noreferrer nofollow\">Pesasur<\/a> .<\/p>\n<p style=\"text-align: left\">Sivkastobijele boje, glatke konzistencije i ugodnog mirisa, karakteristi\u010dnog, jedinstvenog okusa.<\/p>\n<p><strong>SASTOJCI<\/strong><\/p>\n<ul>\n<li>Sku\u0161a<\/li>\n<li>Maslinovo ulje<\/li>\n<li>Sol<\/li>\n<\/ul>\n<p>PESASUR koristi andaluzijsku sku\u0161u (ZGO specifi\u010dna oznaka izvornosti regije Andaluzija) koja se ve\u0107i dio godine prera\u0111uje svje\u017ea u tvornici.<\/p>\n<p>PESASUR ne koristi kemikalije tijekom proizvodnog procesa, a iskustvo njihove radne snage, koja generacijama prera\u0111uje filete sku\u0161e, osigurava savr\u0161enu \u010disto\u0107u ribe i izvrsnu prezentaciju fileta u staklenkama i konzervama svih veli\u010dina.<\/p>\n<h4>Glavne prednosti konzervi<\/h4>\n<ol>\n<li>Zadr\u017eavaju sva nutritivna svojstva same hrane. Hrana zadr\u017eava svoju svje\u017einu. <\/li>\n<li>Kori\u0161tene namirnice su zdrave i stoga prikladne za optimalnu prehranu zahvaljuju\u0107i visokom broju vitamina i proteina.<\/li>\n<li>Ovi proizvodi imaju dulji vijek trajanja (obi\u010dno izme\u0111u 2 i 5 godina).<\/li>\n<li>Konzerve je vrlo lako \u010duvati jer im pakiranje omogu\u0107uje jednostavnu primjenu.<\/li>\n<\/ol>\n<p>Ako \u017eelite kupiti andaluzijsku sku\u0161u ili bilo koju drugu vrstu <a href=\"https:\/\/latiendadesami.com\/categoria-producto\/conservas\/\" rel=\"noopener noreferrer nofollow\" target=\"_blank\">konzervirane hrane<\/a> , slobodno pogledajte cijeli na\u0161 online katalog kako biste vidjeli \u0161irok izbor <a href=\"https:\/\/latiendadesami.com\/categoria-producto\/conservas\/atun-y-bonito\/\" target=\"_blank\" rel=\"noopener noreferrer nofollow\">tune<\/a> koju imamo.<\/p>\n<p>Pi\u0161ite nam za vi\u0161e informacija.<\/p>\n","protected":false},"excerpt":{"rendered":"<p>Andaluzijsko maslinovo ulje od sku\u0161e<\/p>\n","protected":false},"featured_media":26704,"template":"","meta":{"_et_pb_use_builder":"","_et_pb_old_content":"","_et_gb_content_width":""},"product_brand":[1205],"product_cat":[1917,2689],"product_tag":[],"class_list":{"0":"post-26701","1":"product","2":"type-product","3":"status-publish","4":"has-post-thumbnail","6":"product_brand-pesasur","7":"product_cat-konzerve","8":"product_cat-skusa","10":"first","11":"outofstock","12":"taxable","13":"shipping-taxable","14":"product-type-variable"},"_links":{"self":[{"href":"https:\/\/myspainfood.com\/hr\/wp-json\/wp\/v2\/product\/26701","targetHints":{"allow":["GET"]}}],"collection":[{"href":"https:\/\/myspainfood.com\/hr\/wp-json\/wp\/v2\/product"}],"about":[{"href":"https:\/\/myspainfood.com\/hr\/wp-json\/wp\/v2\/types\/product"}],"wp:featuredmedia":[{"embeddable":true,"href":"https:\/\/myspainfood.com\/hr\/wp-json\/wp\/v2\/media\/26704"}],"wp:attachment":[{"href":"https:\/\/myspainfood.com\/hr\/wp-json\/wp\/v2\/media?parent=26701"}],"wp:term":[{"taxonomy":"product_brand","embeddable":true,"href":"https:\/\/myspainfood.com\/hr\/wp-json\/wp\/v2\/product_brand?post=26701"},{"taxonomy":"product_cat","embeddable":true,"href":"https:\/\/myspainfood.com\/hr\/wp-json\/wp\/v2\/product_cat?post=26701"},{"taxonomy":"product_tag","embeddable":true,"href":"https:\/\/myspainfood.com\/hr\/wp-json\/wp\/v2\/product_tag?post=26701"}],"curies":[{"name":"wp","href":"https:\/\/api.w.org\/{rel}","templated":true}]}}