{"id":26759,"date":"2025-04-10T12:07:40","date_gmt":"2025-04-10T10:07:40","guid":{"rendered":"https:\/\/myspainfood.com\/producto\/masni-kiseli-krastavci-tezine-225-kg\/"},"modified":"2025-04-10T12:07:40","modified_gmt":"2025-04-10T10:07:40","slug":"masni-kiseli-krastavci-tezine-225-kg","status":"publish","type":"product","link":"https:\/\/myspainfood.com\/hr\/producto\/masni-kiseli-krastavci-tezine-225-kg\/","title":{"rendered":"Masni kiseli krastavci te\u017eine 2,25 kg"},"content":{"rendered":"<p>Masni kiseli krastavci 2,25 kg neto te\u017eine \u2013 Samo s kiselim krastavcima, vodom i soli dobit \u0107ete jednu od najukusnijih <a href=\"https:\/\/www.google.com\/search?q=pepinillos+gordos&amp;tbm=isch&amp;ved=2ahUKEwj6xNCv8-_1AhWXiP0HHcNGC0QQ2-cCegQIABAA&amp;oq=pepinillos+gordos&amp;gs_lcp=CgNpbWcQA1DZFVjlJ2DcK2gAcAB4AIABYYgB4wqSAQIxOJgBAKABAaoBC2d3cy13aXotaW1nwAEB&amp;sclient=img&amp;ei=WUYCYrq0IpeR9u8Pw42toAQ&amp;bih=780&amp;biw=1577\" target=\"_blank\" rel=\"noopener noreferrer nofollow\">grickalica<\/a> koje postoje.<\/p>\n<p>Mje\u0161avina okusa koju pru\u017eaju sastojci u kombinaciji s da\u0161kom octa daje mu poseban okus koji je vrlo ugodan nepcu.<\/p>\n<p>Kiseli krastavci su me\u0111uobrok koji ja\u010da imunolo\u0161ki sustav, \u0161to zna\u010di da poma\u017eu va\u0161oj obrani i pobolj\u0161avaju va\u0161e cjelokupno zdravlje.<\/p>\n<h3><strong>Prednosti masnih kiselih krastavaca<\/strong><\/h3>\n<p>Jeste li znali op\u0107enito koje su prednosti kiselih krastavaca? U nastavku navodimo najzna\u010dajnije: <\/p>\n<ul>\n<li>Bogato probioticima.<\/li>\n<li>Poma\u017eu probavi.<\/li>\n<li>Oni ja\u010daju imunolo\u0161ki sustav.<\/li>\n<li>Smanjuju \u017eelju za konzumiranjem \u0161e\u0107era.<\/li>\n<li>Povoljno za \u017eu\u010dni mjehur.<\/li>\n<\/ul>\n<p>Ako \u017eelite kupiti masline ili bilo koju drugu vrstu <a href=\"https:\/\/latiendadesami.com\/categoria-producto\/encurtidos\/\" rel=\"noopener noreferrer nofollow\" target=\"_blank\">kiselih krastavaca<\/a> , slobodno pogledajte cijeli na\u0161 online katalog kako biste vidjeli \u0161irok izbor <a href=\"https:\/\/latiendadesami.com\/categoria-producto\/encurtidos\/pepinillos\/\" target=\"_blank\" rel=\"noopener noreferrer nofollow\">kiselih krastavaca<\/a> koje imamo.<\/p>\n","protected":false},"excerpt":{"rendered":"<p>Masni kiseli krastavci 2,25 kg neto te\u017eine \u2013 Samo s kiselim krastavcima, vodom i soli dobit \u0107ete jednu od najukusnijih grickalica koje postoje. Mje\u0161avina okusa koju pru\u017eaju sastojci u kombinaciji s da\u0161kom octa daje mu poseban okus koji je vrlo ugodan nepcu. Kiseli krastavci su me\u0111uobrok koji ja\u010da imunolo\u0161ki sustav, \u0161to zna\u010di da poma\u017eu va\u0161oj [&hellip;]<\/p>\n","protected":false},"featured_media":26761,"template":"","meta":{"_et_pb_use_builder":"","_et_pb_old_content":"","_et_gb_content_width":""},"product_brand":[],"product_cat":[1791,1988],"product_tag":[2017],"class_list":{"0":"post-26759","1":"product","2":"type-product","3":"status-publish","4":"has-post-thumbnail","6":"product_cat-kiseli-krastavci","7":"product_cat-kiseli-krastavci-hr","8":"product_tag-kiseli-krastavac","10":"first","11":"instock","12":"taxable","13":"shipping-taxable","14":"purchasable","15":"product-type-simple"},"_links":{"self":[{"href":"https:\/\/myspainfood.com\/hr\/wp-json\/wp\/v2\/product\/26759","targetHints":{"allow":["GET"]}}],"collection":[{"href":"https:\/\/myspainfood.com\/hr\/wp-json\/wp\/v2\/product"}],"about":[{"href":"https:\/\/myspainfood.com\/hr\/wp-json\/wp\/v2\/types\/product"}],"wp:featuredmedia":[{"embeddable":true,"href":"https:\/\/myspainfood.com\/hr\/wp-json\/wp\/v2\/media\/26761"}],"wp:attachment":[{"href":"https:\/\/myspainfood.com\/hr\/wp-json\/wp\/v2\/media?parent=26759"}],"wp:term":[{"taxonomy":"product_brand","embeddable":true,"href":"https:\/\/myspainfood.com\/hr\/wp-json\/wp\/v2\/product_brand?post=26759"},{"taxonomy":"product_cat","embeddable":true,"href":"https:\/\/myspainfood.com\/hr\/wp-json\/wp\/v2\/product_cat?post=26759"},{"taxonomy":"product_tag","embeddable":true,"href":"https:\/\/myspainfood.com\/hr\/wp-json\/wp\/v2\/product_tag?post=26759"}],"curies":[{"name":"wp","href":"https:\/\/api.w.org\/{rel}","templated":true}]}}