{"id":26842,"date":"2025-04-10T12:07:39","date_gmt":"2025-04-10T10:07:39","guid":{"rendered":"https:\/\/myspainfood.com\/producto\/zreli-kozji-sir-s-paprikom-cca-320gr\/"},"modified":"2025-06-24T14:09:58","modified_gmt":"2025-06-24T12:09:58","slug":"zreli-kozji-sir-s-paprikom-cca-320gr","status":"publish","type":"product","link":"https:\/\/myspainfood.com\/hr\/producto\/zreli-kozji-sir-s-paprikom-cca-320gr\/","title":{"rendered":"Zreli kozji sir s paprikom cca 320gr"},"content":{"rendered":"<p>Zreli kozji sir s paprikom, otprilike 320 g, proizvodi Queser\u00eda El <a href=\"https:\/\/www.facebook.com\/Queser%C3%ADa-El-Manjar-1564604537177140\/\" target=\"_blank\" rel=\"noopener noreferrer nofollow\">Manjar<\/a> .<\/p>\n<p>Ova tvornica sira nalazi se u Veladi, Toledo, u blizini Talavera de la Reina.<\/p>\n<p>Pravi se s pasteriziranim mlijekom i prekriva se slojem paprike na kori, \u0161to mu daje taj poseban, nepogre\u0161iv okus.<\/p>\n<p>Osim proizvodnje zrelog kozjeg sira s paprikom, njegov katalog proizvoda uklju\u010duje \u0161iri izbor sireva, uklju\u010duju\u0107i svje\u017ee sireve.<\/p>\n<p>Svi proizvodi su ru\u010dno izra\u0111eni. Pribli\u017ena te\u017eina svake porcije koju imamo je 320 grama. <\/p>\n<p>Ovaj proizvod se mora \u010duvati u hladnjaku na temperaturi izme\u0111u 0\u00ba i 8\u00ba.<\/p>\n<p>Kozji sir, ili bolje re\u010deno sir od kozjeg mlijeka, poznat kao ch\u00e8vre (\u0161to na francuskom zna\u010di koza), naziv je za bilo koji sir napravljen od kozjeg mlijeka.<\/p>\n<p>Kozji sir se proizvodi tisu\u0107ama godina i vjerojatno je bio jedan od prvih pripremljenih mlije\u010dnih proizvoda. U svom najjednostavnijem obliku, kozji sir se proizvodi tako da se sirovo mlijeko prirodno zgru\u0161a, a zatim se zgru\u0161ak ocijedi i pre\u0161a. <\/p>\n<p>Ako \u017eelite kupiti druge sireve ili bilo koju drugu vrstu <a href=\"https:\/\/latiendadesami.com\/\" rel=\"noopener noreferrer nofollow\" target=\"_blank\">hrane<\/a> , slobodno pogledajte cijeli na\u0161 online katalog kako biste vidjeli \u0161irok izbor proizvoda koje imamo.<\/p>\n<p>Pi\u0161ite nam za vi\u0161e informacija.<\/p>\n","protected":false},"excerpt":{"rendered":"<p>Zreli kozji sir s paprikom, otprilike 320 g, proizvodi Queser\u00eda El Manjar . Ova tvornica sira nalazi se u Veladi, Toledo, u blizini Talavera de la Reina. Pravi se s pasteriziranim mlijekom i prekriva se slojem paprike na kori, \u0161to mu daje taj poseban, nepogre\u0161iv okus. Osim proizvodnje zrelog kozjeg sira s paprikom, njegov katalog [&hellip;]<\/p>\n","protected":false},"featured_media":26843,"template":"","meta":{"_et_pb_use_builder":"","_et_pb_old_content":"","_et_gb_content_width":""},"product_brand":[1246],"product_cat":[1876,5744,2304],"product_tag":[],"class_list":{"0":"post-26842","1":"product","2":"type-product","3":"status-publish","4":"has-post-thumbnail","6":"product_brand-el-manjar","7":"product_cat-hladno-hr","8":"product_cat-izlijecen-hr","9":"product_cat-sir-i-kobasice","10":"product_shipping_class-hladna-dostava","12":"first","13":"instock","14":"taxable","15":"shipping-taxable","16":"purchasable","17":"product-type-simple"},"_links":{"self":[{"href":"https:\/\/myspainfood.com\/hr\/wp-json\/wp\/v2\/product\/26842","targetHints":{"allow":["GET"]}}],"collection":[{"href":"https:\/\/myspainfood.com\/hr\/wp-json\/wp\/v2\/product"}],"about":[{"href":"https:\/\/myspainfood.com\/hr\/wp-json\/wp\/v2\/types\/product"}],"wp:featuredmedia":[{"embeddable":true,"href":"https:\/\/myspainfood.com\/hr\/wp-json\/wp\/v2\/media\/26843"}],"wp:attachment":[{"href":"https:\/\/myspainfood.com\/hr\/wp-json\/wp\/v2\/media?parent=26842"}],"wp:term":[{"taxonomy":"product_brand","embeddable":true,"href":"https:\/\/myspainfood.com\/hr\/wp-json\/wp\/v2\/product_brand?post=26842"},{"taxonomy":"product_cat","embeddable":true,"href":"https:\/\/myspainfood.com\/hr\/wp-json\/wp\/v2\/product_cat?post=26842"},{"taxonomy":"product_tag","embeddable":true,"href":"https:\/\/myspainfood.com\/hr\/wp-json\/wp\/v2\/product_tag?post=26842"}],"curies":[{"name":"wp","href":"https:\/\/api.w.org\/{rel}","templated":true}]}}