{"id":26864,"date":"2025-04-10T12:07:31","date_gmt":"2025-04-10T10:07:31","guid":{"rendered":"https:\/\/myspainfood.com\/producto\/masline-campo-real-45-kg\/"},"modified":"2025-09-02T11:06:45","modified_gmt":"2025-09-02T09:06:45","slug":"masline-campo-real-45-kg","status":"publish","type":"product","link":"https:\/\/myspainfood.com\/hr\/producto\/masline-campo-real-45-kg\/","title":{"rendered":"Masline Campo Real 4,5 kg"},"content":{"rendered":"<p>Ako je op\u0107ina Campo Real po ne\u010demu poznata, onda su to njezine poznate masline Campo Real od 4,5 kg.<\/p>\n<p>Pripadaju\u0107i sortama Manzanilla de Campo Real i C\u00e1cere\u00f1a, tajna njihovih maslina le\u017ei u stoljetnim maslinama s kojih potje\u010du, iskustvu stanovnika Campo Reala i za\u010dinima.<\/p>\n<p>Ova <a href=\"https:\/\/www.google.com\/search?q=revuelto+aceitunas+s%C3%A1ngar&amp;sxsrf=APq-WBt1wkTZta0IAEDoueZPBxEuaY8Dtw:1644308614563&amp;source=lnms&amp;tbm=isch&amp;sa=X&amp;ved=2ahUKEwjouvz21u_1AhVV_rsIHacjBd0Q_AUoAXoECAEQAw&amp;biw=1577&amp;bih=780&amp;dpr=1\" target=\"_blank\" rel=\"noopener noreferrer nofollow\">kombinacija<\/a> maslina i kiselih krastavaca omogu\u0107uje vam da u\u017eivate u neusporedivom okusu u svojim tapasima ili predjelima.<\/p>\n<p>To je vrlo zdrav dodatak na\u0161oj tradicionalnoj hranjivoj mediteranskoj prehrani.<\/p>\n<p>U \u0160panjolskoj mo\u017eete prona\u0107i masline, kisele krastavce, patlid\u017ean Almagro, mrkvu i luk, dok su kapari, \u010de\u0161njak ili \u010dak mje\u0161avina navedenog vrlo tradicionalni.<\/p>\n<p>\u010cesto se poslu\u017euju kao tapas uz pivo (ne vino zbog sadr\u017eaja octa).<\/p>\n<p>Kiseljenje se razvilo od drevne tehnike koja se koristila diljem svijeta za konzerviranje hrane do jednog od najcjenjenijih tapasa ili predjela u \u0161panjolskoj kuhinji.<\/p>\n<h3><strong>Prednosti pravih maslina Campo 4,5 kg<\/strong><\/h3>\n<p>Jeste li znali prednosti Campo Real maslina 4,5 kg i kiselih krastavaca op\u0107enito? U nastavku navodimo najzna\u010dajnije: <\/p>\n<ul>\n<li>Bogato probioticima.<\/li>\n<li>Poma\u017eu probavi.<\/li>\n<li>Oni ja\u010daju imunolo\u0161ki sustav.<\/li>\n<li>Smanjuju \u017eelju za konzumiranjem \u0161e\u0107era.<\/li>\n<li>Povoljno za \u017eu\u010dni mjehur.<\/li>\n<\/ul>\n<p>Ako \u017eelite kupiti masline ili bilo koju drugu vrstu <a href=\"https:\/\/latiendadesami.com\/categoria-producto\/encurtidos\/\" rel=\"noopener noreferrer nofollow\" target=\"_blank\">ukiseljenog proizvoda<\/a> , slobodno pregledajte cijeli na\u0161 online katalog kako biste vidjeli \u0161irok izbor <a href=\"https:\/\/latiendadesami.com\/categoria-producto\/encurtidos\/aceitunas\/\" target=\"_blank\" rel=\"noopener noreferrer nofollow\">maslina<\/a> koje imamo.<\/p>\n<p>Pi\u0161ite nam za vi\u0161e informacija.<\/p>\n","protected":false},"excerpt":{"rendered":"<p>Ako je op\u0107ina Campo Real po ne\u010demu poznata, onda su to njezine poznate masline Campo Real od 4,5 kg. Pripadaju\u0107i sortama Manzanilla de Campo Real i C\u00e1cere\u00f1a, tajna njihovih maslina le\u017ei u stoljetnim maslinama s kojih potje\u010du, iskustvu stanovnika Campo Reala i za\u010dinima. Ova kombinacija maslina i kiselih krastavaca omogu\u0107uje vam da u\u017eivate u neusporedivom [&hellip;]<\/p>\n","protected":false},"featured_media":20455,"template":"","meta":{"_et_pb_use_builder":"","_et_pb_old_content":"","_et_gb_content_width":""},"product_brand":[],"product_cat":[1791,1792],"product_tag":[3150],"class_list":{"0":"post-26864","1":"product","2":"type-product","3":"status-publish","4":"has-post-thumbnail","6":"product_cat-kiseli-krastavci","7":"product_cat-masline-hr","8":"product_tag-kraljevsko-polje","10":"first","11":"outofstock","12":"taxable","13":"shipping-taxable","14":"purchasable","15":"product-type-simple"},"_links":{"self":[{"href":"https:\/\/myspainfood.com\/hr\/wp-json\/wp\/v2\/product\/26864","targetHints":{"allow":["GET"]}}],"collection":[{"href":"https:\/\/myspainfood.com\/hr\/wp-json\/wp\/v2\/product"}],"about":[{"href":"https:\/\/myspainfood.com\/hr\/wp-json\/wp\/v2\/types\/product"}],"wp:featuredmedia":[{"embeddable":true,"href":"https:\/\/myspainfood.com\/hr\/wp-json\/wp\/v2\/media\/20455"}],"wp:attachment":[{"href":"https:\/\/myspainfood.com\/hr\/wp-json\/wp\/v2\/media?parent=26864"}],"wp:term":[{"taxonomy":"product_brand","embeddable":true,"href":"https:\/\/myspainfood.com\/hr\/wp-json\/wp\/v2\/product_brand?post=26864"},{"taxonomy":"product_cat","embeddable":true,"href":"https:\/\/myspainfood.com\/hr\/wp-json\/wp\/v2\/product_cat?post=26864"},{"taxonomy":"product_tag","embeddable":true,"href":"https:\/\/myspainfood.com\/hr\/wp-json\/wp\/v2\/product_tag?post=26864"}],"curies":[{"name":"wp","href":"https:\/\/api.w.org\/{rel}","templated":true}]}}