{"id":26947,"date":"2025-04-10T12:07:32","date_gmt":"2025-04-10T10:07:32","guid":{"rendered":"https:\/\/myspainfood.com\/producto\/suseni-sir-cetiri-plocice-cca-25-kg\/"},"modified":"2025-06-24T13:51:53","modified_gmt":"2025-06-24T11:51:53","slug":"suseni-sir-cetiri-plocice-cca-25-kg","status":"publish","type":"product","link":"https:\/\/myspainfood.com\/hr\/producto\/suseni-sir-cetiri-plocice-cca-25-kg\/","title":{"rendered":"Su\u0161eni sir \u010cetiri plo\u010dice cca 2,5 kg"},"content":{"rendered":"<p>Su\u0161eni sir Four Bars proizvodi se od <a href=\"https:\/\/es.wikipedia.org\/wiki\/Queso_de_leche_de_oveja\" target=\"_blank\" rel=\"noopener noreferrer nofollow\">ov\u010djeg mlijeka<\/a> i su\u0161i se oko 12 mjeseci.<\/p>\n<p>Cijeli komad te\u017ei otprilike 2,5 kilograma.<\/p>\n<p>Sir napravljen od pasteriziranog ov\u010djeg mlijeka (min. 65%) i kravljeg mlijeka, izvrsnog okusa, \u010dija \u010dvrsta tekstura isti\u010de njegov intenzivan miris. Odli\u010dan sir koji vas ne\u0107e ostaviti ravnodu\u0161nima. <\/p>\n<p>Preporu\u010dujemo \u010duvanje na hladnom i suhom mjestu izme\u0111u 4-8 \u00baC radi boljeg o\u010duvanja.<\/p>\n<p>Ovce imaju samo dvije sise i proizvode puno manju koli\u010dinu mlijeka od krava.<\/p>\n<p>Me\u0111utim, budu\u0107i da ov\u010dje mlijeko sadr\u017ei puno vi\u0161e masti, suhih tvari i minerala od kravljeg mlijeka, idealno je za proces proizvodnje sira.<\/p>\n<p>Tako\u0111er je bolje otporan na kontaminaciju tijekom hla\u0111enja zbog puno ve\u0107eg sadr\u017eaja kalcija.<\/p>\n<p>Iako se ov\u010dje mlijeko mo\u017ee piti svje\u017ee, danas se uglavnom koristi u proizvodnji sira i jogurta.<\/p>\n<p>Ako \u017eelite kupiti su\u0161eni sir u \u010detiri komada ili bilo koju drugu vrstu <a href=\"https:\/\/latiendadesami.com\/categoria-producto\/queso-embutido\/\" rel=\"noopener noreferrer nofollow\" target=\"_blank\">sira ili kobasice<\/a> , slobodno pogledajte cijeli na\u0161 online katalog. Nudimo najvi\u0161u kvalitetu po najpovoljnijoj cijeni.<\/p>\n<p>Pi\u0161ite nam za vi\u0161e informacija ili ako imate bilo kakvih pitanja u vezi s ovim ili bilo kojim drugim proizvodom.<\/p>\n","protected":false},"excerpt":{"rendered":"<p>Su\u0161eni sir Four Bars proizvodi se od ov\u010djeg mlijeka i su\u0161i se oko 12 mjeseci. Cijeli komad te\u017ei otprilike 2,5 kilograma. Sir napravljen od pasteriziranog ov\u010djeg mlijeka (min. 65%) i kravljeg mlijeka, izvrsnog okusa, \u010dija \u010dvrsta tekstura isti\u010de njegov intenzivan miris. Odli\u010dan sir koji vas ne\u0107e ostaviti ravnodu\u0161nima. Preporu\u010dujemo \u010duvanje na hladnom i suhom mjestu [&hellip;]<\/p>\n","protected":false},"featured_media":26951,"template":"","meta":{"_et_pb_use_builder":"","_et_pb_old_content":"","_et_gb_content_width":""},"product_brand":[1234],"product_cat":[1876,5744,2304],"product_tag":[],"class_list":{"0":"post-26947","1":"product","2":"type-product","3":"status-publish","4":"has-post-thumbnail","6":"product_brand-cuatro-barras","7":"product_cat-hladno-hr","8":"product_cat-izlijecen-hr","9":"product_cat-sir-i-kobasice","10":"product_shipping_class-hladna-dostava","12":"first","13":"outofstock","14":"taxable","15":"shipping-taxable","16":"product-type-variable"},"_links":{"self":[{"href":"https:\/\/myspainfood.com\/hr\/wp-json\/wp\/v2\/product\/26947","targetHints":{"allow":["GET"]}}],"collection":[{"href":"https:\/\/myspainfood.com\/hr\/wp-json\/wp\/v2\/product"}],"about":[{"href":"https:\/\/myspainfood.com\/hr\/wp-json\/wp\/v2\/types\/product"}],"wp:featuredmedia":[{"embeddable":true,"href":"https:\/\/myspainfood.com\/hr\/wp-json\/wp\/v2\/media\/26951"}],"wp:attachment":[{"href":"https:\/\/myspainfood.com\/hr\/wp-json\/wp\/v2\/media?parent=26947"}],"wp:term":[{"taxonomy":"product_brand","embeddable":true,"href":"https:\/\/myspainfood.com\/hr\/wp-json\/wp\/v2\/product_brand?post=26947"},{"taxonomy":"product_cat","embeddable":true,"href":"https:\/\/myspainfood.com\/hr\/wp-json\/wp\/v2\/product_cat?post=26947"},{"taxonomy":"product_tag","embeddable":true,"href":"https:\/\/myspainfood.com\/hr\/wp-json\/wp\/v2\/product_tag?post=26947"}],"curies":[{"name":"wp","href":"https:\/\/api.w.org\/{rel}","templated":true}]}}