{"id":27288,"date":"2025-04-10T12:07:30","date_gmt":"2025-04-10T10:07:30","guid":{"rendered":"https:\/\/myspainfood.com\/producto\/vermut-los-cantabros-075l\/"},"modified":"2026-04-19T10:46:07","modified_gmt":"2026-04-19T08:46:07","slug":"vermut-los-cantabros-075l","status":"publish","type":"product","link":"https:\/\/myspainfood.com\/hr\/producto\/vermut-los-cantabros-075l\/","title":{"rendered":"Vermut Los C\u00e1ntabros 0,75l"},"content":{"rendered":"<p>Verm\u00fa los C\u00e1ntabros je po\u010dast svim onim mu\u0161karcima i \u017eenama koji su sa\u010duvali i \u0161irili na\u0161u kulturu.<\/p>\n<p>Tako\u0111er na\u0161i korijeni i tradicije, popra\u0107eni sajmovima, festivalima, igrama i gastronomijom, od mora do planina na\u0161e voljene Kantabrije.<\/p>\n<p>Ovaj proizvod puni <a href=\"https:\/\/bodegasigarmi.es\/mayoristas-de-bebidas-en-cantabria\/\" target=\"_blank\" rel=\"noopener noreferrer nofollow\">Bodegas Igarmi.<\/a> <\/p>\n<p>Bodegas Igarmi je utjelovljenje tradicije koju od 1890. godine karakterizira kvaliteta i usluga korisnicima.<\/p>\n<p>Obiteljski posao \u010dija strast i predanost vinu omogu\u0107ila je punjenje i plasiranje na tr\u017ei\u0161te vina s neusporedivom vrijedno\u0161\u0107u, visoko ocijenjenih i na tr\u017ei\u0161tu i od strane potro\u0161a\u010da.<\/p>\n<p>Bodegas Igarmi ima 3000 m\u00b2 prostora u gradu Herasu s kapacitetom skladi\u0161tenja od pribli\u017eno milijun litara.<\/p>\n<p>Osim \u0161to je najve\u0107a vinarija u Kantabriji.<\/p>\n<p>Oni su sjajan tim od vi\u0161e od 30 ljudi posve\u0107enih pru\u017eanju najboljih proizvoda i usluga kupcima, \u0161to nas izdvaja.<\/p>\n<p>&nbsp;<\/p>\n","protected":false},"excerpt":{"rendered":"<p>Verm\u00fa los C\u00e1ntabros je po\u010dast svim onim mu\u0161karcima i \u017eenama koji su sa\u010duvali i \u0161irili na\u0161u kulturu. Tako\u0111er na\u0161i korijeni i tradicije, popra\u0107eni sajmovima, festivalima, igrama i gastronomijom, od mora do planina na\u0161e voljene Kantabrije. Ovaj proizvod puni Bodegas Igarmi. Bodegas Igarmi je utjelovljenje tradicije koju od 1890. godine karakterizira kvaliteta i usluga korisnicima. Obiteljski [&hellip;]<\/p>\n","protected":false},"featured_media":27296,"template":"","meta":{"_et_pb_use_builder":"","_et_pb_old_content":"","_et_gb_content_width":""},"product_brand":[1244,1245],"product_cat":[4919,5795],"product_tag":[5796],"class_list":{"0":"post-27288","1":"product","2":"type-product","3":"status-publish","4":"has-post-thumbnail","6":"product_brand-igarmi","7":"product_brand-los-cantabros","8":"product_cat-pica","9":"product_cat-vermut-hr","10":"product_tag-igarmi-hr","12":"first","13":"instock","14":"taxable","15":"shipping-taxable","16":"purchasable","17":"product-type-variable"},"_links":{"self":[{"href":"https:\/\/myspainfood.com\/hr\/wp-json\/wp\/v2\/product\/27288","targetHints":{"allow":["GET"]}}],"collection":[{"href":"https:\/\/myspainfood.com\/hr\/wp-json\/wp\/v2\/product"}],"about":[{"href":"https:\/\/myspainfood.com\/hr\/wp-json\/wp\/v2\/types\/product"}],"wp:featuredmedia":[{"embeddable":true,"href":"https:\/\/myspainfood.com\/hr\/wp-json\/wp\/v2\/media\/27296"}],"wp:attachment":[{"href":"https:\/\/myspainfood.com\/hr\/wp-json\/wp\/v2\/media?parent=27288"}],"wp:term":[{"taxonomy":"product_brand","embeddable":true,"href":"https:\/\/myspainfood.com\/hr\/wp-json\/wp\/v2\/product_brand?post=27288"},{"taxonomy":"product_cat","embeddable":true,"href":"https:\/\/myspainfood.com\/hr\/wp-json\/wp\/v2\/product_cat?post=27288"},{"taxonomy":"product_tag","embeddable":true,"href":"https:\/\/myspainfood.com\/hr\/wp-json\/wp\/v2\/product_tag?post=27288"}],"curies":[{"name":"wp","href":"https:\/\/api.w.org\/{rel}","templated":true}]}}