{"id":27673,"date":"2025-04-10T12:07:50","date_gmt":"2025-04-10T10:07:50","guid":{"rendered":"https:\/\/myspainfood.com\/producto\/almagro-varijantna-maslina-760-gr\/"},"modified":"2025-04-10T12:07:50","modified_gmt":"2025-04-10T10:07:50","slug":"almagro-varijantna-maslina-760-gr","status":"publish","type":"product","link":"https:\/\/myspainfood.com\/hr\/producto\/almagro-varijantna-maslina-760-gr\/","title":{"rendered":"Almagro varijantna maslina 760 gr"},"content":{"rendered":"<p>Almagro Variant Masline 760 gr \u2013 Samijeva Trgovina<\/p>\n<p>Maslina s okusom patlid\u017eanaMaslina s okusom patlid\u017eanaMaslina blagog okusa. Odva\u017eno predjelo koje je uvijek ukusno i idealan dodatak jelima pripremljenim na \u017elicu. Mogu se u\u017eivati \u200b\u200buz \u010da\u0161u vina.  <\/p>\n","protected":false},"excerpt":{"rendered":"<p>Almagro Variant Masline 760 gr \u2013 Samijeva Trgovina Maslina s okusom patlid\u017eanaMaslina s okusom patlid\u017eanaMaslina blagog okusa. Odva\u017eno predjelo koje je uvijek ukusno i idealan dodatak jelima pripremljenim na \u017elicu. Mogu se u\u017eivati \u200b\u200buz \u010da\u0161u vina.<\/p>\n","protected":false},"featured_media":27678,"template":"","meta":{"_et_pb_use_builder":"","_et_pb_old_content":"","_et_gb_content_width":""},"product_brand":[1057],"product_cat":[1791,1792],"product_tag":[3970],"class_list":{"0":"post-27673","1":"product","2":"type-product","3":"status-publish","4":"has-post-thumbnail","6":"product_brand-la-encajera","7":"product_cat-kiseli-krastavci","8":"product_cat-masline-hr","9":"product_tag-almagro-hr","11":"first","12":"outofstock","13":"taxable","14":"shipping-taxable","15":"product-type-variable"},"_links":{"self":[{"href":"https:\/\/myspainfood.com\/hr\/wp-json\/wp\/v2\/product\/27673","targetHints":{"allow":["GET"]}}],"collection":[{"href":"https:\/\/myspainfood.com\/hr\/wp-json\/wp\/v2\/product"}],"about":[{"href":"https:\/\/myspainfood.com\/hr\/wp-json\/wp\/v2\/types\/product"}],"wp:featuredmedia":[{"embeddable":true,"href":"https:\/\/myspainfood.com\/hr\/wp-json\/wp\/v2\/media\/27678"}],"wp:attachment":[{"href":"https:\/\/myspainfood.com\/hr\/wp-json\/wp\/v2\/media?parent=27673"}],"wp:term":[{"taxonomy":"product_brand","embeddable":true,"href":"https:\/\/myspainfood.com\/hr\/wp-json\/wp\/v2\/product_brand?post=27673"},{"taxonomy":"product_cat","embeddable":true,"href":"https:\/\/myspainfood.com\/hr\/wp-json\/wp\/v2\/product_cat?post=27673"},{"taxonomy":"product_tag","embeddable":true,"href":"https:\/\/myspainfood.com\/hr\/wp-json\/wp\/v2\/product_tag?post=27673"}],"curies":[{"name":"wp","href":"https:\/\/api.w.org\/{rel}","templated":true}]}}