{"id":28301,"date":"2025-04-10T12:07:16","date_gmt":"2025-04-10T10:07:16","guid":{"rendered":"https:\/\/myspainfood.com\/producto\/cvjetni-med-500-gr\/"},"modified":"2025-04-10T12:07:16","modified_gmt":"2025-04-10T10:07:16","slug":"cvjetni-med-500-gr","status":"publish","type":"product","link":"https:\/\/myspainfood.com\/hr\/producto\/cvjetni-med-500-gr\/","title":{"rendered":"Cvjetni med 500 gr"},"content":{"rendered":"<p>Cvjetni med 500 g je proizvod proizveden u na\u0161im opse\u017enim pogonima opremljenim automatiziranim <a href=\"https:\/\/es.wikipedia.org\/wiki\/Miel\" target=\"_blank\" rel=\"noopener noreferrer nofollow\">proizvodnim<\/a> linijama i integriranim sustavom kvalitete.<\/p>\n<p>Nakon procesa berbe koji provode iskusni p\u010delari, proizvod se pakira postupkom koji osigurava maksimalno o\u010duvanje njegovih prirodnih svojstava.<\/p>\n<p>Ovaj se proizvod razvija zahvaljuju\u0107i iskustvu, znanju i entuzijazmu svih nas koji \u010dinimo tvrtku, s uravnote\u017eenom predano\u0161\u0107u najboljim tradicijama, o\u010duvanju dobrog rada iz pro\u0161lih vremena i kroz proizvodne procese koji osiguravaju <strong>kvalitetu kona\u010dnog proizvoda.<\/strong><\/p>\n<p>Med je potpuna hrana koju p\u010dele proizvode od nektara koji vade iz cvjetova.<\/p>\n<p>To je zlatna, viskozna, slatka i ukusna teku\u0107ina koju p\u010dele pohranjuju kako bi se hranile tijekom ljeta.<\/p>\n<p>Ima mnoge prednosti kao \u0161to su:<\/p>\n<ul>\n<li>To je zamjena za \u0161e\u0107er. Prirodno i ukusno. <\/li>\n<li>Ja\u010da va\u0161u obranu. Organski vas \u0161titi. <\/li>\n<li>Sprje\u010dava infekcije. Pazite na svoje zdravlje. <\/li>\n<li>To vam daje dodatnu energiju u svakodnevnom \u017eivotu.<\/li>\n<li>  Poma\u017ee u poticanju probave<\/li>\n<\/ul>\n<p>Ako \u017eelite kupiti 500 g cvjetnog meda ili bilo koju drugu vrstu <a href=\"https:\/\/latiendadesami.com\/categoria-producto\/conservas\/\" rel=\"noopener noreferrer nofollow\" target=\"_blank\">konzerviranog vo\u0107a<\/a> , slobodno pogledajte cijeli na\u0161 online katalog kako biste vidjeli \u0161irok izbor koji imamo.<\/p>\n<p>Pi\u0161ite nam za vi\u0161e informacija.<\/p>\n","protected":false},"excerpt":{"rendered":"<p>Cvjetni med 500 gr<\/p>\n","protected":false},"featured_media":28311,"template":"","meta":{"_et_pb_use_builder":"","_et_pb_old_content":"","_et_gb_content_width":""},"product_brand":[1210],"product_cat":[1917,3073],"product_tag":[],"class_list":{"0":"post-28301","1":"product","2":"type-product","3":"status-publish","4":"has-post-thumbnail","6":"product_brand-la-celda-real","7":"product_cat-konzerve","8":"product_cat-med-hr","10":"first","11":"instock","12":"taxable","13":"shipping-taxable","14":"product-type-variable"},"_links":{"self":[{"href":"https:\/\/myspainfood.com\/hr\/wp-json\/wp\/v2\/product\/28301","targetHints":{"allow":["GET"]}}],"collection":[{"href":"https:\/\/myspainfood.com\/hr\/wp-json\/wp\/v2\/product"}],"about":[{"href":"https:\/\/myspainfood.com\/hr\/wp-json\/wp\/v2\/types\/product"}],"wp:featuredmedia":[{"embeddable":true,"href":"https:\/\/myspainfood.com\/hr\/wp-json\/wp\/v2\/media\/28311"}],"wp:attachment":[{"href":"https:\/\/myspainfood.com\/hr\/wp-json\/wp\/v2\/media?parent=28301"}],"wp:term":[{"taxonomy":"product_brand","embeddable":true,"href":"https:\/\/myspainfood.com\/hr\/wp-json\/wp\/v2\/product_brand?post=28301"},{"taxonomy":"product_cat","embeddable":true,"href":"https:\/\/myspainfood.com\/hr\/wp-json\/wp\/v2\/product_cat?post=28301"},{"taxonomy":"product_tag","embeddable":true,"href":"https:\/\/myspainfood.com\/hr\/wp-json\/wp\/v2\/product_tag?post=28301"}],"curies":[{"name":"wp","href":"https:\/\/api.w.org\/{rel}","templated":true}]}}