{"id":28531,"date":"2025-04-10T12:07:50","date_gmt":"2025-04-10T10:07:50","guid":{"rendered":"https:\/\/myspainfood.com\/producto\/breskva-u-sirupu-oti-530-gr-12-jedinica\/"},"modified":"2025-04-10T12:07:50","modified_gmt":"2025-04-10T10:07:50","slug":"breskva-u-sirupu-oti-530-gr-12-jedinica","status":"publish","type":"product","link":"https:\/\/myspainfood.com\/hr\/producto\/breskva-u-sirupu-oti-530-gr-12-jedinica\/","title":{"rendered":"Breskva u sirupu Oti 530 gr 12 jedinica"},"content":{"rendered":"<p>Vo\u0107e u sirupu je vrsta d\u017eema1 koji se dobiva od komadi\u0107a vo\u0107a (mogu biti kvadrati, polovice, \u010detvrtine, kri\u0161ke, julienne), koji se kuhaju sa sirupom ili \u0161e\u0107ernom trskom dok se ne zgusne. U ovom procesu dolazi do izmjene ili istiskivanja vode iz hipotoni\u010dnog medija (gdje je manja koli\u010dina otopljenih tvari) u hipertoni\u010dni medij (gdje je ve\u0107a koli\u010dina otopljenih tvari) koja se zamjenjuje otopljenim tvarima (topljivim \u010dvrstim tvarima ss) koje se nalaze u hipertoni\u010dnom mediju, odnosno vodom sadr\u017eanom u listovima ploda i \u0161e\u0107erima iz sirupa koji ulaze u njega. Ovaj postupak se koristi za o\u010duvanje vo\u0107a za konzumaciju nakon duljeg vremenskog razdoblja.    <\/p>\n","protected":false},"excerpt":{"rendered":"<p>Vo\u0107e u sirupu je vrsta d\u017eema1 koji se dobiva od komadi\u0107a vo\u0107a (mogu biti kvadrati, polovice, \u010detvrtine, kri\u0161ke, julienne), koji se kuhaju sa sirupom ili \u0161e\u0107ernom trskom dok se ne zgusne. U ovom procesu dolazi do izmjene ili istiskivanja vode iz hipotoni\u010dnog medija (gdje je manja koli\u010dina otopljenih tvari) u hipertoni\u010dni medij (gdje je ve\u0107a [&hellip;]<\/p>\n","protected":false},"featured_media":25249,"template":"","meta":{"_et_pb_use_builder":"","_et_pb_old_content":"","_et_gb_content_width":""},"product_brand":[1075],"product_cat":[5135,1917],"product_tag":[3221],"class_list":{"0":"post-28531","1":"product","2":"type-product","3":"status-publish","4":"has-post-thumbnail","6":"product_brand-oti","7":"product_cat-breskva","8":"product_cat-konzerve","9":"product_tag-sirup-hr","11":"first","12":"outofstock","13":"sale","14":"taxable","15":"shipping-taxable","16":"purchasable","17":"product-type-simple"},"_links":{"self":[{"href":"https:\/\/myspainfood.com\/hr\/wp-json\/wp\/v2\/product\/28531","targetHints":{"allow":["GET"]}}],"collection":[{"href":"https:\/\/myspainfood.com\/hr\/wp-json\/wp\/v2\/product"}],"about":[{"href":"https:\/\/myspainfood.com\/hr\/wp-json\/wp\/v2\/types\/product"}],"wp:featuredmedia":[{"embeddable":true,"href":"https:\/\/myspainfood.com\/hr\/wp-json\/wp\/v2\/media\/25249"}],"wp:attachment":[{"href":"https:\/\/myspainfood.com\/hr\/wp-json\/wp\/v2\/media?parent=28531"}],"wp:term":[{"taxonomy":"product_brand","embeddable":true,"href":"https:\/\/myspainfood.com\/hr\/wp-json\/wp\/v2\/product_brand?post=28531"},{"taxonomy":"product_cat","embeddable":true,"href":"https:\/\/myspainfood.com\/hr\/wp-json\/wp\/v2\/product_cat?post=28531"},{"taxonomy":"product_tag","embeddable":true,"href":"https:\/\/myspainfood.com\/hr\/wp-json\/wp\/v2\/product_tag?post=28531"}],"curies":[{"name":"wp","href":"https:\/\/api.w.org\/{rel}","templated":true}]}}