{"id":28963,"date":"2025-04-10T12:08:22","date_gmt":"2025-04-10T10:08:22","guid":{"rendered":"https:\/\/myspainfood.com\/producto\/bakalar-30-40-cijeli-slani-farski\/"},"modified":"2025-06-24T16:20:21","modified_gmt":"2025-06-24T14:20:21","slug":"bakalar-30-40-cijeli-slani-farski","status":"publish","type":"product","link":"https:\/\/myspainfood.com\/hr\/producto\/bakalar-30-40-cijeli-slani-farski\/","title":{"rendered":"Bakalar 30\/40 Cijeli slani Farski"},"content":{"rendered":"<div class=\"et_pb_tab clearfix et_pb_active_content et-pb-active-slide\">\n<div class=\"et_pb_tab_content\">\n<p><a href=\"https:\/\/labarajilla.es\/bacalao\/\" target=\"_blank\" rel=\"noopener noreferrer nofollow\">La Barajilla<\/a> -in cijeli usoljeni farski bakalar 30\/40 temelji se na cijelom komadu bakalara prepolovljenog, usoljenog i su\u0161enog.<\/p>\n<p>Osnova za pripremu regionalnih jela prema tradicijama svake zemlje.<\/p>\n<ul>\n<li><strong>VELI\u010cINA<\/strong> : 30\/40<\/li>\n<li><strong>VRSTA<\/strong> : Bakalar (Gadus Morhua)<u><\/u><u><\/u><\/li>\n<li><strong>RIBOLOVNO PODRU\u010cJE<\/strong> : Sjeverozapadni Atlantik (FAO 27)<u><\/u><u><\/u><\/li>\n<li><strong>SKLADI\u0160TENJE<\/strong> : izme\u0111u 0\u00baC i 5\u00baC<\/li>\n<\/ul>\n<p>S nutritivnog gledi\u0161ta, bakalar je hrana bogata proteinima visoke biolo\u0161ke vrijednosti i probavljivosti, s niskim udjelom masti i kalorija.<\/p>\n<p>Sadr\u017eaj vode je oko 80% (u svje\u017eem bakalaru).<\/p>\n<p>Ovaj bakalar je dobar izvor vitamina (uglavnom skupine B) i minerala esencijalnih za tijelo.<\/p>\n<p>Svje\u017ei ili odsoljeni bakalar mogu konzumirati osobe s visokim krvnim tlakom jer ima malo natrija, a mnogo kalija.<\/p>\n<p>\u201eBakalar\u201c je uobi\u010dajeni naziv za nekoliko vrsta riba iz roda Gadus, iako neke iz istog roda mogu imati i druga imena.<\/p>\n<p>Naj\u010de\u0161\u0107a vrsta je atlantski bakalar (Gadus morhua ili obi\u010dni bakalar).<\/p>\n<p>Ako \u017eelite kupiti 30\/40 cijeli slani farski bakalar ili bilo koju drugu vrstu <a href=\"https:\/\/latiendadesami.com\/categoria-producto\/frio\/\" rel=\"noopener noreferrer nofollow\" target=\"_blank\">hladnog<\/a> proizvoda, slobodno pogledajte cijeli na\u0161 online katalog kako biste vidjeli \u0161irok izbor bakalara koji imamo.<\/p>\n<p>Pi\u0161ite nam za vi\u0161e informacija.<\/p>\n<\/div>\n<\/div>\n","protected":false},"excerpt":{"rendered":"<p>La Barajilla -in cijeli usoljeni farski bakalar 30\/40 temelji se na cijelom komadu bakalara prepolovljenog, usoljenog i su\u0161enog. Osnova za pripremu regionalnih jela prema tradicijama svake zemlje. VELI\u010cINA : 30\/40 VRSTA : Bakalar (Gadus Morhua) RIBOLOVNO PODRU\u010cJE : Sjeverozapadni Atlantik (FAO 27) SKLADI\u0160TENJE : izme\u0111u 0\u00baC i 5\u00baC S nutritivnog gledi\u0161ta, bakalar je hrana bogata [&hellip;]<\/p>\n","protected":false},"featured_media":28972,"template":"","meta":{"_et_pb_use_builder":"","_et_pb_old_content":"","_et_gb_content_width":""},"product_brand":[1290],"product_cat":[3557,1876],"product_tag":[],"class_list":{"0":"post-28963","1":"product","2":"type-product","3":"status-publish","4":"has-post-thumbnail","6":"product_brand-la-barajilla","7":"product_cat-bakalar","8":"product_cat-hladno-hr","9":"product_shipping_class-hladna-dostava","11":"first","12":"instock","13":"taxable","14":"shipping-taxable","15":"purchasable","16":"product-type-variable"},"_links":{"self":[{"href":"https:\/\/myspainfood.com\/hr\/wp-json\/wp\/v2\/product\/28963","targetHints":{"allow":["GET"]}}],"collection":[{"href":"https:\/\/myspainfood.com\/hr\/wp-json\/wp\/v2\/product"}],"about":[{"href":"https:\/\/myspainfood.com\/hr\/wp-json\/wp\/v2\/types\/product"}],"wp:featuredmedia":[{"embeddable":true,"href":"https:\/\/myspainfood.com\/hr\/wp-json\/wp\/v2\/media\/28972"}],"wp:attachment":[{"href":"https:\/\/myspainfood.com\/hr\/wp-json\/wp\/v2\/media?parent=28963"}],"wp:term":[{"taxonomy":"product_brand","embeddable":true,"href":"https:\/\/myspainfood.com\/hr\/wp-json\/wp\/v2\/product_brand?post=28963"},{"taxonomy":"product_cat","embeddable":true,"href":"https:\/\/myspainfood.com\/hr\/wp-json\/wp\/v2\/product_cat?post=28963"},{"taxonomy":"product_tag","embeddable":true,"href":"https:\/\/myspainfood.com\/hr\/wp-json\/wp\/v2\/product_tag?post=28963"}],"curies":[{"name":"wp","href":"https:\/\/api.w.org\/{rel}","templated":true}]}}