{"id":29258,"date":"2025-04-10T12:08:11","date_gmt":"2025-04-10T10:08:11","guid":{"rendered":"https:\/\/myspainfood.com\/producto\/sirni-delicije-s-incunima-75-komada\/"},"modified":"2026-04-24T07:45:52","modified_gmt":"2026-04-24T05:45:52","slug":"sirni-delicije-s-incunima-75-komada","status":"publish","type":"product","link":"https:\/\/myspainfood.com\/hr\/producto\/sirni-delicije-s-incunima-75-komada\/","title":{"rendered":"Sirni delicije s in\u0107unima 75 komada"},"content":{"rendered":"<p>Ulje (85% suncokretovo, 15% maslinovo), maslina punjena <strong>in\u0107unima<\/strong> , file <strong>in\u0107una<\/strong> , polusu\u0161eni sir, paprika piparra i crvena paprika.<\/p>\n","protected":false},"excerpt":{"rendered":"<p>Ulje (85% suncokretovo, 15% maslinovo), maslina punjena in\u0107unima , file in\u0107una , polusu\u0161eni sir, paprika piparra i crvena paprika.<\/p>\n","protected":false},"featured_media":29260,"template":"","meta":{"_et_pb_use_builder":"","_et_pb_old_content":"","_et_gb_content_width":""},"product_brand":[],"product_cat":[1876,1877,1791,1792,1878],"product_tag":[],"class_list":{"0":"post-29258","1":"product","2":"type-product","3":"status-publish","4":"has-post-thumbnail","6":"product_cat-hladno-hr","7":"product_cat-incuni","8":"product_cat-kiseli-krastavci","9":"product_cat-masline-hr","10":"product_cat-pintxos-hr","11":"product_shipping_class-hladna-dostava","13":"first","14":"outofstock","15":"taxable","16":"shipping-taxable","17":"purchasable","18":"product-type-simple"},"_links":{"self":[{"href":"https:\/\/myspainfood.com\/hr\/wp-json\/wp\/v2\/product\/29258","targetHints":{"allow":["GET"]}}],"collection":[{"href":"https:\/\/myspainfood.com\/hr\/wp-json\/wp\/v2\/product"}],"about":[{"href":"https:\/\/myspainfood.com\/hr\/wp-json\/wp\/v2\/types\/product"}],"wp:featuredmedia":[{"embeddable":true,"href":"https:\/\/myspainfood.com\/hr\/wp-json\/wp\/v2\/media\/29260"}],"wp:attachment":[{"href":"https:\/\/myspainfood.com\/hr\/wp-json\/wp\/v2\/media?parent=29258"}],"wp:term":[{"taxonomy":"product_brand","embeddable":true,"href":"https:\/\/myspainfood.com\/hr\/wp-json\/wp\/v2\/product_brand?post=29258"},{"taxonomy":"product_cat","embeddable":true,"href":"https:\/\/myspainfood.com\/hr\/wp-json\/wp\/v2\/product_cat?post=29258"},{"taxonomy":"product_tag","embeddable":true,"href":"https:\/\/myspainfood.com\/hr\/wp-json\/wp\/v2\/product_tag?post=29258"}],"curies":[{"name":"wp","href":"https:\/\/api.w.org\/{rel}","templated":true}]}}