{"id":29907,"date":"2025-04-10T12:08:04","date_gmt":"2025-04-10T10:08:04","guid":{"rendered":"https:\/\/myspainfood.com\/producto\/pasteta-od-guscje-jetre-90-canard-chopchop-150-gr\/"},"modified":"2025-07-28T10:34:53","modified_gmt":"2025-07-28T08:34:53","slug":"pasteta-od-guscje-jetre-90-canard-chopchop-150-gr","status":"publish","type":"product","link":"https:\/\/myspainfood.com\/hr\/producto\/pasteta-od-guscje-jetre-90-canard-chopchop-150-gr\/","title":{"rendered":"Pa\u0161teta od gu\u0161\u010dje jetre 90% Canard Chop&amp;chop 150 gr"},"content":{"rendered":"<p>PICAR&amp;PICAR ima vrhunsku Bloc Foie Gras u posudama od 150 g.<\/p>\n<p> <strong>Foie gras de canard<\/strong> ima intenzivniji okus, savr\u0161en kao prilog jelima u bilo koje vrijeme ili kao sastojak u kuhanju.<\/p>\n","protected":false},"excerpt":{"rendered":"<p>PICAR&amp;PICAR ima vrhunsku Bloc Foie Gras u posudama od 150 g. Foie gras de canard ima intenzivniji okus, savr\u0161en kao prilog jelima u bilo koje vrijeme ili kao sastojak u kuhanju.<\/p>\n","protected":false},"featured_media":29910,"template":"","meta":{"_et_pb_use_builder":"","_et_pb_old_content":"","_et_gb_content_width":""},"product_brand":[1127],"product_cat":[6605,1876],"product_tag":[],"class_list":{"0":"post-29907","1":"product","2":"type-product","3":"status-publish","4":"has-post-thumbnail","6":"product_brand-picarpicar","7":"product_cat-guscja-jetra","8":"product_cat-hladno-hr","9":"product_shipping_class-hladna-dostava","11":"first","12":"outofstock","13":"sale","14":"featured","15":"taxable","16":"shipping-taxable","17":"purchasable","18":"product-type-simple"},"_links":{"self":[{"href":"https:\/\/myspainfood.com\/hr\/wp-json\/wp\/v2\/product\/29907","targetHints":{"allow":["GET"]}}],"collection":[{"href":"https:\/\/myspainfood.com\/hr\/wp-json\/wp\/v2\/product"}],"about":[{"href":"https:\/\/myspainfood.com\/hr\/wp-json\/wp\/v2\/types\/product"}],"wp:featuredmedia":[{"embeddable":true,"href":"https:\/\/myspainfood.com\/hr\/wp-json\/wp\/v2\/media\/29910"}],"wp:attachment":[{"href":"https:\/\/myspainfood.com\/hr\/wp-json\/wp\/v2\/media?parent=29907"}],"wp:term":[{"taxonomy":"product_brand","embeddable":true,"href":"https:\/\/myspainfood.com\/hr\/wp-json\/wp\/v2\/product_brand?post=29907"},{"taxonomy":"product_cat","embeddable":true,"href":"https:\/\/myspainfood.com\/hr\/wp-json\/wp\/v2\/product_cat?post=29907"},{"taxonomy":"product_tag","embeddable":true,"href":"https:\/\/myspainfood.com\/hr\/wp-json\/wp\/v2\/product_tag?post=29907"}],"curies":[{"name":"wp","href":"https:\/\/api.w.org\/{rel}","templated":true}]}}